{"id":2329,"date":"2014-12-09T13:04:09","date_gmt":"2014-12-09T13:04:09","guid":{"rendered":"https:\/\/www.hsbidentification.com\/our-solutions\/la-securite-publique\/multimodal-abis-for-special-operations\/"},"modified":"2020-12-24T16:01:39","modified_gmt":"2020-12-24T16:01:39","slug":"abis-multimodal-pour-operations-speciales","status":"publish","type":"page","link":"https:\/\/www.hsbidentification.com\/fr\/nos-solutions\/la-securite-publique\/abis-multimodal-pour-operations-speciales\/","title":{"rendered":"ABIS multimodal pour op\u00e9rations sp\u00e9ciales"},"content":{"rendered":"<hr \/>\n<p><strong>HSB a con\u00e7u, d\u00e9velopp\u00e9 et d\u00e9ploy\u00e9 une nouvelle g\u00e9n\u00e9ration d&rsquo;ABIS pour un Minist\u00e8re de la D\u00e9fense . Dans ce syst\u00e8me, de multiples modalit\u00e9s sont int\u00e9gr\u00e9es comme les empreintes digitales, le visage, l&rsquo;iris, la voix et l&rsquo;ADN.<\/strong><\/p>\n<p>L&rsquo;objectif principal de ce projet est de cr\u00e9er un syst\u00e8me biom\u00e9trique flexible qui peut \u00eatre utilis\u00e9 pour le contr\u00f4le d&rsquo;acc\u00e8s (v\u00e9rification biom\u00e9trique) ainsi que pour l&rsquo;application de la loi pour les op\u00e9rations de renseignement (biom\u00e9trie m\u00e9dico-l\u00e9gale). Cliquez ici pour plus d&rsquo;informations sur le HSB ABIS .<\/p>\n<p>Le syst\u00e8me est d\u00e9ploy\u00e9 dans plusieurs missions de formation et test\u00e9 avec des bases de donn\u00e9es volumineuses pour rendre la solution plus mature.<\/p>\n<p><img loading=\"lazy\" decoding=\"async\" class=\"alignnone\" src=\"https:\/\/www.hsbidentification.com\/wp-content\/uploads\/2014\/12\/NGABIS_screen.jpg\" alt=\"HSB ABIS_screen\" width=\"380\" height=\"193\" \/><\/p>\n<h4>Pourrait vous int\u00e9resser:<\/h4>\n<div class=\"uk-grid\">\n<div class=\"uk-width-medium-1-3\">\n<div class=\"uk-alert\">\n<h3 align=\"center\">HSB ABIS<\/h3>\n<div align=\"center\"><a href=\"https:\/\/www.hsbidentification.com\/fr\/our-products\/logiciel-bioregistrator\/hsb-abis\/\"><img loading=\"lazy\" decoding=\"async\" class=\"alignnone size-full wp-image-1642\" src=\"https:\/\/www.hsbidentification.com\/wp-content\/uploads\/2015\/07\/HSB-ABIS-mboi.jpg\" alt=\"HSB ABIS\" width=\"150\" height=\"150\" \/><\/a><\/div>\n<p align=\"center\"><a href=\"https:\/\/www.hsbidentification.com\/fr\/our-products\/logiciel-bioregistrator\/hsb-abis\/\">Syst\u00e8me d&rsquo;identification biom\u00e9trique automatis\u00e9 de nouvelle g\u00e9n\u00e9ration.<\/a> <a href=\"https:\/\/www.hsbidentification.com\/fr\/our-products\/logiciel-bioregistrator\/hsb-abis\/\"><strong>Lire la suite&#8230;<\/strong><\/a><\/p>\n<p class=\"seotext\">HSB ABIS est un syst\u00e8me d&rsquo;identification biom\u00e9trique automatis\u00e9 multimodal de nouvelle g\u00e9n\u00e9ration. Il sert de plate-forme de stockage et de mise en correspondance, pour collecter et rechercher toutes sortes de donn\u00e9es biom\u00e9triques et personnelles. Il fait partie de la suite de produits BioRegistrator\u00ae.<\/p>\n<p class=\"seotext\">HSB ABIS est un syst\u00e8me ouvert et flexible avec plusieurs innovations. Il est utilis\u00e9 pour la v\u00e9rification, l&rsquo;identification, la d\u00e9duplication et les applications m\u00e9dico-l\u00e9gales. L&rsquo;interface utilisateur Web moderne facilite le d\u00e9ploiement.<\/p>\n<\/div>\n<\/div>\n<div class=\"uk-width-medium-1-3\">\n<div class=\"uk-alert\">\n<h3 align=\"center\"><a href=\"https:\/\/www.hsbidentification.com\/fr\/our-products\/solution-denregistrement-biometrique\/\">Solution d\u2019enregistrement<\/a><\/h3>\n<div align=\"center\"><a href=\"https:\/\/www.hsbidentification.com\/fr\/our-products\/solution-denregistrement-biometrique\/\"><img loading=\"lazy\" decoding=\"async\" class=\"alignnone size-full wp-image-1651\" src=\"https:\/\/www.hsbidentification.com\/wp-content\/uploads\/2015\/06\/biometric-registration-kit.jpg\" alt=\"Biometric Registration Kit\" width=\"150\" height=\"150\" srcset=\"https:\/\/www.hsbidentification.com\/wp-content\/uploads\/2015\/06\/biometric-registration-kit.jpg 250w, https:\/\/www.hsbidentification.com\/wp-content\/uploads\/2015\/06\/biometric-registration-kit-150x150.jpg 150w\" sizes=\"auto, (max-width: 150px) 100vw, 150px\" \/><\/a><\/div>\n<p align=\"center\"><a href=\"https:\/\/www.hsbidentification.com\/fr\/our-products\/solution-denregistrement-biometrique\/\">Cr\u00e9ation d&rsquo;un identifiant unique utilisant la biom\u00e9trie \u00e0 l&rsquo;aide de kits d&rsquo;enregistrement biom\u00e9triques.<\/a> <a href=\"https:\/\/www.hsbidentification.com\/fr\/our-products\/solution-denregistrement-biometrique\/\"><strong>Lire la suite&#8230;<\/strong><\/a><\/p>\n<p class=\"seotext\">HSB identification a fait ses preuves dans la conception de solutions biom\u00e9triques flexibles dans des bo\u00eetiers robustes \u00e0 des fins d&rsquo;enregistrement, d&rsquo;identification et de v\u00e9rification. Diverses solutions ont \u00e9t\u00e9 propos\u00e9es dans le monde entier. Les composants des kits d&rsquo;enregistrement biom\u00e9trique ont surv\u00e9cu \u00e0 des conditions difficiles, prot\u00e9g\u00e9s par des bo\u00eetiers en aluminium et en ABS.<\/p>\n<\/div>\n<\/div>\n<div class=\"uk-width-medium-1-3\">\n<div class=\"uk-alert\">\n<p>&nbsp;<\/p>\n<h3 align=\"center\"><a href=\"https:\/\/www.hsbidentification.com\/fr\/our-products\/adn-rapide\/\">ADN test rapide<\/a><\/h3>\n<div align=\"center\"><a href=\"https:\/\/www.hsbidentification.com\/fr\/our-products\/adn-rapide\/\"><img loading=\"lazy\" decoding=\"async\" class=\"alignnone size-full wp-image-1642\" src=\"https:\/\/www.hsbidentification.com\/wp-content\/uploads\/2020\/02\/ANDE-1.png\" alt=\"Rapid DNA\" width=\"150\" height=\"150\" \/><\/a><\/div>\n<p align=\"center\"><a href=\"https:\/\/www.hsbidentification.com\/fr\/our-products\/adn-rapide\/\">ANDE ADN rapide<\/a>. <a href=\"https:\/\/www.hsbidentification.com\/fr\/our-products\/adn-rapide\/\"><strong>Lire la suite&#8230;<\/strong><\/a><\/p>\n<p class=\"seotext\">Identification rapide par ADN est une analyse enti\u00e8rement automatis\u00e9e d&rsquo;un \u00e9chantillon m\u00e9dico-l\u00e9gal, r\u00e9alis\u00e9e par un op\u00e9rateur non technique en dehors du laboratoire et avec une identification ADN (ID ADN) obtenue en moins de deux heures. L&rsquo;identifications \u00e0 travers l&rsquo;ADN est largement accept\u00e9e aujourd&rsquo;hui pour l&rsquo;identification humaine.<\/p>\n<\/div>\n<\/div>\n<\/div>\n","protected":false},"excerpt":{"rendered":"<p>HSB a con\u00e7u, d\u00e9velopp\u00e9 et d\u00e9ploy\u00e9 une nouvelle g\u00e9n\u00e9ration d&rsquo;ABIS pour un Minist\u00e8re de la D\u00e9fense . Dans ce syst\u00e8me, de multiples modalit\u00e9s sont int\u00e9gr\u00e9es comme les empreintes digitales, le visage, l&rsquo;iris, la voix et l&rsquo;ADN. L&rsquo;objectif principal de ce projet est de cr\u00e9er un syst\u00e8me biom\u00e9trique flexible qui peut \u00eatre utilis\u00e9 pour le contr\u00f4le [&hellip;]<\/p>\n","protected":false},"author":4,"featured_media":0,"parent":2319,"menu_order":0,"comment_status":"closed","ping_status":"closed","template":"","meta":{"_monsterinsights_skip_tracking":false,"_monsterinsights_sitenote_active":false,"_monsterinsights_sitenote_note":"","_monsterinsights_sitenote_category":0,"footnotes":""},"class_list":["post-2329","page","type-page","status-publish","hentry"],"yoast_head":"<!-- This site is optimized with the Yoast SEO plugin v26.7 - https:\/\/yoast.com\/wordpress\/plugins\/seo\/ -->\n<title>ABIS multimodal pour op\u00e9rations sp\u00e9ciales - HSB Identification<\/title>\n<meta name=\"description\" content=\"ABIS multimodal d\u00e9velopp\u00e9 pour le minist\u00e8re de la D\u00e9fense\" \/>\n<meta name=\"robots\" content=\"index, follow, max-snippet:-1, max-image-preview:large, max-video-preview:-1\" \/>\n<link rel=\"canonical\" href=\"https:\/\/www.hsbidentification.com\/fr\/nos-solutions\/la-securite-publique\/abis-multimodal-pour-operations-speciales\/\" \/>\n<meta property=\"og:locale\" content=\"fr_FR\" \/>\n<meta property=\"og:type\" content=\"article\" \/>\n<meta property=\"og:title\" content=\"ABIS multimodal pour op\u00e9rations sp\u00e9ciales - HSB Identification\" \/>\n<meta property=\"og:description\" content=\"ABIS multimodal d\u00e9velopp\u00e9 pour le minist\u00e8re de la D\u00e9fense\" \/>\n<meta property=\"og:url\" content=\"https:\/\/www.hsbidentification.com\/fr\/nos-solutions\/la-securite-publique\/abis-multimodal-pour-operations-speciales\/\" \/>\n<meta property=\"og:site_name\" content=\"HSB Identification\" \/>\n<meta property=\"article:modified_time\" content=\"2020-12-24T16:01:39+00:00\" \/>\n<meta property=\"og:image\" content=\"https:\/\/www.hsbidentification.com\/wp-content\/uploads\/2014\/12\/NGABIS_screen.jpg\" \/>\n<meta name=\"twitter:label1\" content=\"Dur\u00e9e de lecture estim\u00e9e\" \/>\n\t<meta name=\"twitter:data1\" content=\"2 minutes\" \/>\n<script type=\"application\/ld+json\" class=\"yoast-schema-graph\">{\"@context\":\"https:\/\/schema.org\",\"@graph\":[{\"@type\":\"WebPage\",\"@id\":\"https:\/\/www.hsbidentification.com\/fr\/nos-solutions\/la-securite-publique\/abis-multimodal-pour-operations-speciales\/\",\"url\":\"https:\/\/www.hsbidentification.com\/fr\/nos-solutions\/la-securite-publique\/abis-multimodal-pour-operations-speciales\/\",\"name\":\"ABIS multimodal pour op\u00e9rations sp\u00e9ciales - HSB Identification\",\"isPartOf\":{\"@id\":\"https:\/\/www.hsbidentification.com\/#website\"},\"primaryImageOfPage\":{\"@id\":\"https:\/\/www.hsbidentification.com\/fr\/nos-solutions\/la-securite-publique\/abis-multimodal-pour-operations-speciales\/#primaryimage\"},\"image\":{\"@id\":\"https:\/\/www.hsbidentification.com\/fr\/nos-solutions\/la-securite-publique\/abis-multimodal-pour-operations-speciales\/#primaryimage\"},\"thumbnailUrl\":\"https:\/\/www.hsbidentification.com\/wp-content\/uploads\/2014\/12\/NGABIS_screen.jpg\",\"datePublished\":\"2014-12-09T13:04:09+00:00\",\"dateModified\":\"2020-12-24T16:01:39+00:00\",\"description\":\"ABIS multimodal d\u00e9velopp\u00e9 pour le minist\u00e8re de la D\u00e9fense\",\"breadcrumb\":{\"@id\":\"https:\/\/www.hsbidentification.com\/fr\/nos-solutions\/la-securite-publique\/abis-multimodal-pour-operations-speciales\/#breadcrumb\"},\"inLanguage\":\"fr-FR\",\"potentialAction\":[{\"@type\":\"ReadAction\",\"target\":[\"https:\/\/www.hsbidentification.com\/fr\/nos-solutions\/la-securite-publique\/abis-multimodal-pour-operations-speciales\/\"]}]},{\"@type\":\"ImageObject\",\"inLanguage\":\"fr-FR\",\"@id\":\"https:\/\/www.hsbidentification.com\/fr\/nos-solutions\/la-securite-publique\/abis-multimodal-pour-operations-speciales\/#primaryimage\",\"url\":\"https:\/\/www.hsbidentification.com\/wp-content\/uploads\/2014\/12\/NGABIS_screen.jpg\",\"contentUrl\":\"https:\/\/www.hsbidentification.com\/wp-content\/uploads\/2014\/12\/NGABIS_screen.jpg\"},{\"@type\":\"BreadcrumbList\",\"@id\":\"https:\/\/www.hsbidentification.com\/fr\/nos-solutions\/la-securite-publique\/abis-multimodal-pour-operations-speciales\/#breadcrumb\",\"itemListElement\":[{\"@type\":\"ListItem\",\"position\":1,\"name\":\"Home\",\"item\":\"https:\/\/www.hsbidentification.com\/fr\/\"},{\"@type\":\"ListItem\",\"position\":2,\"name\":\"NOS SOLUTIONS\",\"item\":\"https:\/\/www.hsbidentification.com\/fr\/nos-solutions\/\"},{\"@type\":\"ListItem\",\"position\":3,\"name\":\"S\u00e9curit\u00e9 publique\",\"item\":\"https:\/\/www.hsbidentification.com\/fr\/nos-solutions\/la-securite-publique\/\"},{\"@type\":\"ListItem\",\"position\":4,\"name\":\"ABIS multimodal pour op\u00e9rations sp\u00e9ciales\"}]},{\"@type\":\"WebSite\",\"@id\":\"https:\/\/www.hsbidentification.com\/#website\",\"url\":\"https:\/\/www.hsbidentification.com\/\",\"name\":\"HSB Identification\",\"description\":\"Digital Identity Solutions\",\"publisher\":{\"@id\":\"https:\/\/www.hsbidentification.com\/#organization\"},\"potentialAction\":[{\"@type\":\"SearchAction\",\"target\":{\"@type\":\"EntryPoint\",\"urlTemplate\":\"https:\/\/www.hsbidentification.com\/?s={search_term_string}\"},\"query-input\":{\"@type\":\"PropertyValueSpecification\",\"valueRequired\":true,\"valueName\":\"search_term_string\"}}],\"inLanguage\":\"fr-FR\"},{\"@type\":\"Organization\",\"@id\":\"https:\/\/www.hsbidentification.com\/#organization\",\"name\":\"HSB Identification\",\"url\":\"https:\/\/www.hsbidentification.com\/\",\"logo\":{\"@type\":\"ImageObject\",\"inLanguage\":\"fr-FR\",\"@id\":\"https:\/\/www.hsbidentification.com\/#\/schema\/logo\/image\/\",\"url\":\"https:\/\/www.hsbidentification.com\/wp-content\/uploads\/2024\/05\/logo-HSB-2000x1000-1.png\",\"contentUrl\":\"https:\/\/www.hsbidentification.com\/wp-content\/uploads\/2024\/05\/logo-HSB-2000x1000-1.png\",\"width\":3926,\"height\":2135,\"caption\":\"HSB Identification\"},\"image\":{\"@id\":\"https:\/\/www.hsbidentification.com\/#\/schema\/logo\/image\/\"},\"sameAs\":[\"https:\/\/www.linkedin.com\/company\/hsb-identification\"]}]}<\/script>\n<!-- \/ Yoast SEO plugin. -->","yoast_head_json":{"title":"ABIS multimodal pour op\u00e9rations sp\u00e9ciales - HSB Identification","description":"ABIS multimodal d\u00e9velopp\u00e9 pour le minist\u00e8re de la D\u00e9fense","robots":{"index":"index","follow":"follow","max-snippet":"max-snippet:-1","max-image-preview":"max-image-preview:large","max-video-preview":"max-video-preview:-1"},"canonical":"https:\/\/www.hsbidentification.com\/fr\/nos-solutions\/la-securite-publique\/abis-multimodal-pour-operations-speciales\/","og_locale":"fr_FR","og_type":"article","og_title":"ABIS multimodal pour op\u00e9rations sp\u00e9ciales - HSB Identification","og_description":"ABIS multimodal d\u00e9velopp\u00e9 pour le minist\u00e8re de la D\u00e9fense","og_url":"https:\/\/www.hsbidentification.com\/fr\/nos-solutions\/la-securite-publique\/abis-multimodal-pour-operations-speciales\/","og_site_name":"HSB Identification","article_modified_time":"2020-12-24T16:01:39+00:00","og_image":[{"url":"https:\/\/www.hsbidentification.com\/wp-content\/uploads\/2014\/12\/NGABIS_screen.jpg","type":"","width":"","height":""}],"twitter_misc":{"Dur\u00e9e de lecture estim\u00e9e":"2 minutes"},"schema":{"@context":"https:\/\/schema.org","@graph":[{"@type":"WebPage","@id":"https:\/\/www.hsbidentification.com\/fr\/nos-solutions\/la-securite-publique\/abis-multimodal-pour-operations-speciales\/","url":"https:\/\/www.hsbidentification.com\/fr\/nos-solutions\/la-securite-publique\/abis-multimodal-pour-operations-speciales\/","name":"ABIS multimodal pour op\u00e9rations sp\u00e9ciales - HSB Identification","isPartOf":{"@id":"https:\/\/www.hsbidentification.com\/#website"},"primaryImageOfPage":{"@id":"https:\/\/www.hsbidentification.com\/fr\/nos-solutions\/la-securite-publique\/abis-multimodal-pour-operations-speciales\/#primaryimage"},"image":{"@id":"https:\/\/www.hsbidentification.com\/fr\/nos-solutions\/la-securite-publique\/abis-multimodal-pour-operations-speciales\/#primaryimage"},"thumbnailUrl":"https:\/\/www.hsbidentification.com\/wp-content\/uploads\/2014\/12\/NGABIS_screen.jpg","datePublished":"2014-12-09T13:04:09+00:00","dateModified":"2020-12-24T16:01:39+00:00","description":"ABIS multimodal d\u00e9velopp\u00e9 pour le minist\u00e8re de la D\u00e9fense","breadcrumb":{"@id":"https:\/\/www.hsbidentification.com\/fr\/nos-solutions\/la-securite-publique\/abis-multimodal-pour-operations-speciales\/#breadcrumb"},"inLanguage":"fr-FR","potentialAction":[{"@type":"ReadAction","target":["https:\/\/www.hsbidentification.com\/fr\/nos-solutions\/la-securite-publique\/abis-multimodal-pour-operations-speciales\/"]}]},{"@type":"ImageObject","inLanguage":"fr-FR","@id":"https:\/\/www.hsbidentification.com\/fr\/nos-solutions\/la-securite-publique\/abis-multimodal-pour-operations-speciales\/#primaryimage","url":"https:\/\/www.hsbidentification.com\/wp-content\/uploads\/2014\/12\/NGABIS_screen.jpg","contentUrl":"https:\/\/www.hsbidentification.com\/wp-content\/uploads\/2014\/12\/NGABIS_screen.jpg"},{"@type":"BreadcrumbList","@id":"https:\/\/www.hsbidentification.com\/fr\/nos-solutions\/la-securite-publique\/abis-multimodal-pour-operations-speciales\/#breadcrumb","itemListElement":[{"@type":"ListItem","position":1,"name":"Home","item":"https:\/\/www.hsbidentification.com\/fr\/"},{"@type":"ListItem","position":2,"name":"NOS SOLUTIONS","item":"https:\/\/www.hsbidentification.com\/fr\/nos-solutions\/"},{"@type":"ListItem","position":3,"name":"S\u00e9curit\u00e9 publique","item":"https:\/\/www.hsbidentification.com\/fr\/nos-solutions\/la-securite-publique\/"},{"@type":"ListItem","position":4,"name":"ABIS multimodal pour op\u00e9rations sp\u00e9ciales"}]},{"@type":"WebSite","@id":"https:\/\/www.hsbidentification.com\/#website","url":"https:\/\/www.hsbidentification.com\/","name":"HSB Identification","description":"Digital Identity Solutions","publisher":{"@id":"https:\/\/www.hsbidentification.com\/#organization"},"potentialAction":[{"@type":"SearchAction","target":{"@type":"EntryPoint","urlTemplate":"https:\/\/www.hsbidentification.com\/?s={search_term_string}"},"query-input":{"@type":"PropertyValueSpecification","valueRequired":true,"valueName":"search_term_string"}}],"inLanguage":"fr-FR"},{"@type":"Organization","@id":"https:\/\/www.hsbidentification.com\/#organization","name":"HSB Identification","url":"https:\/\/www.hsbidentification.com\/","logo":{"@type":"ImageObject","inLanguage":"fr-FR","@id":"https:\/\/www.hsbidentification.com\/#\/schema\/logo\/image\/","url":"https:\/\/www.hsbidentification.com\/wp-content\/uploads\/2024\/05\/logo-HSB-2000x1000-1.png","contentUrl":"https:\/\/www.hsbidentification.com\/wp-content\/uploads\/2024\/05\/logo-HSB-2000x1000-1.png","width":3926,"height":2135,"caption":"HSB Identification"},"image":{"@id":"https:\/\/www.hsbidentification.com\/#\/schema\/logo\/image\/"},"sameAs":["https:\/\/www.linkedin.com\/company\/hsb-identification"]}]}},"_links":{"self":[{"href":"https:\/\/www.hsbidentification.com\/fr\/wp-json\/wp\/v2\/pages\/2329","targetHints":{"allow":["GET"]}}],"collection":[{"href":"https:\/\/www.hsbidentification.com\/fr\/wp-json\/wp\/v2\/pages"}],"about":[{"href":"https:\/\/www.hsbidentification.com\/fr\/wp-json\/wp\/v2\/types\/page"}],"author":[{"embeddable":true,"href":"https:\/\/www.hsbidentification.com\/fr\/wp-json\/wp\/v2\/users\/4"}],"replies":[{"embeddable":true,"href":"https:\/\/www.hsbidentification.com\/fr\/wp-json\/wp\/v2\/comments?post=2329"}],"version-history":[{"count":12,"href":"https:\/\/www.hsbidentification.com\/fr\/wp-json\/wp\/v2\/pages\/2329\/revisions"}],"predecessor-version":[{"id":2914,"href":"https:\/\/www.hsbidentification.com\/fr\/wp-json\/wp\/v2\/pages\/2329\/revisions\/2914"}],"up":[{"embeddable":true,"href":"https:\/\/www.hsbidentification.com\/fr\/wp-json\/wp\/v2\/pages\/2319"}],"wp:attachment":[{"href":"https:\/\/www.hsbidentification.com\/fr\/wp-json\/wp\/v2\/media?parent=2329"}],"curies":[{"name":"wp","href":"https:\/\/api.w.org\/{rel}","templated":true}]}}