{"id":2325,"date":"2014-12-09T13:01:37","date_gmt":"2014-12-09T13:01:37","guid":{"rendered":"https:\/\/www.hsbidentification.com\/our-solutions\/la-securite-publique\/biometrics-in-prison-services\/"},"modified":"2020-12-24T16:03:21","modified_gmt":"2020-12-24T16:03:21","slug":"la-biometrie-dans-les-services-prisonniers","status":"publish","type":"page","link":"https:\/\/www.hsbidentification.com\/fr\/nos-solutions\/la-securite-publique\/la-biometrie-dans-les-services-prisonniers\/","title":{"rendered":"La biom\u00e9trie dans les services p\u00e9nitentiaires"},"content":{"rendered":"<hr \/>\n<p><strong>Pour am\u00e9liorer le processus d&rsquo;identification des criminels, le Minist\u00e8re de la justice des Pays-Bas a mis en place un programme national d&rsquo;identification biom\u00e9trique par le biais de la cha\u00eene de justice p\u00e9nale.<\/strong><\/p>\n<p>HSB a particip\u00e9 depuis les premiers pilotes r\u00e9ussis jusqu&rsquo;\u00e0 la mise en \u0153uvre compl\u00e8te de plusieurs projets:<\/p>\n<ul class=\"uk-list-line\">\n<li>Contr\u00f4le des d\u00e9tenus dans les prisons avec inscription, v\u00e9rification et ABIS central<\/li>\n<li>Solution de v\u00e9rification au niveau national dans les tribunaux et les institutions<\/li>\n<li>Registre central avec base de donn\u00e9es d&#8217;empreintes digitales (ABIS)<\/li>\n<\/ul>\n<p><strong>Le but du syst\u00e8me est de maintenir une identit\u00e9 unique.<\/strong><\/p>\n<p>Chaque d\u00e9tenu est enregistr\u00e9 une fois dans un syst\u00e8me central. BioRegistrator \u00ae est utilis\u00e9 comme plate-forme logicielle centrale de gestion des identit\u00e9s pour la gestion des documents, l&rsquo;enregistrement, la capture des empreintes digitales et du visage, des outils de qualit\u00e9 biom\u00e9trique et de multiples interfaces avec d&rsquo;autres syst\u00e8mes existants.<\/p>\n<p>Lors de l&rsquo;enregistrement initial, 10 doigts sont enregistr\u00e9s avec une image faciale en direct, les documents d&rsquo;identit\u00e9 sont num\u00e9ris\u00e9s. Dans chaque prison, le syst\u00e8me v\u00e9rifiera les empreintes digitales des d\u00e9tenus \u00e0 l&rsquo;aide de plusieurs kiosques de v\u00e9rification des visiteurs, les cong\u00e9s, les visites au tribunal, etc. Des millions de transactions biom\u00e9triques par an sont trait\u00e9es avec le syst\u00e8me Web complet. BioRegistrator \u00ae est utilis\u00e9 comme solution principale pour tous les traitements, un AFIS d&#8217;empreinte digitale rapide est aussi int\u00e9gr\u00e9.<\/p>\n<p>Actuellement, toutes les prisons des Pays-Bas utilisent ce syst\u00e8me.<\/p>\n<h4>Pourrait vous int\u00e9resser:<\/h4>\n<div class=\"uk-grid\">\n<div class=\"uk-width-medium-1-3\">\n<div class=\"uk-alert\">\n<h3 align=\"center\"><a href=\"https:\/\/www.hsbidentification.com\/fr\/our-products\/logiciel-bioregistrator\/\">BioRegistrator<\/a><\/h3>\n<div align=\"center\"><a href=\"https:\/\/www.hsbidentification.com\/fr\/our-products\/logiciel-bioregistrator\/\"><img loading=\"lazy\" decoding=\"async\" class=\"alignnone size-full\" src=\"https:\/\/www.hsbidentification.com\/wp-content\/uploads\/2012\/11\/bioregistrator-index.jpg\" alt=\"BioRegistrator\" width=\"150\" height=\"150\" \/><\/a><\/div>\n<p align=\"center\"><a href=\"https:\/\/www.hsbidentification.com\/fr\/our-products\/logiciel-bioregistrator\/\">BioRegistrator\u00ae est la plate-forme \u00e9prouv\u00e9e pour l&rsquo;enregistrement des identifiants.<\/a> <a href=\"https:\/\/www.hsbidentification.com\/fr\/our-products\/logiciel-bioregistrator\/\"><strong>Lire la suite&#8230;<\/strong><\/a><\/p>\n<p class=\"seotext\">BioRegistrator\u00ae est la plateforme \u00e9prouv\u00e9e pour l&rsquo;enregistrement des identit\u00e9s num\u00e9riques. Le produit peut \u00eatre utilis\u00e9 comme outil d&rsquo;inscription (Saisie de caract\u00e9ristiques biom\u00e9triques et d&rsquo;informations personnelles), \u00e0 des fins d&rsquo;identification et de v\u00e9rification. BioRegistrator\u00ae rend le d\u00e9ploiement de la technologie biom\u00e9trique accessible \u00e0 tous les types d&rsquo;organisations.<br \/>\nL&rsquo;utilisation de ce produit standard r\u00e9duit les co\u00fbts de d\u00e9veloppement et le temps de d\u00e9ploiement.<\/p>\n<\/div>\n<\/div>\n<div class=\"uk-width-medium-1-3\">\n<div class=\"uk-alert\">\n<h3 align=\"center\"><a href=\"https:\/\/www.hsbidentification.com\/fr\/our-products\/logiciel-bioregistrator\/hsb-abis\/\">HSB ABIS<\/a><\/h3>\n<div align=\"center\"><a href=\"https:\/\/www.hsbidentification.com\/fr\/our-products\/logiciel-bioregistrator\/hsb-abis\/\"><img loading=\"lazy\" decoding=\"async\" class=\"alignnone size-full wp-image-1642\" src=\"https:\/\/www.hsbidentification.com\/wp-content\/uploads\/2015\/07\/HSB-ABIS-mboi.jpg\" alt=\"HSB ABIS\" width=\"150\" height=\"150\" \/><\/a><\/div>\n<p align=\"center\"><a href=\"https:\/\/www.hsbidentification.com\/fr\/our-products\/logiciel-bioregistrator\/hsb-abis\/\">Syst\u00e8me d&rsquo;identification biom\u00e9trique automatis\u00e9 de nouvelle g\u00e9n\u00e9ration<\/a>. <a href=\"https:\/\/www.hsbidentification.com\/fr\/our-products\/logiciel-bioregistrator\/hsb-abis\/\"><strong>Lire la suite&#8230;<\/strong><\/a><\/p>\n<p class=\"seotext\">HSB ABIS est un syst\u00e8me d&rsquo;identification biom\u00e9trique automatis\u00e9 multimodal de nouvelle g\u00e9n\u00e9ration. Il sert de plate-forme de stockage et de mise en correspondance, pour collecter et rechercher toutes sortes de donn\u00e9es biom\u00e9triques et personnelles. Il fait partie de la suite de produits BioRegistrator\u00ae.<\/p>\n<p class=\"seotext\">HSB ABIS est un syst\u00e8me ouvert et flexible avec plusieurs innovations. Il est utilis\u00e9 pour la v\u00e9rification, l&rsquo;identification, la d\u00e9duplication et les applications m\u00e9dico-l\u00e9gales. L&rsquo;interface utilisateur Web moderne facilite le d\u00e9ploiement.<\/p>\n<\/div>\n<\/div>\n<div class=\"uk-width-medium-1-3\">\n<div class=\"uk-alert\">\n<h3 align=\"center\"><a href=\"https:\/\/www.hsbidentification.com\/fr\/nos-solutions\/la-securite-publique\/abis-multimodal-pour-operations-speciales\/\">Op\u00e9rations Sp\u00e9ciales<\/a><\/h3>\n<div align=\"center\"><a href=\"https:\/\/www.hsbidentification.com\/fr\/nos-solutions\/la-securite-publique\/abis-multimodal-pour-operations-speciales\/\"><img loading=\"lazy\" decoding=\"async\" class=\"alignnone size-full wp-image-1642\" src=\"https:\/\/www.hsbidentification.com\/wp-content\/uploads\/2015\/07\/multimodal-ABIS-for-special-operations-mboi-v2.jpg\" alt=\"Multimodal ABIS for Special Operations\" width=\"150\" height=\"150\" \/><\/a><\/div>\n<p align=\"center\"><a href=\"https:\/\/www.hsbidentification.com\/fr\/nos-solutions\/la-securite-publique\/abis-multimodal-pour-operations-speciales\/\">Syst\u00e8me multimodal comprenant Iris, Voice et ADN pour des op\u00e9rations sp\u00e9ciales.<\/a> <a href=\"https:\/\/www.hsbidentification.com\/fr\/nos-solutions\/la-securite-publique\/abis-multimodal-pour-operations-speciales\/\"><strong>Lire la suite&#8230;<\/strong><\/a><\/p>\n<p class=\"seotext\">HSB a con\u00e7u, d\u00e9velopp\u00e9 et d\u00e9ploy\u00e9 un ABIS de nouvelle g\u00e9n\u00e9ration pour le Minist\u00e8re de la D\u00e9fense. Dans ce syst\u00e8me, plusieurs modalit\u00e9s sont int\u00e9gr\u00e9es comme les empreintes digitales, le visage, l&rsquo;iris, la voix et l&rsquo;ADN.<\/p>\n<\/div>\n<\/div>\n<\/div>\n","protected":false},"excerpt":{"rendered":"<p>Pour am\u00e9liorer le processus d&rsquo;identification des criminels, le Minist\u00e8re de la justice des Pays-Bas a mis en place un programme national d&rsquo;identification biom\u00e9trique par le biais de la cha\u00eene de justice p\u00e9nale. HSB a particip\u00e9 depuis les premiers pilotes r\u00e9ussis jusqu&rsquo;\u00e0 la mise en \u0153uvre compl\u00e8te de plusieurs projets: Contr\u00f4le des d\u00e9tenus dans les prisons [&hellip;]<\/p>\n","protected":false},"author":4,"featured_media":0,"parent":2319,"menu_order":0,"comment_status":"closed","ping_status":"closed","template":"","meta":{"_monsterinsights_skip_tracking":false,"_monsterinsights_sitenote_active":false,"_monsterinsights_sitenote_note":"","_monsterinsights_sitenote_category":0,"footnotes":""},"class_list":["post-2325","page","type-page","status-publish","hentry"],"yoast_head":"<!-- This site is optimized with the Yoast SEO plugin v26.7 - https:\/\/yoast.com\/wordpress\/plugins\/seo\/ -->\n<title>La biom\u00e9trie dans les services p\u00e9nitentiaires - HSB Identification<\/title>\n<meta name=\"description\" content=\"Processus d&#039;identification biom\u00e9trique utilisant la reconnaissance des empreintes digitales dans les prisons du pays.\" \/>\n<meta name=\"robots\" content=\"index, follow, max-snippet:-1, max-image-preview:large, max-video-preview:-1\" \/>\n<link rel=\"canonical\" href=\"https:\/\/www.hsbidentification.com\/fr\/nos-solutions\/la-securite-publique\/la-biometrie-dans-les-services-prisonniers\/\" \/>\n<meta property=\"og:locale\" content=\"fr_FR\" \/>\n<meta property=\"og:type\" content=\"article\" \/>\n<meta property=\"og:title\" content=\"La biom\u00e9trie dans les services p\u00e9nitentiaires - HSB Identification\" \/>\n<meta property=\"og:description\" content=\"Processus d&#039;identification biom\u00e9trique utilisant la reconnaissance des empreintes digitales dans les prisons du pays.\" \/>\n<meta property=\"og:url\" content=\"https:\/\/www.hsbidentification.com\/fr\/nos-solutions\/la-securite-publique\/la-biometrie-dans-les-services-prisonniers\/\" \/>\n<meta property=\"og:site_name\" content=\"HSB Identification\" \/>\n<meta property=\"article:modified_time\" content=\"2020-12-24T16:03:21+00:00\" \/>\n<meta property=\"og:image\" content=\"https:\/\/www.hsbidentification.com\/wp-content\/uploads\/2012\/11\/bioregistrator-index.jpg\" \/>\n<meta name=\"twitter:label1\" content=\"Dur\u00e9e de lecture estim\u00e9e\" \/>\n\t<meta name=\"twitter:data1\" content=\"3 minutes\" \/>\n<script type=\"application\/ld+json\" class=\"yoast-schema-graph\">{\"@context\":\"https:\/\/schema.org\",\"@graph\":[{\"@type\":\"WebPage\",\"@id\":\"https:\/\/www.hsbidentification.com\/fr\/nos-solutions\/la-securite-publique\/la-biometrie-dans-les-services-prisonniers\/\",\"url\":\"https:\/\/www.hsbidentification.com\/fr\/nos-solutions\/la-securite-publique\/la-biometrie-dans-les-services-prisonniers\/\",\"name\":\"La biom\u00e9trie dans les services p\u00e9nitentiaires - HSB Identification\",\"isPartOf\":{\"@id\":\"https:\/\/www.hsbidentification.com\/#website\"},\"primaryImageOfPage\":{\"@id\":\"https:\/\/www.hsbidentification.com\/fr\/nos-solutions\/la-securite-publique\/la-biometrie-dans-les-services-prisonniers\/#primaryimage\"},\"image\":{\"@id\":\"https:\/\/www.hsbidentification.com\/fr\/nos-solutions\/la-securite-publique\/la-biometrie-dans-les-services-prisonniers\/#primaryimage\"},\"thumbnailUrl\":\"https:\/\/www.hsbidentification.com\/wp-content\/uploads\/2012\/11\/bioregistrator-index.jpg\",\"datePublished\":\"2014-12-09T13:01:37+00:00\",\"dateModified\":\"2020-12-24T16:03:21+00:00\",\"description\":\"Processus d'identification biom\u00e9trique utilisant la reconnaissance des empreintes digitales dans les prisons du pays.\",\"breadcrumb\":{\"@id\":\"https:\/\/www.hsbidentification.com\/fr\/nos-solutions\/la-securite-publique\/la-biometrie-dans-les-services-prisonniers\/#breadcrumb\"},\"inLanguage\":\"fr-FR\",\"potentialAction\":[{\"@type\":\"ReadAction\",\"target\":[\"https:\/\/www.hsbidentification.com\/fr\/nos-solutions\/la-securite-publique\/la-biometrie-dans-les-services-prisonniers\/\"]}]},{\"@type\":\"ImageObject\",\"inLanguage\":\"fr-FR\",\"@id\":\"https:\/\/www.hsbidentification.com\/fr\/nos-solutions\/la-securite-publique\/la-biometrie-dans-les-services-prisonniers\/#primaryimage\",\"url\":\"https:\/\/www.hsbidentification.com\/wp-content\/uploads\/2012\/11\/bioregistrator-index.jpg\",\"contentUrl\":\"https:\/\/www.hsbidentification.com\/wp-content\/uploads\/2012\/11\/bioregistrator-index.jpg\"},{\"@type\":\"BreadcrumbList\",\"@id\":\"https:\/\/www.hsbidentification.com\/fr\/nos-solutions\/la-securite-publique\/la-biometrie-dans-les-services-prisonniers\/#breadcrumb\",\"itemListElement\":[{\"@type\":\"ListItem\",\"position\":1,\"name\":\"Home\",\"item\":\"https:\/\/www.hsbidentification.com\/fr\/\"},{\"@type\":\"ListItem\",\"position\":2,\"name\":\"NOS SOLUTIONS\",\"item\":\"https:\/\/www.hsbidentification.com\/fr\/nos-solutions\/\"},{\"@type\":\"ListItem\",\"position\":3,\"name\":\"S\u00e9curit\u00e9 publique\",\"item\":\"https:\/\/www.hsbidentification.com\/fr\/nos-solutions\/la-securite-publique\/\"},{\"@type\":\"ListItem\",\"position\":4,\"name\":\"La biom\u00e9trie dans les services p\u00e9nitentiaires\"}]},{\"@type\":\"WebSite\",\"@id\":\"https:\/\/www.hsbidentification.com\/#website\",\"url\":\"https:\/\/www.hsbidentification.com\/\",\"name\":\"HSB Identification\",\"description\":\"Digital Identity Solutions\",\"publisher\":{\"@id\":\"https:\/\/www.hsbidentification.com\/#organization\"},\"potentialAction\":[{\"@type\":\"SearchAction\",\"target\":{\"@type\":\"EntryPoint\",\"urlTemplate\":\"https:\/\/www.hsbidentification.com\/?s={search_term_string}\"},\"query-input\":{\"@type\":\"PropertyValueSpecification\",\"valueRequired\":true,\"valueName\":\"search_term_string\"}}],\"inLanguage\":\"fr-FR\"},{\"@type\":\"Organization\",\"@id\":\"https:\/\/www.hsbidentification.com\/#organization\",\"name\":\"HSB Identification\",\"url\":\"https:\/\/www.hsbidentification.com\/\",\"logo\":{\"@type\":\"ImageObject\",\"inLanguage\":\"fr-FR\",\"@id\":\"https:\/\/www.hsbidentification.com\/#\/schema\/logo\/image\/\",\"url\":\"https:\/\/www.hsbidentification.com\/wp-content\/uploads\/2024\/05\/logo-HSB-2000x1000-1.png\",\"contentUrl\":\"https:\/\/www.hsbidentification.com\/wp-content\/uploads\/2024\/05\/logo-HSB-2000x1000-1.png\",\"width\":3926,\"height\":2135,\"caption\":\"HSB Identification\"},\"image\":{\"@id\":\"https:\/\/www.hsbidentification.com\/#\/schema\/logo\/image\/\"},\"sameAs\":[\"https:\/\/www.linkedin.com\/company\/hsb-identification\"]}]}<\/script>\n<!-- \/ Yoast SEO plugin. -->","yoast_head_json":{"title":"La biom\u00e9trie dans les services p\u00e9nitentiaires - HSB Identification","description":"Processus d'identification biom\u00e9trique utilisant la reconnaissance des empreintes digitales dans les prisons du pays.","robots":{"index":"index","follow":"follow","max-snippet":"max-snippet:-1","max-image-preview":"max-image-preview:large","max-video-preview":"max-video-preview:-1"},"canonical":"https:\/\/www.hsbidentification.com\/fr\/nos-solutions\/la-securite-publique\/la-biometrie-dans-les-services-prisonniers\/","og_locale":"fr_FR","og_type":"article","og_title":"La biom\u00e9trie dans les services p\u00e9nitentiaires - HSB Identification","og_description":"Processus d'identification biom\u00e9trique utilisant la reconnaissance des empreintes digitales dans les prisons du pays.","og_url":"https:\/\/www.hsbidentification.com\/fr\/nos-solutions\/la-securite-publique\/la-biometrie-dans-les-services-prisonniers\/","og_site_name":"HSB Identification","article_modified_time":"2020-12-24T16:03:21+00:00","og_image":[{"url":"https:\/\/www.hsbidentification.com\/wp-content\/uploads\/2012\/11\/bioregistrator-index.jpg","type":"","width":"","height":""}],"twitter_misc":{"Dur\u00e9e de lecture estim\u00e9e":"3 minutes"},"schema":{"@context":"https:\/\/schema.org","@graph":[{"@type":"WebPage","@id":"https:\/\/www.hsbidentification.com\/fr\/nos-solutions\/la-securite-publique\/la-biometrie-dans-les-services-prisonniers\/","url":"https:\/\/www.hsbidentification.com\/fr\/nos-solutions\/la-securite-publique\/la-biometrie-dans-les-services-prisonniers\/","name":"La biom\u00e9trie dans les services p\u00e9nitentiaires - HSB Identification","isPartOf":{"@id":"https:\/\/www.hsbidentification.com\/#website"},"primaryImageOfPage":{"@id":"https:\/\/www.hsbidentification.com\/fr\/nos-solutions\/la-securite-publique\/la-biometrie-dans-les-services-prisonniers\/#primaryimage"},"image":{"@id":"https:\/\/www.hsbidentification.com\/fr\/nos-solutions\/la-securite-publique\/la-biometrie-dans-les-services-prisonniers\/#primaryimage"},"thumbnailUrl":"https:\/\/www.hsbidentification.com\/wp-content\/uploads\/2012\/11\/bioregistrator-index.jpg","datePublished":"2014-12-09T13:01:37+00:00","dateModified":"2020-12-24T16:03:21+00:00","description":"Processus d'identification biom\u00e9trique utilisant la reconnaissance des empreintes digitales dans les prisons du pays.","breadcrumb":{"@id":"https:\/\/www.hsbidentification.com\/fr\/nos-solutions\/la-securite-publique\/la-biometrie-dans-les-services-prisonniers\/#breadcrumb"},"inLanguage":"fr-FR","potentialAction":[{"@type":"ReadAction","target":["https:\/\/www.hsbidentification.com\/fr\/nos-solutions\/la-securite-publique\/la-biometrie-dans-les-services-prisonniers\/"]}]},{"@type":"ImageObject","inLanguage":"fr-FR","@id":"https:\/\/www.hsbidentification.com\/fr\/nos-solutions\/la-securite-publique\/la-biometrie-dans-les-services-prisonniers\/#primaryimage","url":"https:\/\/www.hsbidentification.com\/wp-content\/uploads\/2012\/11\/bioregistrator-index.jpg","contentUrl":"https:\/\/www.hsbidentification.com\/wp-content\/uploads\/2012\/11\/bioregistrator-index.jpg"},{"@type":"BreadcrumbList","@id":"https:\/\/www.hsbidentification.com\/fr\/nos-solutions\/la-securite-publique\/la-biometrie-dans-les-services-prisonniers\/#breadcrumb","itemListElement":[{"@type":"ListItem","position":1,"name":"Home","item":"https:\/\/www.hsbidentification.com\/fr\/"},{"@type":"ListItem","position":2,"name":"NOS SOLUTIONS","item":"https:\/\/www.hsbidentification.com\/fr\/nos-solutions\/"},{"@type":"ListItem","position":3,"name":"S\u00e9curit\u00e9 publique","item":"https:\/\/www.hsbidentification.com\/fr\/nos-solutions\/la-securite-publique\/"},{"@type":"ListItem","position":4,"name":"La biom\u00e9trie dans les services p\u00e9nitentiaires"}]},{"@type":"WebSite","@id":"https:\/\/www.hsbidentification.com\/#website","url":"https:\/\/www.hsbidentification.com\/","name":"HSB Identification","description":"Digital Identity Solutions","publisher":{"@id":"https:\/\/www.hsbidentification.com\/#organization"},"potentialAction":[{"@type":"SearchAction","target":{"@type":"EntryPoint","urlTemplate":"https:\/\/www.hsbidentification.com\/?s={search_term_string}"},"query-input":{"@type":"PropertyValueSpecification","valueRequired":true,"valueName":"search_term_string"}}],"inLanguage":"fr-FR"},{"@type":"Organization","@id":"https:\/\/www.hsbidentification.com\/#organization","name":"HSB Identification","url":"https:\/\/www.hsbidentification.com\/","logo":{"@type":"ImageObject","inLanguage":"fr-FR","@id":"https:\/\/www.hsbidentification.com\/#\/schema\/logo\/image\/","url":"https:\/\/www.hsbidentification.com\/wp-content\/uploads\/2024\/05\/logo-HSB-2000x1000-1.png","contentUrl":"https:\/\/www.hsbidentification.com\/wp-content\/uploads\/2024\/05\/logo-HSB-2000x1000-1.png","width":3926,"height":2135,"caption":"HSB Identification"},"image":{"@id":"https:\/\/www.hsbidentification.com\/#\/schema\/logo\/image\/"},"sameAs":["https:\/\/www.linkedin.com\/company\/hsb-identification"]}]}},"_links":{"self":[{"href":"https:\/\/www.hsbidentification.com\/fr\/wp-json\/wp\/v2\/pages\/2325","targetHints":{"allow":["GET"]}}],"collection":[{"href":"https:\/\/www.hsbidentification.com\/fr\/wp-json\/wp\/v2\/pages"}],"about":[{"href":"https:\/\/www.hsbidentification.com\/fr\/wp-json\/wp\/v2\/types\/page"}],"author":[{"embeddable":true,"href":"https:\/\/www.hsbidentification.com\/fr\/wp-json\/wp\/v2\/users\/4"}],"replies":[{"embeddable":true,"href":"https:\/\/www.hsbidentification.com\/fr\/wp-json\/wp\/v2\/comments?post=2325"}],"version-history":[{"count":9,"href":"https:\/\/www.hsbidentification.com\/fr\/wp-json\/wp\/v2\/pages\/2325\/revisions"}],"predecessor-version":[{"id":2915,"href":"https:\/\/www.hsbidentification.com\/fr\/wp-json\/wp\/v2\/pages\/2325\/revisions\/2915"}],"up":[{"embeddable":true,"href":"https:\/\/www.hsbidentification.com\/fr\/wp-json\/wp\/v2\/pages\/2319"}],"wp:attachment":[{"href":"https:\/\/www.hsbidentification.com\/fr\/wp-json\/wp\/v2\/media?parent=2325"}],"curies":[{"name":"wp","href":"https:\/\/api.w.org\/{rel}","templated":true}]}}