{"id":2306,"date":"2012-12-18T09:13:46","date_gmt":"2012-12-18T09:13:46","guid":{"rendered":"https:\/\/www.hsbidentification.com\/our-solutions\/border-control\/"},"modified":"2020-12-24T15:46:47","modified_gmt":"2020-12-24T15:46:47","slug":"controle-des-frontieres","status":"publish","type":"page","link":"https:\/\/www.hsbidentification.com\/fr\/nos-solutions\/controle-des-frontieres\/","title":{"rendered":"Contr\u00f4le des fronti\u00e8res"},"content":{"rendered":"<hr \/>\n<p><strong>Une identification pr\u00e9cise est essentielle dans les proc\u00e9dures de contr\u00f4le des fronti\u00e8res pour pouvoir tracer les activit\u00e9s criminelles, comme la traite des \u00eatres humains le long des fronti\u00e8res terrestres et maritimes et des a\u00e9roports. Une identification efficiente permet \u00e9galement aux services d&rsquo;immigration d&rsquo;enregistrer et de contr\u00f4ler l&rsquo;afflux des citoyens, des voyageurs \u00e9trangers, des demandeurs d&rsquo;asile et d&rsquo;autres groupes traversant les fronti\u00e8res.<\/strong><\/p>\n<p>La biom\u00e9trie est un outil pr\u00e9cieux pour v\u00e9rifier les identit\u00e9s, de nombreux pays ont d\u00e9j\u00e0 introduit des documents de voyage \u00e9lectroniques comme les passeports biom\u00e9triques (\u00e9galement appel\u00e9s passeports \u00e9lectroniques) et e-Visa, conform\u00e9ment \u00e0 la norme internationale OACI 9303.<\/p>\n<p>Pour les voyageurs \u00e9trangers d\u00e9tenteur d&rsquo;un visa, les informations biom\u00e9triques sont collect\u00e9es dans des registres centraux. Exemple: Le syst\u00e8me europ\u00e9en d&rsquo; information Visum (EU-VIS). En comparant les empreintes digitales en direct: L&rsquo;iris ou les images du visage, le propri\u00e9taire \u00e9ligible d&rsquo;un document de voyage peut \u00eatre ad\u00e9quatement v\u00e9rifi\u00e9.<\/p>\n<p>Aujourd&rsquo;hui, le volume \u00e9lev\u00e9 de voyageurs dans les a\u00e9roports n\u00e9cessite des m\u00e9canismes de contr\u00f4le rapides car les gardes-fronti\u00e8res doivent d\u00e9cider en quelques secondes si le document d&rsquo;identit\u00e9 correspond au passager qui le pr\u00e9sente. Par cons\u00e9quent, des contr\u00f4les automatis\u00e9s des fronti\u00e8res (ABC) et des programmes pour voyageurs fr\u00e9quents sont introduits pour rendre les contr\u00f4les plus rapides et plus efficaces.<\/p>\n<p><strong>HSB identification a la capacit\u00e9 de fournir des solutions d&rsquo;identit\u00e9 pour:<\/strong><\/p>\n<ul class=\"uk-list-line\">\n<li>Stations de passeport \u00e9lectronique pour la d\u00e9livrance de documents de voyage (visa, passeports \u00e9lectroniques)<\/li>\n<li>Syst\u00e8me de contr\u00f4le des documents de voyage comprenant des v\u00e9rifications des caract\u00e9ristiques de s\u00e9curit\u00e9<\/li>\n<li>V\u00e9rification biom\u00e9trique des documents de voyage et v\u00e9rification des ant\u00e9c\u00e9dents<\/li>\n<li>Portes automatis\u00e9es de contr\u00f4le des fronti\u00e8res (ABC)<\/li>\n<li>Kiosques d&rsquo;inscription biom\u00e9trique pour capturer des photos et des empreintes digitales conformes \u00e0 la norme OACI 9303<\/li>\n<li>Dispositif d&rsquo; identification biom\u00e9trique mobile<\/li>\n<\/ul>\n<p>&nbsp;<\/p>\n<hr \/>\n<h4>EN SAVOIR PLUS SUR NOS PROJETS TERMIN\u00c9S ET ACTUELS<\/h4>\n<p><a href=\"https:\/\/www.hsbidentification.com\/fr\/nos-solutions\/controle-des-frontieres\/systeme-de-controle-des-frontieres-eu-vis\/\"><img loading=\"lazy\" decoding=\"async\" class=\"uk-alert-our-solutions alignleft\" src=\"https:\/\/www.hsbidentification.com\/wp-content\/uploads\/2014\/12\/teaser-BCS-EU-VIS.jpg\" alt=\"Border Control System EU-VIS\" width=\"100\" height=\"100\" \/><\/a><\/p>\n<div class=\"uk-alert\">\n<h3 class=\"our-products-heading\"><a href=\"https:\/\/www.hsbidentification.com\/fr\/nos-solutions\/controle-des-frontieres\/systeme-de-controle-des-frontieres-eu-vis\/\">SYST\u00c8ME DE CONTR\u00d4LE DES FRONTI\u00c8RES EU-VIS<\/a><\/h3>\n<p><a href=\"https:\/\/www.hsbidentification.com\/fr\/nos-solutions\/controle-des-frontieres\/systeme-de-controle-des-frontieres-eu-vis\/\">Tous les applicants pour un visa dans l&rsquo;Union Europ\u00e9enne doivent capturer leurs empreintes digitales, des photos qualifi\u00e9es (OACI) et des documents aux postes \u00e9trangers. Aux fronti\u00e8res Europ\u00e9ennes de Schengen, le num\u00e9ro de visa et les informations sur les empreintes digitales sont v\u00e9rifi\u00e9s par rapport \u00e0 une tr\u00e8s grande base de donn\u00e9es d&#8217;empreintes digitales\u2026<\/a><a href=\"https:\/\/www.hsbidentification.com\/fr\/nos-solutions\/controle-des-frontieres\/systeme-de-controle-des-frontieres-eu-vis\/\"> <strong>Savoir plus\u2026<\/strong><\/a><\/p>\n<\/div>\n<div class=\"uk-alert\">\n<p><a href=\"https:\/\/www.hsbidentification.com\/fr\/nos-solutions\/controle-des-frontieres\/verification-biometrique-pour-les-demandeurs-dasile\/\"><img loading=\"lazy\" decoding=\"async\" class=\"uk-alert-our-solutions alignleft\" src=\"https:\/\/www.hsbidentification.com\/wp-content\/uploads\/2014\/12\/teaser-asylum-seekers.jpg\" alt=\"Biometric Verification for Asylum Seekers\" width=\"100\" height=\"100\" \/><\/a><\/p>\n<h3 class=\"our-products-heading\"><a href=\"https:\/\/www.hsbidentification.com\/fr\/nos-solutions\/controle-des-frontieres\/verification-biometrique-pour-les-demandeurs-dasile\/\">V\u00e9rification biom\u00e9trique pour les demandeurs d&rsquo;asile<\/a><\/h3>\n<p><a href=\"https:\/\/www.hsbidentification.com\/fr\/nos-solutions\/controle-des-frontieres\/verification-biometrique-pour-les-demandeurs-dasile\/\">HSB identification fournit des solutions de v\u00e9rification biom\u00e9trique pour des programmes nationaux de demandeurs d&rsquo;asile avec plus de 100 bornes de v\u00e9rification autonomes. Les syst\u00e8mes sont utilis\u00e9s dans les centres de demandeurs d&rsquo;asile et les bureaux d&rsquo;immigration&#8230;<\/a> <a href=\"https:\/\/www.hsbidentification.com\/fr\/nos-solutions\/controle-des-frontieres\/verification-biometrique-pour-les-demandeurs-dasile\/\"><strong>Savoir plus&#8230;<\/strong><\/a><\/p>\n<\/div>\n<p>&nbsp;<\/p>\n","protected":false},"excerpt":{"rendered":"<p>Une identification pr\u00e9cise est essentielle dans les proc\u00e9dures de contr\u00f4le des fronti\u00e8res pour pouvoir tracer les activit\u00e9s criminelles, comme la traite des \u00eatres humains le long des fronti\u00e8res terrestres et maritimes et des a\u00e9roports. Une identification efficiente permet \u00e9galement aux services d&rsquo;immigration d&rsquo;enregistrer et de contr\u00f4ler l&rsquo;afflux des citoyens, des voyageurs \u00e9trangers, des demandeurs d&rsquo;asile [&hellip;]<\/p>\n","protected":false},"author":4,"featured_media":0,"parent":2127,"menu_order":0,"comment_status":"closed","ping_status":"closed","template":"","meta":{"_monsterinsights_skip_tracking":false,"_monsterinsights_sitenote_active":false,"_monsterinsights_sitenote_note":"","_monsterinsights_sitenote_category":0,"footnotes":""},"class_list":["post-2306","page","type-page","status-publish","hentry"],"yoast_head":"<!-- This site is optimized with the Yoast SEO plugin v26.7 - https:\/\/yoast.com\/wordpress\/plugins\/seo\/ -->\n<title>Contr\u00f4le des fronti\u00e8res - HSB Identification<\/title>\n<meta name=\"description\" content=\"D\u00e9couvrez des solutions biom\u00e9triques sur le march\u00e9 du contr\u00f4le des fronti\u00e8res comme le contr\u00f4le des visas et services d&#039;immigration.\" \/>\n<meta name=\"robots\" content=\"index, follow, max-snippet:-1, max-image-preview:large, max-video-preview:-1\" \/>\n<link rel=\"canonical\" href=\"https:\/\/www.hsbidentification.com\/fr\/nos-solutions\/controle-des-frontieres\/\" \/>\n<meta property=\"og:locale\" content=\"fr_FR\" \/>\n<meta property=\"og:type\" content=\"article\" \/>\n<meta property=\"og:title\" content=\"Contr\u00f4le des fronti\u00e8res - HSB Identification\" \/>\n<meta property=\"og:description\" content=\"D\u00e9couvrez des solutions biom\u00e9triques sur le march\u00e9 du contr\u00f4le des fronti\u00e8res comme le contr\u00f4le des visas et services d&#039;immigration.\" \/>\n<meta property=\"og:url\" content=\"https:\/\/www.hsbidentification.com\/fr\/nos-solutions\/controle-des-frontieres\/\" \/>\n<meta property=\"og:site_name\" content=\"HSB Identification\" \/>\n<meta property=\"article:modified_time\" content=\"2020-12-24T15:46:47+00:00\" \/>\n<meta property=\"og:image\" content=\"https:\/\/www.hsbidentification.com\/wp-content\/uploads\/2014\/12\/teaser-BCS-EU-VIS.jpg\" \/>\n<meta name=\"twitter:label1\" content=\"Dur\u00e9e de lecture estim\u00e9e\" \/>\n\t<meta name=\"twitter:data1\" content=\"2 minutes\" \/>\n<script type=\"application\/ld+json\" class=\"yoast-schema-graph\">{\"@context\":\"https:\/\/schema.org\",\"@graph\":[{\"@type\":\"WebPage\",\"@id\":\"https:\/\/www.hsbidentification.com\/fr\/nos-solutions\/controle-des-frontieres\/\",\"url\":\"https:\/\/www.hsbidentification.com\/fr\/nos-solutions\/controle-des-frontieres\/\",\"name\":\"Contr\u00f4le des fronti\u00e8res - HSB Identification\",\"isPartOf\":{\"@id\":\"https:\/\/www.hsbidentification.com\/#website\"},\"primaryImageOfPage\":{\"@id\":\"https:\/\/www.hsbidentification.com\/fr\/nos-solutions\/controle-des-frontieres\/#primaryimage\"},\"image\":{\"@id\":\"https:\/\/www.hsbidentification.com\/fr\/nos-solutions\/controle-des-frontieres\/#primaryimage\"},\"thumbnailUrl\":\"https:\/\/www.hsbidentification.com\/wp-content\/uploads\/2014\/12\/teaser-BCS-EU-VIS.jpg\",\"datePublished\":\"2012-12-18T09:13:46+00:00\",\"dateModified\":\"2020-12-24T15:46:47+00:00\",\"description\":\"D\u00e9couvrez des solutions biom\u00e9triques sur le march\u00e9 du contr\u00f4le des fronti\u00e8res comme le contr\u00f4le des visas et services d'immigration.\",\"breadcrumb\":{\"@id\":\"https:\/\/www.hsbidentification.com\/fr\/nos-solutions\/controle-des-frontieres\/#breadcrumb\"},\"inLanguage\":\"fr-FR\",\"potentialAction\":[{\"@type\":\"ReadAction\",\"target\":[\"https:\/\/www.hsbidentification.com\/fr\/nos-solutions\/controle-des-frontieres\/\"]}]},{\"@type\":\"ImageObject\",\"inLanguage\":\"fr-FR\",\"@id\":\"https:\/\/www.hsbidentification.com\/fr\/nos-solutions\/controle-des-frontieres\/#primaryimage\",\"url\":\"https:\/\/www.hsbidentification.com\/wp-content\/uploads\/2014\/12\/teaser-BCS-EU-VIS.jpg\",\"contentUrl\":\"https:\/\/www.hsbidentification.com\/wp-content\/uploads\/2014\/12\/teaser-BCS-EU-VIS.jpg\"},{\"@type\":\"BreadcrumbList\",\"@id\":\"https:\/\/www.hsbidentification.com\/fr\/nos-solutions\/controle-des-frontieres\/#breadcrumb\",\"itemListElement\":[{\"@type\":\"ListItem\",\"position\":1,\"name\":\"Home\",\"item\":\"https:\/\/www.hsbidentification.com\/fr\/\"},{\"@type\":\"ListItem\",\"position\":2,\"name\":\"NOS SOLUTIONS\",\"item\":\"https:\/\/www.hsbidentification.com\/fr\/nos-solutions\/\"},{\"@type\":\"ListItem\",\"position\":3,\"name\":\"Contr\u00f4le des fronti\u00e8res\"}]},{\"@type\":\"WebSite\",\"@id\":\"https:\/\/www.hsbidentification.com\/#website\",\"url\":\"https:\/\/www.hsbidentification.com\/\",\"name\":\"HSB Identification\",\"description\":\"Digital Identity Solutions\",\"publisher\":{\"@id\":\"https:\/\/www.hsbidentification.com\/#organization\"},\"potentialAction\":[{\"@type\":\"SearchAction\",\"target\":{\"@type\":\"EntryPoint\",\"urlTemplate\":\"https:\/\/www.hsbidentification.com\/?s={search_term_string}\"},\"query-input\":{\"@type\":\"PropertyValueSpecification\",\"valueRequired\":true,\"valueName\":\"search_term_string\"}}],\"inLanguage\":\"fr-FR\"},{\"@type\":\"Organization\",\"@id\":\"https:\/\/www.hsbidentification.com\/#organization\",\"name\":\"HSB Identification\",\"url\":\"https:\/\/www.hsbidentification.com\/\",\"logo\":{\"@type\":\"ImageObject\",\"inLanguage\":\"fr-FR\",\"@id\":\"https:\/\/www.hsbidentification.com\/#\/schema\/logo\/image\/\",\"url\":\"https:\/\/www.hsbidentification.com\/wp-content\/uploads\/2024\/05\/logo-HSB-2000x1000-1.png\",\"contentUrl\":\"https:\/\/www.hsbidentification.com\/wp-content\/uploads\/2024\/05\/logo-HSB-2000x1000-1.png\",\"width\":3926,\"height\":2135,\"caption\":\"HSB Identification\"},\"image\":{\"@id\":\"https:\/\/www.hsbidentification.com\/#\/schema\/logo\/image\/\"},\"sameAs\":[\"https:\/\/www.linkedin.com\/company\/hsb-identification\"]}]}<\/script>\n<!-- \/ Yoast SEO plugin. -->","yoast_head_json":{"title":"Contr\u00f4le des fronti\u00e8res - HSB Identification","description":"D\u00e9couvrez des solutions biom\u00e9triques sur le march\u00e9 du contr\u00f4le des fronti\u00e8res comme le contr\u00f4le des visas et services d'immigration.","robots":{"index":"index","follow":"follow","max-snippet":"max-snippet:-1","max-image-preview":"max-image-preview:large","max-video-preview":"max-video-preview:-1"},"canonical":"https:\/\/www.hsbidentification.com\/fr\/nos-solutions\/controle-des-frontieres\/","og_locale":"fr_FR","og_type":"article","og_title":"Contr\u00f4le des fronti\u00e8res - HSB Identification","og_description":"D\u00e9couvrez des solutions biom\u00e9triques sur le march\u00e9 du contr\u00f4le des fronti\u00e8res comme le contr\u00f4le des visas et services d'immigration.","og_url":"https:\/\/www.hsbidentification.com\/fr\/nos-solutions\/controle-des-frontieres\/","og_site_name":"HSB Identification","article_modified_time":"2020-12-24T15:46:47+00:00","og_image":[{"url":"https:\/\/www.hsbidentification.com\/wp-content\/uploads\/2014\/12\/teaser-BCS-EU-VIS.jpg","type":"","width":"","height":""}],"twitter_misc":{"Dur\u00e9e de lecture estim\u00e9e":"2 minutes"},"schema":{"@context":"https:\/\/schema.org","@graph":[{"@type":"WebPage","@id":"https:\/\/www.hsbidentification.com\/fr\/nos-solutions\/controle-des-frontieres\/","url":"https:\/\/www.hsbidentification.com\/fr\/nos-solutions\/controle-des-frontieres\/","name":"Contr\u00f4le des fronti\u00e8res - HSB Identification","isPartOf":{"@id":"https:\/\/www.hsbidentification.com\/#website"},"primaryImageOfPage":{"@id":"https:\/\/www.hsbidentification.com\/fr\/nos-solutions\/controle-des-frontieres\/#primaryimage"},"image":{"@id":"https:\/\/www.hsbidentification.com\/fr\/nos-solutions\/controle-des-frontieres\/#primaryimage"},"thumbnailUrl":"https:\/\/www.hsbidentification.com\/wp-content\/uploads\/2014\/12\/teaser-BCS-EU-VIS.jpg","datePublished":"2012-12-18T09:13:46+00:00","dateModified":"2020-12-24T15:46:47+00:00","description":"D\u00e9couvrez des solutions biom\u00e9triques sur le march\u00e9 du contr\u00f4le des fronti\u00e8res comme le contr\u00f4le des visas et services d'immigration.","breadcrumb":{"@id":"https:\/\/www.hsbidentification.com\/fr\/nos-solutions\/controle-des-frontieres\/#breadcrumb"},"inLanguage":"fr-FR","potentialAction":[{"@type":"ReadAction","target":["https:\/\/www.hsbidentification.com\/fr\/nos-solutions\/controle-des-frontieres\/"]}]},{"@type":"ImageObject","inLanguage":"fr-FR","@id":"https:\/\/www.hsbidentification.com\/fr\/nos-solutions\/controle-des-frontieres\/#primaryimage","url":"https:\/\/www.hsbidentification.com\/wp-content\/uploads\/2014\/12\/teaser-BCS-EU-VIS.jpg","contentUrl":"https:\/\/www.hsbidentification.com\/wp-content\/uploads\/2014\/12\/teaser-BCS-EU-VIS.jpg"},{"@type":"BreadcrumbList","@id":"https:\/\/www.hsbidentification.com\/fr\/nos-solutions\/controle-des-frontieres\/#breadcrumb","itemListElement":[{"@type":"ListItem","position":1,"name":"Home","item":"https:\/\/www.hsbidentification.com\/fr\/"},{"@type":"ListItem","position":2,"name":"NOS SOLUTIONS","item":"https:\/\/www.hsbidentification.com\/fr\/nos-solutions\/"},{"@type":"ListItem","position":3,"name":"Contr\u00f4le des fronti\u00e8res"}]},{"@type":"WebSite","@id":"https:\/\/www.hsbidentification.com\/#website","url":"https:\/\/www.hsbidentification.com\/","name":"HSB Identification","description":"Digital Identity Solutions","publisher":{"@id":"https:\/\/www.hsbidentification.com\/#organization"},"potentialAction":[{"@type":"SearchAction","target":{"@type":"EntryPoint","urlTemplate":"https:\/\/www.hsbidentification.com\/?s={search_term_string}"},"query-input":{"@type":"PropertyValueSpecification","valueRequired":true,"valueName":"search_term_string"}}],"inLanguage":"fr-FR"},{"@type":"Organization","@id":"https:\/\/www.hsbidentification.com\/#organization","name":"HSB Identification","url":"https:\/\/www.hsbidentification.com\/","logo":{"@type":"ImageObject","inLanguage":"fr-FR","@id":"https:\/\/www.hsbidentification.com\/#\/schema\/logo\/image\/","url":"https:\/\/www.hsbidentification.com\/wp-content\/uploads\/2024\/05\/logo-HSB-2000x1000-1.png","contentUrl":"https:\/\/www.hsbidentification.com\/wp-content\/uploads\/2024\/05\/logo-HSB-2000x1000-1.png","width":3926,"height":2135,"caption":"HSB Identification"},"image":{"@id":"https:\/\/www.hsbidentification.com\/#\/schema\/logo\/image\/"},"sameAs":["https:\/\/www.linkedin.com\/company\/hsb-identification"]}]}},"_links":{"self":[{"href":"https:\/\/www.hsbidentification.com\/fr\/wp-json\/wp\/v2\/pages\/2306","targetHints":{"allow":["GET"]}}],"collection":[{"href":"https:\/\/www.hsbidentification.com\/fr\/wp-json\/wp\/v2\/pages"}],"about":[{"href":"https:\/\/www.hsbidentification.com\/fr\/wp-json\/wp\/v2\/types\/page"}],"author":[{"embeddable":true,"href":"https:\/\/www.hsbidentification.com\/fr\/wp-json\/wp\/v2\/users\/4"}],"replies":[{"embeddable":true,"href":"https:\/\/www.hsbidentification.com\/fr\/wp-json\/wp\/v2\/comments?post=2306"}],"version-history":[{"count":13,"href":"https:\/\/www.hsbidentification.com\/fr\/wp-json\/wp\/v2\/pages\/2306\/revisions"}],"predecessor-version":[{"id":2907,"href":"https:\/\/www.hsbidentification.com\/fr\/wp-json\/wp\/v2\/pages\/2306\/revisions\/2907"}],"up":[{"embeddable":true,"href":"https:\/\/www.hsbidentification.com\/fr\/wp-json\/wp\/v2\/pages\/2127"}],"wp:attachment":[{"href":"https:\/\/www.hsbidentification.com\/fr\/wp-json\/wp\/v2\/media?parent=2306"}],"curies":[{"name":"wp","href":"https:\/\/api.w.org\/{rel}","templated":true}]}}