{"id":2299,"date":"2014-12-09T12:56:58","date_gmt":"2014-12-09T12:56:58","guid":{"rendered":"https:\/\/www.hsbidentification.com\/our-solutions\/piece-didentite\/registration-of-civil-servants\/"},"modified":"2020-12-24T15:39:03","modified_gmt":"2020-12-24T15:39:03","slug":"enregistrement-des-agents-civils","status":"publish","type":"page","link":"https:\/\/www.hsbidentification.com\/fr\/nos-solutions\/piece-didentite\/enregistrement-des-agents-civils\/","title":{"rendered":"Enregistrement des fonctionnaires"},"content":{"rendered":"<hr \/>\n<p><strong>HSB identification a fourni des solutions biom\u00e9triques pour enregistrer et dupliquer tous les fonctionnaires de plusieurs pays africains. Le but de ces projets est de pr\u00e9venir toute fraude d&rsquo;identit\u00e9. Avant l&rsquo;introduction du syst\u00e8me, il \u00e9tait connu que plusieurs fausses identit\u00e9s recevaient des salaires mensuels. Gr\u00e2ce \u00e0 cette solution, les doubles inscriptions sont filtr\u00e9es et seuls les fonctionnaires \u00e9ligibles recevront leurs salaires.<\/strong><\/p>\n<p><img loading=\"lazy\" decoding=\"async\" class=\"alignleft size-full wp-image-2300\" src=\"https:\/\/www.hsbidentification.com\/wp-content\/uploads\/2014\/12\/civil-servants-id-kit.jpg\" alt=\"Civil Servants ID kit\" width=\"250\" height=\"165\" \/>Dans un court laps de temps, HSB a livr\u00e9 des kits d&rsquo;enregistrement biom\u00e9trique, y compris un ordinateur portable avec le logiciel d&rsquo;inscription BioRegistrator \u00ae , un scanner d&#8217;empreintes digitales, un tampon de signature, un appareil photo et une imprimante.<br \/>\nLa dur\u00e9e de fonctionnement de ce kit d&rsquo;enregistrement est prolong\u00e9e \u00e0 l&rsquo;aide d&rsquo;une batterie externe. Pour un pays sp\u00e9cifique, 150 000 fonctionnaires ont \u00e9t\u00e9 enregistr\u00e9s \u00e0 l&rsquo;aide de 10 empreintes digitales, d&rsquo;une photo faciale et d&rsquo;une signature. Afin de proc\u00e9der correctement \u00e0 l&rsquo;inscription, HSB a dispens\u00e9 une formation \u00e0 un groupe de formateurs. Ces formateurs ont form\u00e9 les op\u00e9rateurs des kits d&rsquo;enregistrement biom\u00e9trique.<\/p>\n<p>Apr\u00e8s l&rsquo;enregistrement, toutes les donn\u00e9es ont \u00e9t\u00e9 transf\u00e9r\u00e9es en toute s\u00e9curit\u00e9 au HSB ABIS pour effectuer un contr\u00f4le de d\u00e9duplication. Ce processus utilise deux doigts de chaque inscrit.<\/p>\n<h4>Pourrait vous int\u00e9resser:<\/h4>\n<div class=\"uk-grid\">\n<div class=\"uk-width-medium-1-3\">\n<div class=\"uk-alert\">\n<h3 align=\"center\"><a href=\"https:\/\/www.hsbidentification.com\/fr\/nos-solutions\/soins-de-sante\/id-national-de-sante\/\">Carte sant\u00e9 nationale<\/a><\/h3>\n<div align=\"center\"><a href=\"https:\/\/www.hsbidentification.com\/fr\/nos-solutions\/soins-de-sante\/id-national-de-sante\/\"><img loading=\"lazy\" decoding=\"async\" class=\"alignnone size-full wp-image-1642\" src=\"https:\/\/www.hsbidentification.com\/wp-content\/uploads\/2015\/07\/Ghana-Health-ID-mboi.jpg\" alt=\"National Health ID\" width=\"150\" height=\"150\" \/><\/a><\/div>\n<p align=\"center\"><a href=\"https:\/\/www.hsbidentification.com\/fr\/nos-solutions\/soins-de-sante\/id-national-de-sante\/\">Pr\u00e9vention de la fraude gr\u00e2ce \u00e0 l&rsquo;identifiant national biom\u00e9trique pour la sant\u00e9<\/a>. <a href=\"https:\/\/www.hsbidentification.com\/fr\/nos-solutions\/soins-de-sante\/id-national-de-sante\/\"><strong>Lire la suite&#8230;<\/strong><\/a><\/p>\n<p>&nbsp;<\/p>\n<p class=\"seotext\">L&rsquo;Agence nationale d&rsquo;assurance maladie du Ghana compte au total plus de 8 millions de membres. L&rsquo;ancienne carte d&rsquo;identit\u00e9 est aujourd&rsquo;hui remplac\u00e9e par une carte \u00e0 puce avec identification biom\u00e9trique. Le but de ce projet est d&rsquo;am\u00e9liorer la transparence du processus de r\u00e9clamation et de r\u00e9duire les co\u00fbts.<\/p>\n<\/div>\n<\/div>\n<div class=\"uk-width-medium-1-3\">\n<div class=\"uk-alert\">\n<h3 align=\"center\"><a href=\"https:\/\/www.hsbidentification.com\/fr\/our-products\/logiciel-bioregistrator\/\">BioRegistrator<\/a><\/h3>\n<div align=\"center\"><a href=\"https:\/\/www.hsbidentification.com\/fr\/our-products\/logiciel-bioregistrator\/\"><img loading=\"lazy\" decoding=\"async\" class=\"alignnone size-full\" src=\"https:\/\/www.hsbidentification.com\/wp-content\/uploads\/2012\/11\/bioregistrator-index.jpg\" alt=\"BioRegistrator\" width=\"150\" height=\"150\" \/><\/a><\/div>\n<p align=\"center\"><a href=\"https:\/\/www.hsbidentification.com\/fr\/our-products\/logiciel-bioregistrator\/\">BioRegistrator\u00ae est la plate-forme \u00e9prouv\u00e9e pour l&rsquo;enregistrement des identifiants<\/a>. <a href=\"https:\/\/www.hsbidentification.com\/fr\/our-products\/logiciel-bioregistrator\/\"><strong>Lire la suite&#8230;<\/strong><\/a><\/p>\n<p class=\"seotext\">BioRegistrator\u00ae est la plateforme \u00e9prouv\u00e9e pour l&rsquo;enregistrement des identit\u00e9s num\u00e9riques. Le produit peut \u00eatre utilis\u00e9 comme outil d&rsquo;inscription (Saisie de caract\u00e9ristiques biom\u00e9triques et d&rsquo;informations personnelles), et \u00e0 des fins d&rsquo;identification et de v\u00e9rification.<\/p>\n<p class=\"seotext\">BioRegistrator\u00ae rend le d\u00e9ploiement de la technologie biom\u00e9trique accessible \u00e0 tous les types d&rsquo;organisations. L&rsquo;utilisation de ce produit standard r\u00e9duit significativement les co\u00fbts de d\u00e9veloppement et de d\u00e9ploiement pour clients.<\/p>\n<\/div>\n<\/div>\n<div class=\"uk-width-medium-1-3\">\n<div class=\"uk-alert\">\n<h3 align=\"center\"><a href=\"https:\/\/www.hsbidentification.com\/fr\/our-products\/logiciel-bioregistrator\/hsb-abis\/\">HSB ABIS<\/a><\/h3>\n<div align=\"center\"><a href=\"https:\/\/www.hsbidentification.com\/fr\/our-products\/logiciel-bioregistrator\/hsb-abis\/\"><img loading=\"lazy\" decoding=\"async\" class=\"alignnone size-full wp-image-1642\" src=\"https:\/\/www.hsbidentification.com\/wp-content\/uploads\/2015\/07\/HSB-ABIS-mboi.jpg\" alt=\"HSB ABIS\" width=\"150\" height=\"150\" \/><\/a><\/div>\n<p align=\"center\"><a href=\"https:\/\/www.hsbidentification.com\/fr\/our-products\/logiciel-bioregistrator\/hsb-abis\/\">Syst\u00e8me d&rsquo;identification biom\u00e9trique automatis\u00e9 de nouvelle g\u00e9n\u00e9ration<\/a>. <a href=\"https:\/\/www.hsbidentification.com\/fr\/our-products\/logiciel-bioregistrator\/hsb-abis\/\"><strong>Lire la suite&#8230;<\/strong><\/a><\/p>\n<p class=\"seotext\">HSB ABIS est un syst\u00e8me d&rsquo;identification biom\u00e9trique automatis\u00e9 multimodal de nouvelle g\u00e9n\u00e9ration. Il sert de plate-forme de stockage et de mise en correspondance, pour collecter et rechercher toutes sortes de donn\u00e9es biom\u00e9triques et personnelles. Il fait partie de la suite de produits BioRegistrator\u00ae.<\/p>\n<p class=\"seotext\">HSB ABIS est un syst\u00e8me ouvert et flexible avec plusieurs innovations. Il est utilis\u00e9 pour la v\u00e9rification, l&rsquo;identification, la d\u00e9duplication et les applications m\u00e9dico-l\u00e9gales. L&rsquo;interface utilisateur Web moderne facilite le d\u00e9ploiement.<\/p>\n<\/div>\n<\/div>\n<\/div>\n","protected":false},"excerpt":{"rendered":"<p>HSB identification a fourni des solutions biom\u00e9triques pour enregistrer et dupliquer tous les fonctionnaires de plusieurs pays africains. Le but de ces projets est de pr\u00e9venir toute fraude d&rsquo;identit\u00e9. Avant l&rsquo;introduction du syst\u00e8me, il \u00e9tait connu que plusieurs fausses identit\u00e9s recevaient des salaires mensuels. Gr\u00e2ce \u00e0 cette solution, les doubles inscriptions sont filtr\u00e9es et seuls [&hellip;]<\/p>\n","protected":false},"author":4,"featured_media":0,"parent":2132,"menu_order":0,"comment_status":"closed","ping_status":"open","template":"","meta":{"_monsterinsights_skip_tracking":false,"_monsterinsights_sitenote_active":false,"_monsterinsights_sitenote_note":"","_monsterinsights_sitenote_category":0,"footnotes":""},"class_list":["post-2299","page","type-page","status-publish","hentry"],"yoast_head":"<!-- This site is optimized with the Yoast SEO plugin v26.7 - https:\/\/yoast.com\/wordpress\/plugins\/seo\/ -->\n<title>Enregistrement des fonctionnaires - HSB Identification<\/title>\n<meta name=\"description\" content=\"Inscription biom\u00e9trique des fonctionnaires pour \u00e9viter les doublons \u00e0 l&#039;aide de la technologie des empreintes digitales.\" \/>\n<meta name=\"robots\" content=\"index, follow, max-snippet:-1, max-image-preview:large, max-video-preview:-1\" \/>\n<link rel=\"canonical\" href=\"https:\/\/www.hsbidentification.com\/fr\/nos-solutions\/piece-didentite\/enregistrement-des-agents-civils\/\" \/>\n<meta property=\"og:locale\" content=\"fr_FR\" \/>\n<meta property=\"og:type\" content=\"article\" \/>\n<meta property=\"og:title\" content=\"Enregistrement des fonctionnaires - HSB Identification\" \/>\n<meta property=\"og:description\" content=\"Inscription biom\u00e9trique des fonctionnaires pour \u00e9viter les doublons \u00e0 l&#039;aide de la technologie des empreintes digitales.\" \/>\n<meta property=\"og:url\" content=\"https:\/\/www.hsbidentification.com\/fr\/nos-solutions\/piece-didentite\/enregistrement-des-agents-civils\/\" \/>\n<meta property=\"og:site_name\" content=\"HSB Identification\" \/>\n<meta property=\"article:modified_time\" content=\"2020-12-24T15:39:03+00:00\" \/>\n<meta property=\"og:image\" content=\"https:\/\/www.hsbidentification.com\/wp-content\/uploads\/2014\/12\/civil-servants-id-kit.jpg\" \/>\n<meta name=\"twitter:label1\" content=\"Dur\u00e9e de lecture estim\u00e9e\" \/>\n\t<meta name=\"twitter:data1\" content=\"2 minutes\" \/>\n<script type=\"application\/ld+json\" class=\"yoast-schema-graph\">{\"@context\":\"https:\/\/schema.org\",\"@graph\":[{\"@type\":\"WebPage\",\"@id\":\"https:\/\/www.hsbidentification.com\/fr\/nos-solutions\/piece-didentite\/enregistrement-des-agents-civils\/\",\"url\":\"https:\/\/www.hsbidentification.com\/fr\/nos-solutions\/piece-didentite\/enregistrement-des-agents-civils\/\",\"name\":\"Enregistrement des fonctionnaires - HSB Identification\",\"isPartOf\":{\"@id\":\"https:\/\/www.hsbidentification.com\/#website\"},\"primaryImageOfPage\":{\"@id\":\"https:\/\/www.hsbidentification.com\/fr\/nos-solutions\/piece-didentite\/enregistrement-des-agents-civils\/#primaryimage\"},\"image\":{\"@id\":\"https:\/\/www.hsbidentification.com\/fr\/nos-solutions\/piece-didentite\/enregistrement-des-agents-civils\/#primaryimage\"},\"thumbnailUrl\":\"https:\/\/www.hsbidentification.com\/wp-content\/uploads\/2014\/12\/civil-servants-id-kit.jpg\",\"datePublished\":\"2014-12-09T12:56:58+00:00\",\"dateModified\":\"2020-12-24T15:39:03+00:00\",\"description\":\"Inscription biom\u00e9trique des fonctionnaires pour \u00e9viter les doublons \u00e0 l'aide de la technologie des empreintes digitales.\",\"breadcrumb\":{\"@id\":\"https:\/\/www.hsbidentification.com\/fr\/nos-solutions\/piece-didentite\/enregistrement-des-agents-civils\/#breadcrumb\"},\"inLanguage\":\"fr-FR\",\"potentialAction\":[{\"@type\":\"ReadAction\",\"target\":[\"https:\/\/www.hsbidentification.com\/fr\/nos-solutions\/piece-didentite\/enregistrement-des-agents-civils\/\"]}]},{\"@type\":\"ImageObject\",\"inLanguage\":\"fr-FR\",\"@id\":\"https:\/\/www.hsbidentification.com\/fr\/nos-solutions\/piece-didentite\/enregistrement-des-agents-civils\/#primaryimage\",\"url\":\"https:\/\/www.hsbidentification.com\/wp-content\/uploads\/2014\/12\/civil-servants-id-kit.jpg\",\"contentUrl\":\"https:\/\/www.hsbidentification.com\/wp-content\/uploads\/2014\/12\/civil-servants-id-kit.jpg\"},{\"@type\":\"BreadcrumbList\",\"@id\":\"https:\/\/www.hsbidentification.com\/fr\/nos-solutions\/piece-didentite\/enregistrement-des-agents-civils\/#breadcrumb\",\"itemListElement\":[{\"@type\":\"ListItem\",\"position\":1,\"name\":\"Home\",\"item\":\"https:\/\/www.hsbidentification.com\/fr\/\"},{\"@type\":\"ListItem\",\"position\":2,\"name\":\"NOS SOLUTIONS\",\"item\":\"https:\/\/www.hsbidentification.com\/fr\/nos-solutions\/\"},{\"@type\":\"ListItem\",\"position\":3,\"name\":\"Carte nationale d&rsquo;identit\u00e9\",\"item\":\"https:\/\/www.hsbidentification.com\/fr\/nos-solutions\/piece-didentite\/\"},{\"@type\":\"ListItem\",\"position\":4,\"name\":\"Enregistrement des fonctionnaires\"}]},{\"@type\":\"WebSite\",\"@id\":\"https:\/\/www.hsbidentification.com\/#website\",\"url\":\"https:\/\/www.hsbidentification.com\/\",\"name\":\"HSB Identification\",\"description\":\"Digital Identity Solutions\",\"publisher\":{\"@id\":\"https:\/\/www.hsbidentification.com\/#organization\"},\"potentialAction\":[{\"@type\":\"SearchAction\",\"target\":{\"@type\":\"EntryPoint\",\"urlTemplate\":\"https:\/\/www.hsbidentification.com\/?s={search_term_string}\"},\"query-input\":{\"@type\":\"PropertyValueSpecification\",\"valueRequired\":true,\"valueName\":\"search_term_string\"}}],\"inLanguage\":\"fr-FR\"},{\"@type\":\"Organization\",\"@id\":\"https:\/\/www.hsbidentification.com\/#organization\",\"name\":\"HSB Identification\",\"url\":\"https:\/\/www.hsbidentification.com\/\",\"logo\":{\"@type\":\"ImageObject\",\"inLanguage\":\"fr-FR\",\"@id\":\"https:\/\/www.hsbidentification.com\/#\/schema\/logo\/image\/\",\"url\":\"https:\/\/www.hsbidentification.com\/wp-content\/uploads\/2024\/05\/logo-HSB-2000x1000-1.png\",\"contentUrl\":\"https:\/\/www.hsbidentification.com\/wp-content\/uploads\/2024\/05\/logo-HSB-2000x1000-1.png\",\"width\":3926,\"height\":2135,\"caption\":\"HSB Identification\"},\"image\":{\"@id\":\"https:\/\/www.hsbidentification.com\/#\/schema\/logo\/image\/\"},\"sameAs\":[\"https:\/\/www.linkedin.com\/company\/hsb-identification\"]}]}<\/script>\n<!-- \/ Yoast SEO plugin. -->","yoast_head_json":{"title":"Enregistrement des fonctionnaires - HSB Identification","description":"Inscription biom\u00e9trique des fonctionnaires pour \u00e9viter les doublons \u00e0 l'aide de la technologie des empreintes digitales.","robots":{"index":"index","follow":"follow","max-snippet":"max-snippet:-1","max-image-preview":"max-image-preview:large","max-video-preview":"max-video-preview:-1"},"canonical":"https:\/\/www.hsbidentification.com\/fr\/nos-solutions\/piece-didentite\/enregistrement-des-agents-civils\/","og_locale":"fr_FR","og_type":"article","og_title":"Enregistrement des fonctionnaires - HSB Identification","og_description":"Inscription biom\u00e9trique des fonctionnaires pour \u00e9viter les doublons \u00e0 l'aide de la technologie des empreintes digitales.","og_url":"https:\/\/www.hsbidentification.com\/fr\/nos-solutions\/piece-didentite\/enregistrement-des-agents-civils\/","og_site_name":"HSB Identification","article_modified_time":"2020-12-24T15:39:03+00:00","og_image":[{"url":"https:\/\/www.hsbidentification.com\/wp-content\/uploads\/2014\/12\/civil-servants-id-kit.jpg","type":"","width":"","height":""}],"twitter_misc":{"Dur\u00e9e de lecture estim\u00e9e":"2 minutes"},"schema":{"@context":"https:\/\/schema.org","@graph":[{"@type":"WebPage","@id":"https:\/\/www.hsbidentification.com\/fr\/nos-solutions\/piece-didentite\/enregistrement-des-agents-civils\/","url":"https:\/\/www.hsbidentification.com\/fr\/nos-solutions\/piece-didentite\/enregistrement-des-agents-civils\/","name":"Enregistrement des fonctionnaires - HSB Identification","isPartOf":{"@id":"https:\/\/www.hsbidentification.com\/#website"},"primaryImageOfPage":{"@id":"https:\/\/www.hsbidentification.com\/fr\/nos-solutions\/piece-didentite\/enregistrement-des-agents-civils\/#primaryimage"},"image":{"@id":"https:\/\/www.hsbidentification.com\/fr\/nos-solutions\/piece-didentite\/enregistrement-des-agents-civils\/#primaryimage"},"thumbnailUrl":"https:\/\/www.hsbidentification.com\/wp-content\/uploads\/2014\/12\/civil-servants-id-kit.jpg","datePublished":"2014-12-09T12:56:58+00:00","dateModified":"2020-12-24T15:39:03+00:00","description":"Inscription biom\u00e9trique des fonctionnaires pour \u00e9viter les doublons \u00e0 l'aide de la technologie des empreintes digitales.","breadcrumb":{"@id":"https:\/\/www.hsbidentification.com\/fr\/nos-solutions\/piece-didentite\/enregistrement-des-agents-civils\/#breadcrumb"},"inLanguage":"fr-FR","potentialAction":[{"@type":"ReadAction","target":["https:\/\/www.hsbidentification.com\/fr\/nos-solutions\/piece-didentite\/enregistrement-des-agents-civils\/"]}]},{"@type":"ImageObject","inLanguage":"fr-FR","@id":"https:\/\/www.hsbidentification.com\/fr\/nos-solutions\/piece-didentite\/enregistrement-des-agents-civils\/#primaryimage","url":"https:\/\/www.hsbidentification.com\/wp-content\/uploads\/2014\/12\/civil-servants-id-kit.jpg","contentUrl":"https:\/\/www.hsbidentification.com\/wp-content\/uploads\/2014\/12\/civil-servants-id-kit.jpg"},{"@type":"BreadcrumbList","@id":"https:\/\/www.hsbidentification.com\/fr\/nos-solutions\/piece-didentite\/enregistrement-des-agents-civils\/#breadcrumb","itemListElement":[{"@type":"ListItem","position":1,"name":"Home","item":"https:\/\/www.hsbidentification.com\/fr\/"},{"@type":"ListItem","position":2,"name":"NOS SOLUTIONS","item":"https:\/\/www.hsbidentification.com\/fr\/nos-solutions\/"},{"@type":"ListItem","position":3,"name":"Carte nationale d&rsquo;identit\u00e9","item":"https:\/\/www.hsbidentification.com\/fr\/nos-solutions\/piece-didentite\/"},{"@type":"ListItem","position":4,"name":"Enregistrement des fonctionnaires"}]},{"@type":"WebSite","@id":"https:\/\/www.hsbidentification.com\/#website","url":"https:\/\/www.hsbidentification.com\/","name":"HSB Identification","description":"Digital Identity Solutions","publisher":{"@id":"https:\/\/www.hsbidentification.com\/#organization"},"potentialAction":[{"@type":"SearchAction","target":{"@type":"EntryPoint","urlTemplate":"https:\/\/www.hsbidentification.com\/?s={search_term_string}"},"query-input":{"@type":"PropertyValueSpecification","valueRequired":true,"valueName":"search_term_string"}}],"inLanguage":"fr-FR"},{"@type":"Organization","@id":"https:\/\/www.hsbidentification.com\/#organization","name":"HSB Identification","url":"https:\/\/www.hsbidentification.com\/","logo":{"@type":"ImageObject","inLanguage":"fr-FR","@id":"https:\/\/www.hsbidentification.com\/#\/schema\/logo\/image\/","url":"https:\/\/www.hsbidentification.com\/wp-content\/uploads\/2024\/05\/logo-HSB-2000x1000-1.png","contentUrl":"https:\/\/www.hsbidentification.com\/wp-content\/uploads\/2024\/05\/logo-HSB-2000x1000-1.png","width":3926,"height":2135,"caption":"HSB Identification"},"image":{"@id":"https:\/\/www.hsbidentification.com\/#\/schema\/logo\/image\/"},"sameAs":["https:\/\/www.linkedin.com\/company\/hsb-identification"]}]}},"_links":{"self":[{"href":"https:\/\/www.hsbidentification.com\/fr\/wp-json\/wp\/v2\/pages\/2299","targetHints":{"allow":["GET"]}}],"collection":[{"href":"https:\/\/www.hsbidentification.com\/fr\/wp-json\/wp\/v2\/pages"}],"about":[{"href":"https:\/\/www.hsbidentification.com\/fr\/wp-json\/wp\/v2\/types\/page"}],"author":[{"embeddable":true,"href":"https:\/\/www.hsbidentification.com\/fr\/wp-json\/wp\/v2\/users\/4"}],"replies":[{"embeddable":true,"href":"https:\/\/www.hsbidentification.com\/fr\/wp-json\/wp\/v2\/comments?post=2299"}],"version-history":[{"count":9,"href":"https:\/\/www.hsbidentification.com\/fr\/wp-json\/wp\/v2\/pages\/2299\/revisions"}],"predecessor-version":[{"id":2303,"href":"https:\/\/www.hsbidentification.com\/fr\/wp-json\/wp\/v2\/pages\/2299\/revisions\/2303"}],"up":[{"embeddable":true,"href":"https:\/\/www.hsbidentification.com\/fr\/wp-json\/wp\/v2\/pages\/2132"}],"wp:attachment":[{"href":"https:\/\/www.hsbidentification.com\/fr\/wp-json\/wp\/v2\/media?parent=2299"}],"curies":[{"name":"wp","href":"https:\/\/api.w.org\/{rel}","templated":true}]}}