{"id":2289,"date":"2012-11-07T19:44:50","date_gmt":"2012-11-07T19:44:50","guid":{"rendered":"https:\/\/www.hsbidentification.com\/our-solutions\/health-care\/"},"modified":"2020-12-24T16:05:41","modified_gmt":"2020-12-24T16:05:41","slug":"soins-de-sante","status":"publish","type":"page","link":"https:\/\/www.hsbidentification.com\/fr\/nos-solutions\/soins-de-sante\/","title":{"rendered":"Soins de Sant\u00e9"},"content":{"rendered":"<hr \/>\n<p><strong>La biom\u00e9trie est un outil pour prot\u00e9ger la vie priv\u00e9e dans les syst\u00e8mes de sant\u00e9. Les patients peuvent s\u00e9curiser leurs informations m\u00e9dicales en utilisant des empreintes digitales et des cartes \u00e0 puce par exemple. Dans d&rsquo;autres syst\u00e8mes, les professionnels ne sont autoris\u00e9s \u00e0 acc\u00e9der aux informations de sant\u00e9 de leurs patients qu&rsquo;apr\u00e8s une authentification biom\u00e9trique positive. Une preuve d&rsquo;identit\u00e9 solide est \u00e9galement essentielle pour \u00e9viter les erreurs dans l&rsquo;\u00e9change ind\u00e9sirable de l&rsquo; identit\u00e9 des patients.<\/strong><\/p>\n<p>Une autre tendance est l&rsquo; augmentation des budgets des soins de sant\u00e9. Les co\u00fbts des soins de sant\u00e9 augmentent rapidement en raison de l&rsquo;utilisation de technologies de pointe, de m\u00e9dicaments plus chers et d&rsquo;un \u00e2ge moyen plus \u00e9lev\u00e9. Dans d&rsquo;autres pays, la raison de l&rsquo;augmentation des budgets est le nombre croissant de personnes ayant acc\u00e8s aux soins de sant\u00e9.<\/p>\n<p>Dans tous les cas, les assureurs maladie publics et priv\u00e9s ont besoin d&rsquo;un syst\u00e8me efficace o\u00f9 seuls les clients \u00e9ligibles ont acc\u00e8s au bon traitement. Et l\u00e0 o\u00f9 la fraude aux r\u00e9clamations est r\u00e9duite aussi bien par les professionnels que les patients. La fraude d&rsquo;identit\u00e9 peut \u00eatre r\u00e9duite gr\u00e2ce \u00e0 l&rsquo;utilisation de la biom\u00e9trie.<\/p>\n<p>HSB identification a travaill\u00e9 sur de nombreux projets biom\u00e9triques pour des organisations de soins de sant\u00e9 et des agences d&rsquo;assurance maladie.<\/p>\n<hr \/>\n<h4>EN SAVOIR PLUS SUR NOS PROJETS TERMIN\u00c9S ET ACTUELS<\/h4>\n<p>&nbsp;<\/p>\n<div class=\"uk-alert\">\n<p><a href=\"https:\/\/www.hsbidentification.com\/fr\/nos-solutions\/soins-de-sante\/id-national-de-sante\/\"><img loading=\"lazy\" decoding=\"async\" class=\"uk-alert-our-solutions\" src=\"https:\/\/www.hsbidentification.com\/wp-content\/uploads\/2014\/12\/teaser-NHIA-ghana.jpg\" alt=\"National Health ID\" width=\"100\" height=\"100\" \/><\/a><\/p>\n<h3 class=\"our-products-heading\"><a href=\"https:\/\/www.hsbidentification.com\/fr\/nos-solutions\/soins-de-sante\/id-national-de-sante\/\">Carte sant\u00e9 nationale<\/a><\/h3>\n<p><a href=\"https:\/\/www.hsbidentification.com\/fr\/nos-solutions\/soins-de-sante\/id-national-de-sante\/\">L&rsquo;Agence nationale d&rsquo;assurance maladie du Ghana compte au total plus de 8 millions de membres. La carte d&rsquo;identit\u00e9 actuelle est remplac\u00e9e par une carte \u00e0 puce d&rsquo;identification biom\u00e9trique. L&rsquo;objectif de ce projet est d&rsquo;am\u00e9liorer la transparence du processus de r\u00e9clamation et de r\u00e9duire les co\u00fbts.<\/a><a href=\"https:\/\/www.hsbidentification.com\/fr\/nos-solutions\/soins-de-sante\/id-national-de-sante\/\"><strong> Lire la suite\u2026<\/strong><\/a><\/p>\n<\/div>\n<p>&nbsp;<\/p>\n","protected":false},"excerpt":{"rendered":"<p>La biom\u00e9trie est un outil pour prot\u00e9ger la vie priv\u00e9e dans les syst\u00e8mes de sant\u00e9. Les patients peuvent s\u00e9curiser leurs informations m\u00e9dicales en utilisant des empreintes digitales et des cartes \u00e0 puce par exemple. Dans d&rsquo;autres syst\u00e8mes, les professionnels ne sont autoris\u00e9s \u00e0 acc\u00e9der aux informations de sant\u00e9 de leurs patients qu&rsquo;apr\u00e8s une authentification biom\u00e9trique [&hellip;]<\/p>\n","protected":false},"author":4,"featured_media":0,"parent":2127,"menu_order":0,"comment_status":"closed","ping_status":"closed","template":"","meta":{"_monsterinsights_skip_tracking":false,"_monsterinsights_sitenote_active":false,"_monsterinsights_sitenote_note":"","_monsterinsights_sitenote_category":0,"footnotes":""},"class_list":["post-2289","page","type-page","status-publish","hentry"],"yoast_head":"<!-- This site is optimized with the Yoast SEO plugin v26.7 - https:\/\/yoast.com\/wordpress\/plugins\/seo\/ -->\n<title>Soins de Sant\u00e9 - HSB identification<\/title>\n<meta name=\"description\" content=\"D\u00e9couvrez des solutions biom\u00e9triques sur le march\u00e9 des soins de sant\u00e9 comme la solution Android pour v\u00e9rifier l&#039;ID unique.\" \/>\n<meta name=\"robots\" content=\"index, follow, max-snippet:-1, max-image-preview:large, max-video-preview:-1\" \/>\n<link rel=\"canonical\" href=\"https:\/\/www.hsbidentification.com\/fr\/nos-solutions\/soins-de-sante\/\" \/>\n<meta property=\"og:locale\" content=\"fr_FR\" \/>\n<meta property=\"og:type\" content=\"article\" \/>\n<meta property=\"og:title\" content=\"Soins de Sant\u00e9 - HSB identification\" \/>\n<meta property=\"og:description\" content=\"D\u00e9couvrez des solutions biom\u00e9triques sur le march\u00e9 des soins de sant\u00e9 comme la solution Android pour v\u00e9rifier l&#039;ID unique.\" \/>\n<meta property=\"og:url\" content=\"https:\/\/www.hsbidentification.com\/fr\/nos-solutions\/soins-de-sante\/\" \/>\n<meta property=\"og:site_name\" content=\"HSB Identification\" \/>\n<meta property=\"article:modified_time\" content=\"2020-12-24T16:05:41+00:00\" \/>\n<meta property=\"og:image\" content=\"https:\/\/www.hsbidentification.com\/wp-content\/uploads\/2014\/12\/teaser-NHIA-ghana.jpg\" \/>\n<meta name=\"twitter:label1\" content=\"Dur\u00e9e de lecture estim\u00e9e\" \/>\n\t<meta name=\"twitter:data1\" content=\"1 minute\" \/>\n<script type=\"application\/ld+json\" class=\"yoast-schema-graph\">{\"@context\":\"https:\/\/schema.org\",\"@graph\":[{\"@type\":\"WebPage\",\"@id\":\"https:\/\/www.hsbidentification.com\/fr\/nos-solutions\/soins-de-sante\/\",\"url\":\"https:\/\/www.hsbidentification.com\/fr\/nos-solutions\/soins-de-sante\/\",\"name\":\"Soins de Sant\u00e9 - HSB identification\",\"isPartOf\":{\"@id\":\"https:\/\/www.hsbidentification.com\/#website\"},\"primaryImageOfPage\":{\"@id\":\"https:\/\/www.hsbidentification.com\/fr\/nos-solutions\/soins-de-sante\/#primaryimage\"},\"image\":{\"@id\":\"https:\/\/www.hsbidentification.com\/fr\/nos-solutions\/soins-de-sante\/#primaryimage\"},\"thumbnailUrl\":\"https:\/\/www.hsbidentification.com\/wp-content\/uploads\/2014\/12\/teaser-NHIA-ghana.jpg\",\"datePublished\":\"2012-11-07T19:44:50+00:00\",\"dateModified\":\"2020-12-24T16:05:41+00:00\",\"description\":\"D\u00e9couvrez des solutions biom\u00e9triques sur le march\u00e9 des soins de sant\u00e9 comme la solution Android pour v\u00e9rifier l'ID unique.\",\"breadcrumb\":{\"@id\":\"https:\/\/www.hsbidentification.com\/fr\/nos-solutions\/soins-de-sante\/#breadcrumb\"},\"inLanguage\":\"fr-FR\",\"potentialAction\":[{\"@type\":\"ReadAction\",\"target\":[\"https:\/\/www.hsbidentification.com\/fr\/nos-solutions\/soins-de-sante\/\"]}]},{\"@type\":\"ImageObject\",\"inLanguage\":\"fr-FR\",\"@id\":\"https:\/\/www.hsbidentification.com\/fr\/nos-solutions\/soins-de-sante\/#primaryimage\",\"url\":\"https:\/\/www.hsbidentification.com\/wp-content\/uploads\/2014\/12\/teaser-NHIA-ghana.jpg\",\"contentUrl\":\"https:\/\/www.hsbidentification.com\/wp-content\/uploads\/2014\/12\/teaser-NHIA-ghana.jpg\"},{\"@type\":\"BreadcrumbList\",\"@id\":\"https:\/\/www.hsbidentification.com\/fr\/nos-solutions\/soins-de-sante\/#breadcrumb\",\"itemListElement\":[{\"@type\":\"ListItem\",\"position\":1,\"name\":\"Home\",\"item\":\"https:\/\/www.hsbidentification.com\/fr\/\"},{\"@type\":\"ListItem\",\"position\":2,\"name\":\"NOS SOLUTIONS\",\"item\":\"https:\/\/www.hsbidentification.com\/fr\/nos-solutions\/\"},{\"@type\":\"ListItem\",\"position\":3,\"name\":\"Soins de Sant\u00e9\"}]},{\"@type\":\"WebSite\",\"@id\":\"https:\/\/www.hsbidentification.com\/#website\",\"url\":\"https:\/\/www.hsbidentification.com\/\",\"name\":\"HSB Identification\",\"description\":\"Digital Identity Solutions\",\"publisher\":{\"@id\":\"https:\/\/www.hsbidentification.com\/#organization\"},\"potentialAction\":[{\"@type\":\"SearchAction\",\"target\":{\"@type\":\"EntryPoint\",\"urlTemplate\":\"https:\/\/www.hsbidentification.com\/?s={search_term_string}\"},\"query-input\":{\"@type\":\"PropertyValueSpecification\",\"valueRequired\":true,\"valueName\":\"search_term_string\"}}],\"inLanguage\":\"fr-FR\"},{\"@type\":\"Organization\",\"@id\":\"https:\/\/www.hsbidentification.com\/#organization\",\"name\":\"HSB Identification\",\"url\":\"https:\/\/www.hsbidentification.com\/\",\"logo\":{\"@type\":\"ImageObject\",\"inLanguage\":\"fr-FR\",\"@id\":\"https:\/\/www.hsbidentification.com\/#\/schema\/logo\/image\/\",\"url\":\"https:\/\/www.hsbidentification.com\/wp-content\/uploads\/2024\/05\/logo-HSB-2000x1000-1.png\",\"contentUrl\":\"https:\/\/www.hsbidentification.com\/wp-content\/uploads\/2024\/05\/logo-HSB-2000x1000-1.png\",\"width\":3926,\"height\":2135,\"caption\":\"HSB Identification\"},\"image\":{\"@id\":\"https:\/\/www.hsbidentification.com\/#\/schema\/logo\/image\/\"},\"sameAs\":[\"https:\/\/www.linkedin.com\/company\/hsb-identification\"]}]}<\/script>\n<!-- \/ Yoast SEO plugin. -->","yoast_head_json":{"title":"Soins de Sant\u00e9 - HSB identification","description":"D\u00e9couvrez des solutions biom\u00e9triques sur le march\u00e9 des soins de sant\u00e9 comme la solution Android pour v\u00e9rifier l'ID unique.","robots":{"index":"index","follow":"follow","max-snippet":"max-snippet:-1","max-image-preview":"max-image-preview:large","max-video-preview":"max-video-preview:-1"},"canonical":"https:\/\/www.hsbidentification.com\/fr\/nos-solutions\/soins-de-sante\/","og_locale":"fr_FR","og_type":"article","og_title":"Soins de Sant\u00e9 - HSB identification","og_description":"D\u00e9couvrez des solutions biom\u00e9triques sur le march\u00e9 des soins de sant\u00e9 comme la solution Android pour v\u00e9rifier l'ID unique.","og_url":"https:\/\/www.hsbidentification.com\/fr\/nos-solutions\/soins-de-sante\/","og_site_name":"HSB Identification","article_modified_time":"2020-12-24T16:05:41+00:00","og_image":[{"url":"https:\/\/www.hsbidentification.com\/wp-content\/uploads\/2014\/12\/teaser-NHIA-ghana.jpg","type":"","width":"","height":""}],"twitter_misc":{"Dur\u00e9e de lecture estim\u00e9e":"1 minute"},"schema":{"@context":"https:\/\/schema.org","@graph":[{"@type":"WebPage","@id":"https:\/\/www.hsbidentification.com\/fr\/nos-solutions\/soins-de-sante\/","url":"https:\/\/www.hsbidentification.com\/fr\/nos-solutions\/soins-de-sante\/","name":"Soins de Sant\u00e9 - HSB identification","isPartOf":{"@id":"https:\/\/www.hsbidentification.com\/#website"},"primaryImageOfPage":{"@id":"https:\/\/www.hsbidentification.com\/fr\/nos-solutions\/soins-de-sante\/#primaryimage"},"image":{"@id":"https:\/\/www.hsbidentification.com\/fr\/nos-solutions\/soins-de-sante\/#primaryimage"},"thumbnailUrl":"https:\/\/www.hsbidentification.com\/wp-content\/uploads\/2014\/12\/teaser-NHIA-ghana.jpg","datePublished":"2012-11-07T19:44:50+00:00","dateModified":"2020-12-24T16:05:41+00:00","description":"D\u00e9couvrez des solutions biom\u00e9triques sur le march\u00e9 des soins de sant\u00e9 comme la solution Android pour v\u00e9rifier l'ID unique.","breadcrumb":{"@id":"https:\/\/www.hsbidentification.com\/fr\/nos-solutions\/soins-de-sante\/#breadcrumb"},"inLanguage":"fr-FR","potentialAction":[{"@type":"ReadAction","target":["https:\/\/www.hsbidentification.com\/fr\/nos-solutions\/soins-de-sante\/"]}]},{"@type":"ImageObject","inLanguage":"fr-FR","@id":"https:\/\/www.hsbidentification.com\/fr\/nos-solutions\/soins-de-sante\/#primaryimage","url":"https:\/\/www.hsbidentification.com\/wp-content\/uploads\/2014\/12\/teaser-NHIA-ghana.jpg","contentUrl":"https:\/\/www.hsbidentification.com\/wp-content\/uploads\/2014\/12\/teaser-NHIA-ghana.jpg"},{"@type":"BreadcrumbList","@id":"https:\/\/www.hsbidentification.com\/fr\/nos-solutions\/soins-de-sante\/#breadcrumb","itemListElement":[{"@type":"ListItem","position":1,"name":"Home","item":"https:\/\/www.hsbidentification.com\/fr\/"},{"@type":"ListItem","position":2,"name":"NOS SOLUTIONS","item":"https:\/\/www.hsbidentification.com\/fr\/nos-solutions\/"},{"@type":"ListItem","position":3,"name":"Soins de Sant\u00e9"}]},{"@type":"WebSite","@id":"https:\/\/www.hsbidentification.com\/#website","url":"https:\/\/www.hsbidentification.com\/","name":"HSB Identification","description":"Digital Identity Solutions","publisher":{"@id":"https:\/\/www.hsbidentification.com\/#organization"},"potentialAction":[{"@type":"SearchAction","target":{"@type":"EntryPoint","urlTemplate":"https:\/\/www.hsbidentification.com\/?s={search_term_string}"},"query-input":{"@type":"PropertyValueSpecification","valueRequired":true,"valueName":"search_term_string"}}],"inLanguage":"fr-FR"},{"@type":"Organization","@id":"https:\/\/www.hsbidentification.com\/#organization","name":"HSB Identification","url":"https:\/\/www.hsbidentification.com\/","logo":{"@type":"ImageObject","inLanguage":"fr-FR","@id":"https:\/\/www.hsbidentification.com\/#\/schema\/logo\/image\/","url":"https:\/\/www.hsbidentification.com\/wp-content\/uploads\/2024\/05\/logo-HSB-2000x1000-1.png","contentUrl":"https:\/\/www.hsbidentification.com\/wp-content\/uploads\/2024\/05\/logo-HSB-2000x1000-1.png","width":3926,"height":2135,"caption":"HSB Identification"},"image":{"@id":"https:\/\/www.hsbidentification.com\/#\/schema\/logo\/image\/"},"sameAs":["https:\/\/www.linkedin.com\/company\/hsb-identification"]}]}},"_links":{"self":[{"href":"https:\/\/www.hsbidentification.com\/fr\/wp-json\/wp\/v2\/pages\/2289","targetHints":{"allow":["GET"]}}],"collection":[{"href":"https:\/\/www.hsbidentification.com\/fr\/wp-json\/wp\/v2\/pages"}],"about":[{"href":"https:\/\/www.hsbidentification.com\/fr\/wp-json\/wp\/v2\/types\/page"}],"author":[{"embeddable":true,"href":"https:\/\/www.hsbidentification.com\/fr\/wp-json\/wp\/v2\/users\/4"}],"replies":[{"embeddable":true,"href":"https:\/\/www.hsbidentification.com\/fr\/wp-json\/wp\/v2\/comments?post=2289"}],"version-history":[{"count":9,"href":"https:\/\/www.hsbidentification.com\/fr\/wp-json\/wp\/v2\/pages\/2289\/revisions"}],"predecessor-version":[{"id":2916,"href":"https:\/\/www.hsbidentification.com\/fr\/wp-json\/wp\/v2\/pages\/2289\/revisions\/2916"}],"up":[{"embeddable":true,"href":"https:\/\/www.hsbidentification.com\/fr\/wp-json\/wp\/v2\/pages\/2127"}],"wp:attachment":[{"href":"https:\/\/www.hsbidentification.com\/fr\/wp-json\/wp\/v2\/media?parent=2289"}],"curies":[{"name":"wp","href":"https:\/\/api.w.org\/{rel}","templated":true}]}}