{"id":2283,"date":"2014-12-09T11:30:09","date_gmt":"2014-12-09T11:30:09","guid":{"rendered":"https:\/\/www.hsbidentification.com\/our-solutions\/elections\/online-voter-registration\/"},"modified":"2020-12-24T15:57:18","modified_gmt":"2020-12-24T15:57:18","slug":"inscription-en-ligne-des-electeurs","status":"publish","type":"page","link":"https:\/\/www.hsbidentification.com\/fr\/nos-solutions\/elections\/inscription-en-ligne-des-electeurs\/","title":{"rendered":"INSCRIPTION EN LIGNE DES \u00c9LECTEURS"},"content":{"rendered":"<hr \/>\n<p><strong>HSB identification a prouv\u00e9 lors d&rsquo;op\u00e9rations sp\u00e9ciales que nous pouvons aider les commissions \u00e9lectorales \u00e0 pr\u00e9parer du mat\u00e9riel d&rsquo;occasion, y compris des kits d&rsquo;enregistrement biom\u00e9trique des \u00e9lecteurs (BVR).<\/strong><\/p>\n<p><img loading=\"lazy\" decoding=\"async\" class=\"alignleft size-full\" src=\"https:\/\/www.hsbidentification.com\/\/wp-content\/uploads\/2014\/12\/Ghana-Voter-Registration-2012-3.jpg\" alt=\"GHANA voter registration\" width=\"350\" height=\"263\" \/>Les kits BVR utilis\u00e9s pour les \u00e9lections de 2012 au Ghana ont \u00e9t\u00e9 enti\u00e8rement r\u00e9nov\u00e9s. Les composants sont nettoy\u00e9s, restaur\u00e9s et les \u00e9l\u00e9ments manquants remplac\u00e9s. Un nouveau logiciel est install\u00e9 sur les kits d&rsquo;inscription et avec ces kits, un million de nouveaux \u00e9lecteurs sont enregistr\u00e9s.<\/p>\n<p>La plupart des premiers programmes d&rsquo;inscription des \u00e9lecteurs sont hors ligne. Le but de chaque commission \u00e9lectorale est de maintenir et de mettre \u00e0 jour le registre pour avoir un registre pr\u00e9cis tout le temps. HSB a \u00e9galement fourni dans le cadre de ce projet le logiciel d&rsquo;inscription des \u00e9lecteurs en ligne BioRegistrator \u00ae pour une inscription continue.<\/p>\n<p>Des kits d&rsquo;inscription biom\u00e9trique des \u00e9lecteurs en ligne sont install\u00e9s dans les bureaux de district du pays. Les registres \u00e9lectoraux peuvent ainsi \u00eatre modifi\u00e9s ou ajout\u00e9s en ligne. Par exemple, les jeunes qui ont 18 ans.<\/p>\n<p>Les op\u00e9rateurs examinent les \u00e9lecteurs avec plusieurs inscriptions en utilisant le syst\u00e8me avanc\u00e9 d&rsquo; arbitrage BioRegistrator \u00ae. Ce produit comprend des v\u00e9rifications crois\u00e9es et des interfaces graphiques am\u00e9lior\u00e9es pour permettre aux op\u00e9rateurs de prendre les bonnes d\u00e9cisions.<\/p>\n<p>En utilisant la nouvelle solution d&rsquo;inscription biom\u00e9trique des \u00e9lecteurs en ligne, le Ghana est en avance sur les autres pays pour pouvoir assurer un registre \u00e0 jour.<\/p>\n<p>&nbsp;<\/p>\n<div class=\"responsive-container\"><iframe loading=\"lazy\" src=\"\/\/www.youtube.com\/embed\/AiUb36OwTe0\" width=\"455\" height=\"330\" frameborder=\"0\" allowfullscreen=\"allowfullscreen\"><\/iframe><\/div>\n<h4>Pourrait vous int\u00e9resser:<\/h4>\n<div class=\"uk-grid\">\n<div class=\"uk-width-medium-1-3\">\n<div class=\"uk-alert\">\n<p>&nbsp;<\/p>\n<h3 align=\"center\"><a href=\"https:\/\/www.hsbidentification.com\/fr\/nos-solutions\/elections\/inscription-des-electeurs-du-ghana\/\">Registre de vote<\/a><\/h3>\n<div align=\"center\"><a href=\"https:\/\/www.hsbidentification.com\/fr\/nos-solutions\/elections\/inscription-des-electeurs-du-ghana\/\"><img loading=\"lazy\" decoding=\"async\" class=\"alignnone size-full wp-image-1642\" src=\"https:\/\/www.hsbidentification.com\/wp-content\/uploads\/2015\/07\/Ghana-Voter-Registration-mboi.jpg\" alt=\"Ghana Voter Registration\" width=\"150\" height=\"150\" \/><\/a><\/div>\n<p align=\"center\"><a href=\"https:\/\/www.hsbidentification.com\/fr\/nos-solutions\/elections\/inscription-des-electeurs-du-ghana\/\">Au Ghana, 14 millions de personnes enregistr\u00e9es avec 7000 kits en 40 jours.<\/a> <a href=\"https:\/\/www.hsbidentification.com\/fr\/nos-solutions\/elections\/inscription-des-electeurs-du-ghana\/\"><strong>Lire la suite&#8230;<\/strong><\/a><\/p>\n<p>&nbsp;<\/p>\n<p class=\"seotext\">HSB identification a r\u00e9alis\u00e9 l&rsquo;un des projets d&rsquo;inscription biom\u00e9trique des plus importants et des plus r\u00e9ussis en fournissant plus de 7000 kits d&rsquo;enregistrement biom\u00e9trique des \u00e9lecteurs (BVR) pour enregistrer 14 millions de personnes en seulement 40 jours!<\/p>\n<\/div>\n<\/div>\n<div class=\"uk-width-medium-1-3\">\n<div class=\"uk-alert\">\n<p>&nbsp;<\/p>\n<h3 align=\"center\"><a href=\"https:\/\/www.hsbidentification.com\/fr\/our-products\/solution-denregistrement-biometrique\/\">Solution d\u2019enregistrement<\/a><\/h3>\n<div align=\"center\"><a href=\"https:\/\/www.hsbidentification.com\/fr\/our-products\/solution-denregistrement-biometrique\/\"><img loading=\"lazy\" decoding=\"async\" class=\"alignnone size-full wp-image-1651\" src=\"https:\/\/www.hsbidentification.com\/wp-content\/uploads\/2015\/06\/biometric-registration-kit.jpg\" alt=\"Biometric Registration Kit\" width=\"150\" height=\"150\" srcset=\"https:\/\/www.hsbidentification.com\/wp-content\/uploads\/2015\/06\/biometric-registration-kit.jpg 250w, https:\/\/www.hsbidentification.com\/wp-content\/uploads\/2015\/06\/biometric-registration-kit-150x150.jpg 150w\" sizes=\"auto, (max-width: 150px) 100vw, 150px\" \/><\/a><\/div>\n<p align=\"center\"><a href=\"https:\/\/www.hsbidentification.com\/fr\/our-products\/solution-denregistrement-biometrique\/\">Cr\u00e9ation d&rsquo;un identifiant unique utilisant la biom\u00e9trie \u00e0 l&rsquo;aide de kits d&rsquo;enregistrement biom\u00e9triques.<\/a> <a href=\"https:\/\/www.hsbidentification.com\/fr\/our-products\/solution-denregistrement-biometrique\/\"><strong>Lire la suite&#8230;<\/strong><\/a><\/p>\n<p>&nbsp;<\/p>\n<p class=\"seotext\">HSB identification a fait ses preuves dans la conception de solutions biom\u00e9triques flexibles de bo\u00eetiers robustes \u00e0 des fins d&rsquo;enregistrement, d&rsquo;identification et de v\u00e9rification. Diverses solutions ont \u00e9t\u00e9 propos\u00e9es dans le monde entier. Les composants des kits d&rsquo;enregistrement biom\u00e9trique ont surv\u00e9cu \u00e0 des conditions difficiles, prot\u00e9g\u00e9s par des bo\u00eetiers en aluminium et en ABS.<\/p>\n<\/div>\n<\/div>\n<div class=\"uk-width-medium-1-3\">\n<div class=\"uk-alert\">\n<p>&nbsp;<\/p>\n<h3 align=\"center\"><a href=\"https:\/\/www.hsbidentification.com\/fr\/our-products\/tablet-id\/\">Tablet-ID<sup>\u2122<\/sup><\/a><\/h3>\n<div align=\"center\"><a href=\"https:\/\/www.hsbidentification.com\/fr\/our-products\/tablet-id\/\"><img loading=\"lazy\" decoding=\"async\" class=\"alignnone size-full wp-image-1642\" src=\"https:\/\/www.hsbidentification.com\/wp-content\/uploads\/2015\/06\/tablet-id.jpg\" alt=\"TABLET ID\" width=\"150\" height=\"150\" srcset=\"https:\/\/www.hsbidentification.com\/wp-content\/uploads\/2015\/06\/tablet-id.jpg 250w, https:\/\/www.hsbidentification.com\/wp-content\/uploads\/2015\/06\/tablet-id-150x150.jpg 150w\" sizes=\"auto, (max-width: 150px) 100vw, 150px\" \/><\/a><\/div>\n<p align=\"center\"><a href=\"https:\/\/www.hsbidentification.com\/fr\/our-products\/tablet-id\/\">Enregistrement biom\u00e9trique mobile \u00e0 l&rsquo;aide de la tablette ID.<\/a> <a href=\"https:\/\/www.hsbidentification.com\/fr\/our-products\/tablet-id\/\"><strong>Lire la suite&#8230;<\/strong><\/a><\/p>\n<p>&nbsp;<\/p>\n<p class=\"seotext\">The Tablet-ID \u2122 est un appareil bas\u00e9 sur Android qui comprend la fonctionnalit\u00e9 d&rsquo;un lecteur d&#8217;empreintes digitales et d&rsquo;un lecteur de carte \u00e0 puce de haute qualit\u00e9. Une \u00e9norme capacit\u00e9 de batterie est int\u00e9gr\u00e9e \u00e0 cette solution pour assurer une autonomie allant jusqu&rsquo;\u00e0 13 heures. TABLET ID L&rsquo;application logicielle sur le Tablet-ID \u2122 peut \u00eatre personnalis\u00e9e selon les besoins du client.<\/p>\n<\/div>\n<\/div>\n<\/div>\n","protected":false},"excerpt":{"rendered":"<p>HSB identification a prouv\u00e9 lors d&rsquo;op\u00e9rations sp\u00e9ciales que nous pouvons aider les commissions \u00e9lectorales \u00e0 pr\u00e9parer du mat\u00e9riel d&rsquo;occasion, y compris des kits d&rsquo;enregistrement biom\u00e9trique des \u00e9lecteurs (BVR). Les kits BVR utilis\u00e9s pour les \u00e9lections de 2012 au Ghana ont \u00e9t\u00e9 enti\u00e8rement r\u00e9nov\u00e9s. Les composants sont nettoy\u00e9s, restaur\u00e9s et les \u00e9l\u00e9ments manquants remplac\u00e9s. Un nouveau [&hellip;]<\/p>\n","protected":false},"author":4,"featured_media":0,"parent":2267,"menu_order":0,"comment_status":"closed","ping_status":"closed","template":"","meta":{"_monsterinsights_skip_tracking":false,"_monsterinsights_sitenote_active":false,"_monsterinsights_sitenote_note":"","_monsterinsights_sitenote_category":0,"footnotes":""},"class_list":["post-2283","page","type-page","status-publish","hentry"],"yoast_head":"<!-- This site is optimized with the Yoast SEO plugin v26.7 - https:\/\/yoast.com\/wordpress\/plugins\/seo\/ -->\n<title>INSCRIPTION EN LIGNE DES \u00c9LECTEURS - HSB Identification<\/title>\n<meta name=\"description\" content=\"Une solution d&#039;inscription des \u00e9lecteurs en ligne d\u00e9ploy\u00e9e au Ghana pour tenir le registre des \u00e9lecteurs \u00e0 jour.\" \/>\n<meta name=\"robots\" content=\"index, follow, max-snippet:-1, max-image-preview:large, max-video-preview:-1\" \/>\n<link rel=\"canonical\" href=\"https:\/\/www.hsbidentification.com\/fr\/nos-solutions\/elections\/inscription-en-ligne-des-electeurs\/\" \/>\n<meta property=\"og:locale\" content=\"fr_FR\" \/>\n<meta property=\"og:type\" content=\"article\" \/>\n<meta property=\"og:title\" content=\"INSCRIPTION EN LIGNE DES \u00c9LECTEURS - HSB Identification\" \/>\n<meta property=\"og:description\" content=\"Une solution d&#039;inscription des \u00e9lecteurs en ligne d\u00e9ploy\u00e9e au Ghana pour tenir le registre des \u00e9lecteurs \u00e0 jour.\" \/>\n<meta property=\"og:url\" content=\"https:\/\/www.hsbidentification.com\/fr\/nos-solutions\/elections\/inscription-en-ligne-des-electeurs\/\" \/>\n<meta property=\"og:site_name\" content=\"HSB Identification\" \/>\n<meta property=\"article:modified_time\" content=\"2020-12-24T15:57:18+00:00\" \/>\n<meta property=\"og:image\" content=\"https:\/\/www.hsbidentification.com\/\/wp-content\/uploads\/2014\/12\/Ghana-Voter-Registration-2012-3.jpg\" \/>\n<meta name=\"twitter:label1\" content=\"Dur\u00e9e de lecture estim\u00e9e\" \/>\n\t<meta name=\"twitter:data1\" content=\"2 minutes\" \/>\n<script type=\"application\/ld+json\" class=\"yoast-schema-graph\">{\"@context\":\"https:\/\/schema.org\",\"@graph\":[{\"@type\":\"WebPage\",\"@id\":\"https:\/\/www.hsbidentification.com\/fr\/nos-solutions\/elections\/inscription-en-ligne-des-electeurs\/\",\"url\":\"https:\/\/www.hsbidentification.com\/fr\/nos-solutions\/elections\/inscription-en-ligne-des-electeurs\/\",\"name\":\"INSCRIPTION EN LIGNE DES \u00c9LECTEURS - HSB Identification\",\"isPartOf\":{\"@id\":\"https:\/\/www.hsbidentification.com\/#website\"},\"primaryImageOfPage\":{\"@id\":\"https:\/\/www.hsbidentification.com\/fr\/nos-solutions\/elections\/inscription-en-ligne-des-electeurs\/#primaryimage\"},\"image\":{\"@id\":\"https:\/\/www.hsbidentification.com\/fr\/nos-solutions\/elections\/inscription-en-ligne-des-electeurs\/#primaryimage\"},\"thumbnailUrl\":\"https:\/\/www.hsbidentification.com\/\/wp-content\/uploads\/2014\/12\/Ghana-Voter-Registration-2012-3.jpg\",\"datePublished\":\"2014-12-09T11:30:09+00:00\",\"dateModified\":\"2020-12-24T15:57:18+00:00\",\"description\":\"Une solution d'inscription des \u00e9lecteurs en ligne d\u00e9ploy\u00e9e au Ghana pour tenir le registre des \u00e9lecteurs \u00e0 jour.\",\"breadcrumb\":{\"@id\":\"https:\/\/www.hsbidentification.com\/fr\/nos-solutions\/elections\/inscription-en-ligne-des-electeurs\/#breadcrumb\"},\"inLanguage\":\"fr-FR\",\"potentialAction\":[{\"@type\":\"ReadAction\",\"target\":[\"https:\/\/www.hsbidentification.com\/fr\/nos-solutions\/elections\/inscription-en-ligne-des-electeurs\/\"]}]},{\"@type\":\"ImageObject\",\"inLanguage\":\"fr-FR\",\"@id\":\"https:\/\/www.hsbidentification.com\/fr\/nos-solutions\/elections\/inscription-en-ligne-des-electeurs\/#primaryimage\",\"url\":\"https:\/\/www.hsbidentification.com\/\/wp-content\/uploads\/2014\/12\/Ghana-Voter-Registration-2012-3.jpg\",\"contentUrl\":\"https:\/\/www.hsbidentification.com\/\/wp-content\/uploads\/2014\/12\/Ghana-Voter-Registration-2012-3.jpg\"},{\"@type\":\"BreadcrumbList\",\"@id\":\"https:\/\/www.hsbidentification.com\/fr\/nos-solutions\/elections\/inscription-en-ligne-des-electeurs\/#breadcrumb\",\"itemListElement\":[{\"@type\":\"ListItem\",\"position\":1,\"name\":\"Home\",\"item\":\"https:\/\/www.hsbidentification.com\/fr\/\"},{\"@type\":\"ListItem\",\"position\":2,\"name\":\"NOS SOLUTIONS\",\"item\":\"https:\/\/www.hsbidentification.com\/fr\/nos-solutions\/\"},{\"@type\":\"ListItem\",\"position\":3,\"name\":\"\u00c9lections\",\"item\":\"https:\/\/www.hsbidentification.com\/fr\/nos-solutions\/elections\/\"},{\"@type\":\"ListItem\",\"position\":4,\"name\":\"INSCRIPTION EN LIGNE DES \u00c9LECTEURS\"}]},{\"@type\":\"WebSite\",\"@id\":\"https:\/\/www.hsbidentification.com\/#website\",\"url\":\"https:\/\/www.hsbidentification.com\/\",\"name\":\"HSB Identification\",\"description\":\"Digital Identity Solutions\",\"publisher\":{\"@id\":\"https:\/\/www.hsbidentification.com\/#organization\"},\"potentialAction\":[{\"@type\":\"SearchAction\",\"target\":{\"@type\":\"EntryPoint\",\"urlTemplate\":\"https:\/\/www.hsbidentification.com\/?s={search_term_string}\"},\"query-input\":{\"@type\":\"PropertyValueSpecification\",\"valueRequired\":true,\"valueName\":\"search_term_string\"}}],\"inLanguage\":\"fr-FR\"},{\"@type\":\"Organization\",\"@id\":\"https:\/\/www.hsbidentification.com\/#organization\",\"name\":\"HSB Identification\",\"url\":\"https:\/\/www.hsbidentification.com\/\",\"logo\":{\"@type\":\"ImageObject\",\"inLanguage\":\"fr-FR\",\"@id\":\"https:\/\/www.hsbidentification.com\/#\/schema\/logo\/image\/\",\"url\":\"https:\/\/www.hsbidentification.com\/wp-content\/uploads\/2024\/05\/logo-HSB-2000x1000-1.png\",\"contentUrl\":\"https:\/\/www.hsbidentification.com\/wp-content\/uploads\/2024\/05\/logo-HSB-2000x1000-1.png\",\"width\":3926,\"height\":2135,\"caption\":\"HSB Identification\"},\"image\":{\"@id\":\"https:\/\/www.hsbidentification.com\/#\/schema\/logo\/image\/\"},\"sameAs\":[\"https:\/\/www.linkedin.com\/company\/hsb-identification\"]}]}<\/script>\n<!-- \/ Yoast SEO plugin. -->","yoast_head_json":{"title":"INSCRIPTION EN LIGNE DES \u00c9LECTEURS - HSB Identification","description":"Une solution d'inscription des \u00e9lecteurs en ligne d\u00e9ploy\u00e9e au Ghana pour tenir le registre des \u00e9lecteurs \u00e0 jour.","robots":{"index":"index","follow":"follow","max-snippet":"max-snippet:-1","max-image-preview":"max-image-preview:large","max-video-preview":"max-video-preview:-1"},"canonical":"https:\/\/www.hsbidentification.com\/fr\/nos-solutions\/elections\/inscription-en-ligne-des-electeurs\/","og_locale":"fr_FR","og_type":"article","og_title":"INSCRIPTION EN LIGNE DES \u00c9LECTEURS - HSB Identification","og_description":"Une solution d'inscription des \u00e9lecteurs en ligne d\u00e9ploy\u00e9e au Ghana pour tenir le registre des \u00e9lecteurs \u00e0 jour.","og_url":"https:\/\/www.hsbidentification.com\/fr\/nos-solutions\/elections\/inscription-en-ligne-des-electeurs\/","og_site_name":"HSB Identification","article_modified_time":"2020-12-24T15:57:18+00:00","og_image":[{"url":"https:\/\/www.hsbidentification.com\/\/wp-content\/uploads\/2014\/12\/Ghana-Voter-Registration-2012-3.jpg","type":"","width":"","height":""}],"twitter_misc":{"Dur\u00e9e de lecture estim\u00e9e":"2 minutes"},"schema":{"@context":"https:\/\/schema.org","@graph":[{"@type":"WebPage","@id":"https:\/\/www.hsbidentification.com\/fr\/nos-solutions\/elections\/inscription-en-ligne-des-electeurs\/","url":"https:\/\/www.hsbidentification.com\/fr\/nos-solutions\/elections\/inscription-en-ligne-des-electeurs\/","name":"INSCRIPTION EN LIGNE DES \u00c9LECTEURS - HSB Identification","isPartOf":{"@id":"https:\/\/www.hsbidentification.com\/#website"},"primaryImageOfPage":{"@id":"https:\/\/www.hsbidentification.com\/fr\/nos-solutions\/elections\/inscription-en-ligne-des-electeurs\/#primaryimage"},"image":{"@id":"https:\/\/www.hsbidentification.com\/fr\/nos-solutions\/elections\/inscription-en-ligne-des-electeurs\/#primaryimage"},"thumbnailUrl":"https:\/\/www.hsbidentification.com\/\/wp-content\/uploads\/2014\/12\/Ghana-Voter-Registration-2012-3.jpg","datePublished":"2014-12-09T11:30:09+00:00","dateModified":"2020-12-24T15:57:18+00:00","description":"Une solution d'inscription des \u00e9lecteurs en ligne d\u00e9ploy\u00e9e au Ghana pour tenir le registre des \u00e9lecteurs \u00e0 jour.","breadcrumb":{"@id":"https:\/\/www.hsbidentification.com\/fr\/nos-solutions\/elections\/inscription-en-ligne-des-electeurs\/#breadcrumb"},"inLanguage":"fr-FR","potentialAction":[{"@type":"ReadAction","target":["https:\/\/www.hsbidentification.com\/fr\/nos-solutions\/elections\/inscription-en-ligne-des-electeurs\/"]}]},{"@type":"ImageObject","inLanguage":"fr-FR","@id":"https:\/\/www.hsbidentification.com\/fr\/nos-solutions\/elections\/inscription-en-ligne-des-electeurs\/#primaryimage","url":"https:\/\/www.hsbidentification.com\/\/wp-content\/uploads\/2014\/12\/Ghana-Voter-Registration-2012-3.jpg","contentUrl":"https:\/\/www.hsbidentification.com\/\/wp-content\/uploads\/2014\/12\/Ghana-Voter-Registration-2012-3.jpg"},{"@type":"BreadcrumbList","@id":"https:\/\/www.hsbidentification.com\/fr\/nos-solutions\/elections\/inscription-en-ligne-des-electeurs\/#breadcrumb","itemListElement":[{"@type":"ListItem","position":1,"name":"Home","item":"https:\/\/www.hsbidentification.com\/fr\/"},{"@type":"ListItem","position":2,"name":"NOS SOLUTIONS","item":"https:\/\/www.hsbidentification.com\/fr\/nos-solutions\/"},{"@type":"ListItem","position":3,"name":"\u00c9lections","item":"https:\/\/www.hsbidentification.com\/fr\/nos-solutions\/elections\/"},{"@type":"ListItem","position":4,"name":"INSCRIPTION EN LIGNE DES \u00c9LECTEURS"}]},{"@type":"WebSite","@id":"https:\/\/www.hsbidentification.com\/#website","url":"https:\/\/www.hsbidentification.com\/","name":"HSB Identification","description":"Digital Identity Solutions","publisher":{"@id":"https:\/\/www.hsbidentification.com\/#organization"},"potentialAction":[{"@type":"SearchAction","target":{"@type":"EntryPoint","urlTemplate":"https:\/\/www.hsbidentification.com\/?s={search_term_string}"},"query-input":{"@type":"PropertyValueSpecification","valueRequired":true,"valueName":"search_term_string"}}],"inLanguage":"fr-FR"},{"@type":"Organization","@id":"https:\/\/www.hsbidentification.com\/#organization","name":"HSB Identification","url":"https:\/\/www.hsbidentification.com\/","logo":{"@type":"ImageObject","inLanguage":"fr-FR","@id":"https:\/\/www.hsbidentification.com\/#\/schema\/logo\/image\/","url":"https:\/\/www.hsbidentification.com\/wp-content\/uploads\/2024\/05\/logo-HSB-2000x1000-1.png","contentUrl":"https:\/\/www.hsbidentification.com\/wp-content\/uploads\/2024\/05\/logo-HSB-2000x1000-1.png","width":3926,"height":2135,"caption":"HSB Identification"},"image":{"@id":"https:\/\/www.hsbidentification.com\/#\/schema\/logo\/image\/"},"sameAs":["https:\/\/www.linkedin.com\/company\/hsb-identification"]}]}},"_links":{"self":[{"href":"https:\/\/www.hsbidentification.com\/fr\/wp-json\/wp\/v2\/pages\/2283","targetHints":{"allow":["GET"]}}],"collection":[{"href":"https:\/\/www.hsbidentification.com\/fr\/wp-json\/wp\/v2\/pages"}],"about":[{"href":"https:\/\/www.hsbidentification.com\/fr\/wp-json\/wp\/v2\/types\/page"}],"author":[{"embeddable":true,"href":"https:\/\/www.hsbidentification.com\/fr\/wp-json\/wp\/v2\/users\/4"}],"replies":[{"embeddable":true,"href":"https:\/\/www.hsbidentification.com\/fr\/wp-json\/wp\/v2\/comments?post=2283"}],"version-history":[{"count":9,"href":"https:\/\/www.hsbidentification.com\/fr\/wp-json\/wp\/v2\/pages\/2283\/revisions"}],"predecessor-version":[{"id":2912,"href":"https:\/\/www.hsbidentification.com\/fr\/wp-json\/wp\/v2\/pages\/2283\/revisions\/2912"}],"up":[{"embeddable":true,"href":"https:\/\/www.hsbidentification.com\/fr\/wp-json\/wp\/v2\/pages\/2267"}],"wp:attachment":[{"href":"https:\/\/www.hsbidentification.com\/fr\/wp-json\/wp\/v2\/media?parent=2283"}],"curies":[{"name":"wp","href":"https:\/\/api.w.org\/{rel}","templated":true}]}}