{"id":2277,"date":"2012-11-02T17:58:41","date_gmt":"2012-11-02T17:58:41","guid":{"rendered":"https:\/\/www.hsbidentification.com\/our-products\/bioregistrator-software\/"},"modified":"2020-12-24T15:14:32","modified_gmt":"2020-12-24T15:14:32","slug":"logiciel-bioregistrator","status":"publish","type":"page","link":"https:\/\/www.hsbidentification.com\/fr\/our-products\/logiciel-bioregistrator\/","title":{"rendered":"Logiciel Bioregistrator"},"content":{"rendered":"<hr \/>\n<p>Le logiciel BioRegistrator \u00ae est le nom g\u00e9n\u00e9rique du logiciel HSB. Le logiciel BioRegistrator \u00ae a un lien direct et indirect avec la biom\u00e9trie. Au fil des ans, le logiciel BioRegistrator \u00ae a \u00e9t\u00e9 utilis\u00e9 sur plusieurs march\u00e9s verticaux et sur plusieurs continents, il a fait ses preuves en tant que plateforme de gestion des identit\u00e9s en mettant l&rsquo;accent sur les normes internationales, la transparence et la flexibilit\u00e9, le logiciel BioRegistrator \u00ae est parfaitement adapt\u00e9 \u00e0 vos besoins d&rsquo;identit\u00e9.<\/p>\n<p>Le logiciel BioRegistrator \u00ae peut \u00eatre divis\u00e9 en deux types diff\u00e9rents de plateformes logicielles:<\/p>\n<ul>\n<li>Plateforme en ligne<\/li>\n<li>Plateforme d&rsquo; enregistrement hors ligne<\/li>\n<\/ul>\n<h3>PLATEFORME EN LIGNE &#8211; HSB ABIS<\/h3>\n<p>HSB ABIS est un syst\u00e8me d&rsquo;identification biom\u00e9trique automatis\u00e9 multimode de nouvelle g\u00e9n\u00e9ration. Il sert de plate-forme de stockage et de correspondance pour collecter et rechercher toutes sortes de donn\u00e9es biom\u00e9triques et personnelles. Il fait partie de la suite de produits BioRegistrator \u00ae.<\/p>\n<p>HSB ABIS est un syst\u00e8me flexible et ouvert avec plusieurs innovations. Il est utilis\u00e9 pour l&rsquo;enregistrement, la v\u00e9rification, l&rsquo;identification, la d\u00e9duplication et les applications m\u00e9dico-l\u00e9gales. L&rsquo;interface utilisateur moderne bas\u00e9e sur le Web facilite le d\u00e9ploiement.<\/p>\n<p>Le HSB ABIS a une architecture \u00e0 trois couches;<\/p>\n<ul>\n<li>Portail et applications client<\/li>\n<li>Gestionnaire de workflow<\/li>\n<li>Composants principaux<\/li>\n<\/ul>\n<h4>PORTAL ET APPLICATIONS CLIENTS<\/h4>\n<p>Le client HSB ABIS se compose de services de traitement et d&rsquo;appariement de donn\u00e9es biom\u00e9triques, d&rsquo;un portail d&rsquo;informations en ligne et d&rsquo;applications de capture de donn\u00e9es biom\u00e9triques. Ce syst\u00e8me peut \u00eatre adapt\u00e9 \u00e0 chaque workflow biom\u00e9trique sp\u00e9cifi\u00e9 par le client. Cela comprend les fonctionnalit\u00e9s d&rsquo;enregistrement biom\u00e9trique (inscription), de v\u00e9rification et d&rsquo;identification. De plus, il prend en charge la gestion des informations personnelles. La fonctionnalit\u00e9 combin\u00e9e cr\u00e9e un syst\u00e8me de gestion d&rsquo;identit\u00e9 biom\u00e9trique polyvalent.<\/p>\n<p>Le portail prend en charge plusieurs modalit\u00e9s biom\u00e9triques, telles que les empreintes digitales, l&rsquo;image du visage, l&rsquo;iris et l&rsquo;ADN. Pendant la capture de la biom\u00e9trie, le logiciel s&rsquo;assure que la qualit\u00e9 respecte les seuils de qualit\u00e9 pr\u00e9d\u00e9finis. En ce qui concerne les donn\u00e9es biographiques et contextuelles, l&rsquo;application s&rsquo;assure que les donn\u00e9es sont saisies correctement en effectuant des contr\u00f4les de validation. Les champs et valeurs de donn\u00e9es pris en charge peuvent \u00eatre configur\u00e9s selon, par exemple, le format client, STANAG 4715, EURODAC ou autres.<\/p>\n<h4>GESTIONNAIRE DE FLUX DE TRAVAIL<\/h4>\n<p>Souvent, certaines actions ne sont qu&rsquo;une \u00e9tape dans un processus plus vaste, et il est souhaitable qu&rsquo;une action individuelle soit effectu\u00e9e dans le cadre de ce processus. Par exemple, un processus de recherche d&rsquo;une image latente peut comprendre les \u00e9tapes s\u00e9quentielles suivantes:<\/p>\n<ul>\n<li>t\u00e9l\u00e9charger une image<\/li>\n<li>effectuer une premi\u00e8re extraction automatis\u00e9e des minuties<\/li>\n<li>\u00e9dition manuelle des minuties par un expert m\u00e9dico-l\u00e9gal<\/li>\n<li>soumettre le latent pour la recherche<\/li>\n<li>recevoir une r\u00e9ponse potentielle de hit<\/li>\n<li>l&rsquo;examen du hit par un expert m\u00e9dico-l\u00e9gal F1, confirmant du hit<\/li>\n<li>deuxi\u00e8me examen par l&rsquo;expert l\u00e9giste F2, confirmant le succ\u00e8s<\/li>\n<li>mise \u00e0 jour automatis\u00e9e du statut en hit confirm\u00e9, car il y a eu deux confirmations manuelles<\/li>\n<li>envoi d&rsquo;une alerte automatis\u00e9e \u00e0 l&rsquo;op\u00e9rateur ABIS<\/li>\n<li>reliant le nouveau latent au hit trouv\u00e9<\/li>\n<\/ul>\n<p>Il est utile de regrouper ces actions et de pouvoir revoir ult\u00e9rieurement certaines actions dans le contexte de l&rsquo;ensemble du processus englobant. L\u2019ABIS HSB fournit une telle fonctionnalit\u00e9 avec son composant de gestionnaire de workflow. Ce composant permet de d\u00e9finir des processus sur mesure, chacun d\u00e9fini par ses actions et transitions individuelles. Le fournisseur traduira les processus du client en de tels processus de workflow et int\u00e9grera ces processus dans l\u2019ABIS HSB. Cela se fera de mani\u00e8re \u00e0 ce qu&rsquo;aucune connaissance de la d\u00e9finition des processus de flux de travail ne soit requise pour l&rsquo;op\u00e9rateur de l&rsquo;ABIS. Il ou elle verra un \u00e9cran construit dynamiquement montrant les actions possibles en fonction de l&rsquo;\u00e9tat actuel d&rsquo;un processus de workflow. Le menu de d\u00e9marrage principal contiendra alors des boutons pour d\u00e9marrer diff\u00e9rents processus de flux de travail, tels que l&rsquo;inscription d&rsquo;une nouvelle personne, l&rsquo;importation d&rsquo;une latence, etc.<\/p>\n<p>Il existe deux types d&rsquo;actions; il peut s&rsquo;agir d&rsquo;actions automatiques effectu\u00e9es par le syst\u00e8me (telles que l&rsquo;extraction des minuties d&rsquo;une image latente) ou d&rsquo;actions manuelles effectu\u00e9es par une personne utilisant le HSB ABIS (telles que l&rsquo;\u00e9dition des minuties). Un service de workflow distinct sera install\u00e9 sur le serveur HSB ABIS qui s&rsquo;ex\u00e9cutera en permanence en arri\u00e8re-plan et v\u00e9rifiera p\u00e9riodiquement toute action automatique ouverte et les traitera.<\/p>\n<h4>COMPOSANTS PRINCIPAUX<\/h4>\n<p>HSB ABIS est un syst\u00e8me d&rsquo;identification biom\u00e9trique automatis\u00e9 multimode de nouvelle g\u00e9n\u00e9ration. Il est con\u00e7u pour \u00eatre flexible, \u00e9volutif et ouvert. Il sert de plate-forme de stockage et de correspondance, pour collecter et rechercher toutes sortes de donn\u00e9es biom\u00e9triques et personnelles. Il est utilis\u00e9 pour la v\u00e9rification, l&rsquo;identification, la d\u00e9duplication et les applications m\u00e9dico-l\u00e9gales. La fonctionnalit\u00e9 est contr\u00f4l\u00e9e via une interface utilisateur moderne bas\u00e9e sur le Web.<\/p>\n<h3>PLATEFORME HORS LIGNE &#8211; BIOREGISTRATOR\u00ae<\/h3>\n<p>La plateforme en ligne est con\u00e7u pour la solution qui ne dispose d&rsquo; une connexion en ligne ou un temps minimum requis. Souvent lors de l&rsquo;inscription de personnes dans des zones rurales et \u00e9loign\u00e9es avec un acc\u00e8s limit\u00e9 ou inexistant \u00e0 Internet. La solution est robuste et facile \u00e0 utiliser et tout collabore pour capturer des informations biographiques et biom\u00e9triques de la plus haute qualit\u00e9.<\/p>\n<p>Le stockage et la protection des donn\u00e9es sont essentiels pour cette solution. Les donn\u00e9es sont stock\u00e9es plusieurs fois et sur plusieurs sites locaux. Cela garantit que lorsque le portable tombe en panne, les donn\u00e9es sont toujours en s\u00e9curit\u00e9. Pendant l&rsquo;enregistrement, un flux de travail transparent doit \u00eatre termin\u00e9 avant la fin de l&rsquo;enregistrement. Gr\u00e2ce \u00e0 ce flux de travail, nous nous assurons que tout le monde ne peut \u00eatre enregistr\u00e9 qu&rsquo;une seule fois.<\/p>\n<p>La solution capture diff\u00e9rents types de modalit\u00e9s biom\u00e9triques. Les plus courants sont les empreintes digitales, le visage et l&rsquo;iris. \u00c0 c\u00f4t\u00e9 des informations biographiques d&rsquo;une personne, une preuve peut \u00eatre ajout\u00e9e \u00e0 l&rsquo;enregistrement pour renforcer l&rsquo;enregistrement.<\/p>\n<p>La solution a fait ses preuves dans les r\u00e9gions \u00e9loign\u00e9es et rurales et convient parfaitement \u00e0 vos besoins d&rsquo;enregistrement hors ligne.<\/p>\n<p><a href=\"https:\/\/www.hsbidentification.com\/wp-content\/uploads\/2020\/06\/ABIS.jpg\"><img loading=\"lazy\" decoding=\"async\" class=\"alignnone size-full wp-image-2181\" src=\"https:\/\/www.hsbidentification.com\/wp-content\/uploads\/2020\/06\/ABIS.jpg\" alt=\"\" width=\"1057\" height=\"499\" srcset=\"https:\/\/www.hsbidentification.com\/wp-content\/uploads\/2020\/06\/ABIS.jpg 1057w, https:\/\/www.hsbidentification.com\/wp-content\/uploads\/2020\/06\/ABIS-300x142.jpg 300w, https:\/\/www.hsbidentification.com\/wp-content\/uploads\/2020\/06\/ABIS-1024x483.jpg 1024w, https:\/\/www.hsbidentification.com\/wp-content\/uploads\/2020\/06\/ABIS-768x363.jpg 768w\" sizes=\"auto, (max-width: 1057px) 100vw, 1057px\" \/><\/a><\/p>\n<h3>INSCRIPTION<\/h3>\n<p>La cl\u00e9 d&rsquo;une mise en \u0153uvre biom\u00e9trique r\u00e9ussie est la phase d&rsquo;enregistrement. Plus la qualit\u00e9 des informations biom\u00e9triques enregistr\u00e9es est meilleure, meilleurs sont les r\u00e9sultats correspondants. HSB a acquis une vaste exp\u00e9rience dans l&rsquo;inscription des personnes, d\u00e9veloppement et am\u00e9lioration du logiciel BioRegistrator \u00ae Enrollment au fil des ans. Le r\u00e9sultat est une plateforme d&rsquo;inscription innovante et \u00e9prouv\u00e9e. <a href=\"https:\/\/www.hsbidentification.com\/fr\/nos-solutions\/elections\/inscription-en-ligne-des-electeurs\/\">Lire la suite\u2026<\/a><\/p>\n<h3>HSB ABIS<\/h3>\n<p>HSB ABIS est un syst\u00e8me d&rsquo;identification biom\u00e9trique automatis\u00e9 multimode de nouvelle g\u00e9n\u00e9ration. Il sert de plate-forme de stockage et de correspondance, pour collecter et rechercher toutes sortes de donn\u00e9es biom\u00e9triques et personnelles. Il fait partie de la suite de produits BioRegistrator \u00ae. HSB ABIS est un syst\u00e8me flexible, ouvert avec plusieurs innovations. Il est utilis\u00e9 pour la v\u00e9rification, l&rsquo;identification, la d\u00e9duplication et les applications m\u00e9dico-l\u00e9gales. L&rsquo;interface utilisateur moderne bas\u00e9e sur le Web fait du d\u00e9ploiement un jeu d&rsquo;enfant. <a href=\"https:\/\/www.hsbidentification.com\/fr\/our-products\/logiciel-bioregistrator\/hsb-abis\/\">Lire la suite\u2026<\/a><\/p>\n<h3>V\u00c9RIFICATION ET IDENTIFICATION<\/h3>\n<p>Apr\u00e8s l&rsquo;enregistrement, l&rsquo;identit\u00e9 unique des personnes est \u00e9tablie en effectuant des actions de v\u00e9rification ou d&rsquo;identification. Une v\u00e9rification est une comparaison un \u00e0 un. La personne porte sur elle son identifiant unique, ce qui est v\u00e9rifi\u00e9 \u00e0 l&rsquo;aide de donn\u00e9es biom\u00e9triques, ce qui donne un oui \/ match ou non-match. L&rsquo;identifiant unique peut \u00eatre un nombre ou un code, mais peut \u00e9galement inclure un mod\u00e8le biom\u00e9trique, stock\u00e9 par exemple sur une carte \u00e0 puce. Une identification est une comparaison un \u00e0 plusieurs. <a href=\"https:\/\/www.hsbidentification.com\/fr\/our-products\/logiciel-bioregistrator\/verification-et-identification\/\">Lire la suite\u2026<\/a><\/p>\n","protected":false},"excerpt":{"rendered":"<p>Le logiciel BioRegistrator \u00ae est le nom g\u00e9n\u00e9rique du logiciel HSB. Le logiciel BioRegistrator \u00ae a un lien direct et indirect avec la biom\u00e9trie. Au fil des ans, le logiciel BioRegistrator \u00ae a \u00e9t\u00e9 utilis\u00e9 sur plusieurs march\u00e9s verticaux et sur plusieurs continents, il a fait ses preuves en tant que plateforme de gestion des [&hellip;]<\/p>\n","protected":false},"author":4,"featured_media":0,"parent":2141,"menu_order":1,"comment_status":"closed","ping_status":"closed","template":"","meta":{"_monsterinsights_skip_tracking":false,"_monsterinsights_sitenote_active":false,"_monsterinsights_sitenote_note":"","_monsterinsights_sitenote_category":0,"footnotes":""},"class_list":["post-2277","page","type-page","status-publish","hentry"],"yoast_head":"<!-- This site is optimized with the Yoast SEO plugin v26.7 - https:\/\/yoast.com\/wordpress\/plugins\/seo\/ -->\n<title>Logiciel Bioregistrator - HSB Identification<\/title>\n<meta name=\"description\" content=\"BioRegistrator est la plateforme biom\u00e9trique de HSB identification.\" \/>\n<meta name=\"robots\" content=\"index, follow, max-snippet:-1, max-image-preview:large, max-video-preview:-1\" \/>\n<link rel=\"canonical\" href=\"https:\/\/www.hsbidentification.com\/fr\/our-products\/logiciel-bioregistrator\/\" \/>\n<meta property=\"og:locale\" content=\"fr_FR\" \/>\n<meta property=\"og:type\" content=\"article\" \/>\n<meta property=\"og:title\" content=\"Logiciel Bioregistrator - HSB Identification\" \/>\n<meta property=\"og:description\" content=\"BioRegistrator est la plateforme biom\u00e9trique de HSB identification.\" \/>\n<meta property=\"og:url\" content=\"https:\/\/www.hsbidentification.com\/fr\/our-products\/logiciel-bioregistrator\/\" \/>\n<meta property=\"og:site_name\" content=\"HSB Identification\" \/>\n<meta property=\"article:modified_time\" content=\"2020-12-24T15:14:32+00:00\" \/>\n<meta property=\"og:image\" content=\"https:\/\/www.hsbidentification.com\/wp-content\/uploads\/2020\/06\/ABIS.jpg\" \/>\n<meta name=\"twitter:label1\" content=\"Dur\u00e9e de lecture estim\u00e9e\" \/>\n\t<meta name=\"twitter:data1\" content=\"7 minutes\" \/>\n<script type=\"application\/ld+json\" class=\"yoast-schema-graph\">{\"@context\":\"https:\/\/schema.org\",\"@graph\":[{\"@type\":\"WebPage\",\"@id\":\"https:\/\/www.hsbidentification.com\/fr\/our-products\/logiciel-bioregistrator\/\",\"url\":\"https:\/\/www.hsbidentification.com\/fr\/our-products\/logiciel-bioregistrator\/\",\"name\":\"Logiciel Bioregistrator - HSB Identification\",\"isPartOf\":{\"@id\":\"https:\/\/www.hsbidentification.com\/#website\"},\"primaryImageOfPage\":{\"@id\":\"https:\/\/www.hsbidentification.com\/fr\/our-products\/logiciel-bioregistrator\/#primaryimage\"},\"image\":{\"@id\":\"https:\/\/www.hsbidentification.com\/fr\/our-products\/logiciel-bioregistrator\/#primaryimage\"},\"thumbnailUrl\":\"https:\/\/www.hsbidentification.com\/wp-content\/uploads\/2020\/06\/ABIS.jpg\",\"datePublished\":\"2012-11-02T17:58:41+00:00\",\"dateModified\":\"2020-12-24T15:14:32+00:00\",\"description\":\"BioRegistrator est la plateforme biom\u00e9trique de HSB identification.\",\"breadcrumb\":{\"@id\":\"https:\/\/www.hsbidentification.com\/fr\/our-products\/logiciel-bioregistrator\/#breadcrumb\"},\"inLanguage\":\"fr-FR\",\"potentialAction\":[{\"@type\":\"ReadAction\",\"target\":[\"https:\/\/www.hsbidentification.com\/fr\/our-products\/logiciel-bioregistrator\/\"]}]},{\"@type\":\"ImageObject\",\"inLanguage\":\"fr-FR\",\"@id\":\"https:\/\/www.hsbidentification.com\/fr\/our-products\/logiciel-bioregistrator\/#primaryimage\",\"url\":\"https:\/\/www.hsbidentification.com\/wp-content\/uploads\/2020\/06\/ABIS.jpg\",\"contentUrl\":\"https:\/\/www.hsbidentification.com\/wp-content\/uploads\/2020\/06\/ABIS.jpg\"},{\"@type\":\"BreadcrumbList\",\"@id\":\"https:\/\/www.hsbidentification.com\/fr\/our-products\/logiciel-bioregistrator\/#breadcrumb\",\"itemListElement\":[{\"@type\":\"ListItem\",\"position\":1,\"name\":\"Home\",\"item\":\"https:\/\/www.hsbidentification.com\/fr\/\"},{\"@type\":\"ListItem\",\"position\":2,\"name\":\"Nos produits\",\"item\":\"https:\/\/www.hsbidentification.com\/fr\/our-products\/\"},{\"@type\":\"ListItem\",\"position\":3,\"name\":\"Logiciel Bioregistrator\"}]},{\"@type\":\"WebSite\",\"@id\":\"https:\/\/www.hsbidentification.com\/#website\",\"url\":\"https:\/\/www.hsbidentification.com\/\",\"name\":\"HSB Identification\",\"description\":\"Digital Identity Solutions\",\"publisher\":{\"@id\":\"https:\/\/www.hsbidentification.com\/#organization\"},\"potentialAction\":[{\"@type\":\"SearchAction\",\"target\":{\"@type\":\"EntryPoint\",\"urlTemplate\":\"https:\/\/www.hsbidentification.com\/?s={search_term_string}\"},\"query-input\":{\"@type\":\"PropertyValueSpecification\",\"valueRequired\":true,\"valueName\":\"search_term_string\"}}],\"inLanguage\":\"fr-FR\"},{\"@type\":\"Organization\",\"@id\":\"https:\/\/www.hsbidentification.com\/#organization\",\"name\":\"HSB Identification\",\"url\":\"https:\/\/www.hsbidentification.com\/\",\"logo\":{\"@type\":\"ImageObject\",\"inLanguage\":\"fr-FR\",\"@id\":\"https:\/\/www.hsbidentification.com\/#\/schema\/logo\/image\/\",\"url\":\"https:\/\/www.hsbidentification.com\/wp-content\/uploads\/2024\/05\/logo-HSB-2000x1000-1.png\",\"contentUrl\":\"https:\/\/www.hsbidentification.com\/wp-content\/uploads\/2024\/05\/logo-HSB-2000x1000-1.png\",\"width\":3926,\"height\":2135,\"caption\":\"HSB Identification\"},\"image\":{\"@id\":\"https:\/\/www.hsbidentification.com\/#\/schema\/logo\/image\/\"},\"sameAs\":[\"https:\/\/www.linkedin.com\/company\/hsb-identification\"]}]}<\/script>\n<!-- \/ Yoast SEO plugin. -->","yoast_head_json":{"title":"Logiciel Bioregistrator - HSB Identification","description":"BioRegistrator est la plateforme biom\u00e9trique de HSB identification.","robots":{"index":"index","follow":"follow","max-snippet":"max-snippet:-1","max-image-preview":"max-image-preview:large","max-video-preview":"max-video-preview:-1"},"canonical":"https:\/\/www.hsbidentification.com\/fr\/our-products\/logiciel-bioregistrator\/","og_locale":"fr_FR","og_type":"article","og_title":"Logiciel Bioregistrator - HSB Identification","og_description":"BioRegistrator est la plateforme biom\u00e9trique de HSB identification.","og_url":"https:\/\/www.hsbidentification.com\/fr\/our-products\/logiciel-bioregistrator\/","og_site_name":"HSB Identification","article_modified_time":"2020-12-24T15:14:32+00:00","og_image":[{"url":"https:\/\/www.hsbidentification.com\/wp-content\/uploads\/2020\/06\/ABIS.jpg","type":"","width":"","height":""}],"twitter_misc":{"Dur\u00e9e de lecture estim\u00e9e":"7 minutes"},"schema":{"@context":"https:\/\/schema.org","@graph":[{"@type":"WebPage","@id":"https:\/\/www.hsbidentification.com\/fr\/our-products\/logiciel-bioregistrator\/","url":"https:\/\/www.hsbidentification.com\/fr\/our-products\/logiciel-bioregistrator\/","name":"Logiciel Bioregistrator - HSB Identification","isPartOf":{"@id":"https:\/\/www.hsbidentification.com\/#website"},"primaryImageOfPage":{"@id":"https:\/\/www.hsbidentification.com\/fr\/our-products\/logiciel-bioregistrator\/#primaryimage"},"image":{"@id":"https:\/\/www.hsbidentification.com\/fr\/our-products\/logiciel-bioregistrator\/#primaryimage"},"thumbnailUrl":"https:\/\/www.hsbidentification.com\/wp-content\/uploads\/2020\/06\/ABIS.jpg","datePublished":"2012-11-02T17:58:41+00:00","dateModified":"2020-12-24T15:14:32+00:00","description":"BioRegistrator est la plateforme biom\u00e9trique de HSB identification.","breadcrumb":{"@id":"https:\/\/www.hsbidentification.com\/fr\/our-products\/logiciel-bioregistrator\/#breadcrumb"},"inLanguage":"fr-FR","potentialAction":[{"@type":"ReadAction","target":["https:\/\/www.hsbidentification.com\/fr\/our-products\/logiciel-bioregistrator\/"]}]},{"@type":"ImageObject","inLanguage":"fr-FR","@id":"https:\/\/www.hsbidentification.com\/fr\/our-products\/logiciel-bioregistrator\/#primaryimage","url":"https:\/\/www.hsbidentification.com\/wp-content\/uploads\/2020\/06\/ABIS.jpg","contentUrl":"https:\/\/www.hsbidentification.com\/wp-content\/uploads\/2020\/06\/ABIS.jpg"},{"@type":"BreadcrumbList","@id":"https:\/\/www.hsbidentification.com\/fr\/our-products\/logiciel-bioregistrator\/#breadcrumb","itemListElement":[{"@type":"ListItem","position":1,"name":"Home","item":"https:\/\/www.hsbidentification.com\/fr\/"},{"@type":"ListItem","position":2,"name":"Nos produits","item":"https:\/\/www.hsbidentification.com\/fr\/our-products\/"},{"@type":"ListItem","position":3,"name":"Logiciel Bioregistrator"}]},{"@type":"WebSite","@id":"https:\/\/www.hsbidentification.com\/#website","url":"https:\/\/www.hsbidentification.com\/","name":"HSB Identification","description":"Digital Identity Solutions","publisher":{"@id":"https:\/\/www.hsbidentification.com\/#organization"},"potentialAction":[{"@type":"SearchAction","target":{"@type":"EntryPoint","urlTemplate":"https:\/\/www.hsbidentification.com\/?s={search_term_string}"},"query-input":{"@type":"PropertyValueSpecification","valueRequired":true,"valueName":"search_term_string"}}],"inLanguage":"fr-FR"},{"@type":"Organization","@id":"https:\/\/www.hsbidentification.com\/#organization","name":"HSB Identification","url":"https:\/\/www.hsbidentification.com\/","logo":{"@type":"ImageObject","inLanguage":"fr-FR","@id":"https:\/\/www.hsbidentification.com\/#\/schema\/logo\/image\/","url":"https:\/\/www.hsbidentification.com\/wp-content\/uploads\/2024\/05\/logo-HSB-2000x1000-1.png","contentUrl":"https:\/\/www.hsbidentification.com\/wp-content\/uploads\/2024\/05\/logo-HSB-2000x1000-1.png","width":3926,"height":2135,"caption":"HSB Identification"},"image":{"@id":"https:\/\/www.hsbidentification.com\/#\/schema\/logo\/image\/"},"sameAs":["https:\/\/www.linkedin.com\/company\/hsb-identification"]}]}},"_links":{"self":[{"href":"https:\/\/www.hsbidentification.com\/fr\/wp-json\/wp\/v2\/pages\/2277","targetHints":{"allow":["GET"]}}],"collection":[{"href":"https:\/\/www.hsbidentification.com\/fr\/wp-json\/wp\/v2\/pages"}],"about":[{"href":"https:\/\/www.hsbidentification.com\/fr\/wp-json\/wp\/v2\/types\/page"}],"author":[{"embeddable":true,"href":"https:\/\/www.hsbidentification.com\/fr\/wp-json\/wp\/v2\/users\/4"}],"replies":[{"embeddable":true,"href":"https:\/\/www.hsbidentification.com\/fr\/wp-json\/wp\/v2\/comments?post=2277"}],"version-history":[{"count":7,"href":"https:\/\/www.hsbidentification.com\/fr\/wp-json\/wp\/v2\/pages\/2277\/revisions"}],"predecessor-version":[{"id":2897,"href":"https:\/\/www.hsbidentification.com\/fr\/wp-json\/wp\/v2\/pages\/2277\/revisions\/2897"}],"up":[{"embeddable":true,"href":"https:\/\/www.hsbidentification.com\/fr\/wp-json\/wp\/v2\/pages\/2141"}],"wp:attachment":[{"href":"https:\/\/www.hsbidentification.com\/fr\/wp-json\/wp\/v2\/media?parent=2277"}],"curies":[{"name":"wp","href":"https:\/\/api.w.org\/{rel}","templated":true}]}}