{"id":2271,"date":"2014-12-09T11:31:47","date_gmt":"2014-12-09T11:31:47","guid":{"rendered":"https:\/\/www.hsbidentification.com\/our-solutions\/elections\/ghana-voter-registration\/"},"modified":"2020-12-24T15:54:51","modified_gmt":"2020-12-24T15:54:51","slug":"inscription-des-electeurs-du-ghana","status":"publish","type":"page","link":"https:\/\/www.hsbidentification.com\/fr\/nos-solutions\/elections\/inscription-des-electeurs-du-ghana\/","title":{"rendered":"INSCRIPTION DES \u00c9LECTEURS AU GHANA"},"content":{"rendered":"<hr \/>\n<p><strong>HSB identification fait partie de l&rsquo;un des projets d&rsquo;inscription des \u00e9lecteurs biom\u00e9triques les plus importants et les plus r\u00e9ussis. Dans ce projet, HSB a fourni \u00e0 la solution d&rsquo;inscription des \u00e9lecteurs plus de 7 000 kits d&rsquo;enregistrement biom\u00e9trique des \u00e9lecteurs (BVR) pour enregistrer 14 millions de personnes en seulement 40 jours.<\/strong><\/p>\n<p><img loading=\"lazy\" decoding=\"async\" class=\"alignleft size-full wp-image-1082\" src=\"https:\/\/www.hsbidentification.com\/wp-content\/uploads\/2014\/12\/Ghana-Voter-Registration-2014.jpg\" alt=\"Ghana voter registration 2014\" width=\"350\" height=\"263\" \/>Avec le logiciel et le mat\u00e9riel BioRegistrator \u00ae , la Commission \u00e9lectorale a captur\u00e9 10 empreintes digitales, des photos et des donn\u00e9es personnelles de chaque \u00e9lecteur du pays pour cr\u00e9er le registre \u00e9lectoral le plus pr\u00e9cis. Les empreintes digitales sont appari\u00e9es sur les kits ainsi que sur un AFIS central pour permettre des contr\u00f4les en double.<\/p>\n<p>Chaque kit BVR a \u00e9t\u00e9 fabriqu\u00e9 \u00e0 partir d&rsquo;un bo\u00eetier robuste qui comprend des ordinateurs portables, un appareil de capture photo, un \u00e9clairage, une imprimante (pour les cartes d&rsquo;\u00e9lecteur), un scanner \u00e0 4 empreintes digitales et des blocs-piles.<\/p>\n<p>Les kits fournis peuvent fonctionner pendant plus de 13 heures sans alimentation et sont sp\u00e9cialement con\u00e7us pour un enregistrement rapide avec un processus de capture rapide. Toutes les informations sont captur\u00e9es hors ligne et synchronis\u00e9es avec le syst\u00e8me central de d\u00e9duplication des empreintes digitales gr\u00e2ce \u00e0 un m\u00e9canisme de transfert de donn\u00e9es intelligent qui est transparent, s\u00e9curis\u00e9 et s\u00fbr.<\/p>\n<p>HSB identification pourrait fournir la solution totale avec ses partenaires dans un d\u00e9lai tr\u00e8s court en raison de la disponibilit\u00e9 de produits pr\u00eats \u00e0 l&#8217;emploi.<\/p>\n<h4>POURRAIT VOUS INT\u00c9RESSER:<\/h4>\n<div class=\"uk-grid\">\n<div class=\"uk-width-medium-1-3\">\n<div class=\"uk-alert\">\n<h3 align=\"center\"><a href=\"https:\/\/www.hsbidentification.com\/fr\/our-products\/solution-denregistrement-biometrique\/\">Solution d\u2019enregistrement<\/a><\/h3>\n<div align=\"center\"><a href=\"https:\/\/www.hsbidentification.com\/fr\/our-products\/solution-denregistrement-biometrique\/\"><img loading=\"lazy\" decoding=\"async\" class=\"alignnone size-full wp-image-1651\" src=\"https:\/\/www.hsbidentification.com\/wp-content\/uploads\/2015\/06\/biometric-registration-kit.jpg\" alt=\"Biometric Registration Kit\" width=\"150\" height=\"150\" srcset=\"https:\/\/www.hsbidentification.com\/wp-content\/uploads\/2015\/06\/biometric-registration-kit.jpg 250w, https:\/\/www.hsbidentification.com\/wp-content\/uploads\/2015\/06\/biometric-registration-kit-150x150.jpg 150w\" sizes=\"auto, (max-width: 150px) 100vw, 150px\" \/><\/a><\/div>\n<p align=\"center\"><a href=\"https:\/\/www.hsbidentification.com\/fr\/our-products\/solution-denregistrement-biometrique\/\">Cr\u00e9ation d&rsquo;un identifiant unique utilisant la biom\u00e9trie \u00e0 l&rsquo;aide de kits d&rsquo;enregistrement biom\u00e9triques<\/a>. <a href=\"https:\/\/www.hsbidentification.com\/fr\/our-products\/solution-denregistrement-biometrique\/\"><strong>Lire la suite&#8230;<\/strong><\/a><\/p>\n<p class=\"seotext\">HSB identification has proven itself in designing flexible biometric solutions in ruggedized cases for registration, identification and verification purposes. Various solutions have been provided all over the world. The components in the biometric registration kits have survived harsh conditions, protected by aluminum and ABS cases.<\/p>\n<\/div>\n<\/div>\n<div class=\"uk-width-medium-1-3\">\n<div class=\"uk-alert\">\n<h3 align=\"center\"><a href=\"https:\/\/www.hsbidentification.com\/fr\/nos-solutions\/elections\/inscription-en-ligne-des-electeurs\/\">Enregistrement en ligne<\/a><\/h3>\n<div align=\"center\"><a href=\"https:\/\/www.hsbidentification.com\/fr\/nos-solutions\/elections\/inscription-en-ligne-des-electeurs\/\"><img loading=\"lazy\" decoding=\"async\" class=\"alignnone size-full wp-image-1642\" src=\"https:\/\/www.hsbidentification.com\/wp-content\/uploads\/2015\/07\/Online-Voter-Registration-mboi.jpg\" alt=\"Online Voter Registration\" width=\"150\" height=\"150\" \/><\/a><\/div>\n<p align=\"center\"><a href=\"https:\/\/www.hsbidentification.com\/fr\/nos-solutions\/elections\/inscription-en-ligne-des-electeurs\/\">Base de donn\u00e9es \u00e9lectorales \u00e0 jour gr\u00e2ce \u00e0 l\u2019enr\u00f4lement en ligne.<\/a> <a href=\"https:\/\/www.hsbidentification.com\/fr\/nos-solutions\/elections\/\"><strong>Lire la suite&#8230;<\/strong><\/a><\/p>\n<p class=\"seotext\">HSB identification a prouv\u00e9 lors d&rsquo;op\u00e9rations sp\u00e9ciales que nous pouvons aider les commissions \u00e9lectorales \u00e0 renouveler du mat\u00e9riel d&rsquo;occasion, y compris des kits d&rsquo;enregistrement biom\u00e9trique des \u00e9lecteurs (BVR).<\/p>\n<\/div>\n<\/div>\n<div class=\"uk-width-medium-1-3\">\n<div class=\"uk-alert\">\n<h3 align=\"center\"><a href=\"https:\/\/www.hsbidentification.com\/fr\/our-products\/logiciel-bioregistrator\/\">BioRegistrator<\/a><\/h3>\n<div align=\"center\"><a href=\"https:\/\/www.hsbidentification.com\/fr\/our-products\/logiciel-bioregistrator\/\"><img loading=\"lazy\" decoding=\"async\" class=\"alignnone size-full\" src=\"https:\/\/www.hsbidentification.com\/wp-content\/uploads\/2012\/11\/bioregistrator-index.jpg\" alt=\"BioRegistrator\" width=\"150\" height=\"150\" \/><\/a><\/div>\n<p align=\"center\"><a href=\"https:\/\/www.hsbidentification.com\/fr\/our-products\/logiciel-bioregistrator\/\">BioRegistrator\u00ae est la plateforme \u00e9prouv\u00e9e pour l&rsquo;enregistrement des identit\u00e9s num\u00e9riques<\/a>. <a href=\"https:\/\/www.hsbidentification.com\/fr\/our-products\/logiciel-bioregistrator\/\"><strong>Lire la suite&#8230;<\/strong><\/a><\/p>\n<p class=\"seotext\">BioRegistrator\u00ae est la plateforme \u00e9prouv\u00e9e pour l&rsquo;enregistrement des identit\u00e9s num\u00e9riques. Le produit peut \u00eatre utilis\u00e9 comme outil d&rsquo;inscription (Saisie de caract\u00e9ristiques biom\u00e9triques et d&rsquo;informations personnelles), \u00e0 des fins d&rsquo;identification et de v\u00e9rification. BioRegistrator\u00ae rend le d\u00e9ploiement de la technologie biom\u00e9trique accessible \u00e0 tous les types d&rsquo;organisations.<br \/>\nL&rsquo;utilisation de ce produit standard r\u00e9duit les co\u00fbts de d\u00e9veloppement des clients, r\u00e9duit le temps de d\u00e9ploiement des technologies biom\u00e9triques et cr\u00e9e une plateforme ind\u00e9pendante pour les fournisseurs biom\u00e9triques.<\/p>\n<\/div>\n<\/div>\n<\/div>\n","protected":false},"excerpt":{"rendered":"<p>HSB identification fait partie de l&rsquo;un des projets d&rsquo;inscription des \u00e9lecteurs biom\u00e9triques les plus importants et les plus r\u00e9ussis. Dans ce projet, HSB a fourni \u00e0 la solution d&rsquo;inscription des \u00e9lecteurs plus de 7 000 kits d&rsquo;enregistrement biom\u00e9trique des \u00e9lecteurs (BVR) pour enregistrer 14 millions de personnes en seulement 40 jours. Avec le logiciel et [&hellip;]<\/p>\n","protected":false},"author":4,"featured_media":0,"parent":2267,"menu_order":0,"comment_status":"closed","ping_status":"closed","template":"","meta":{"_monsterinsights_skip_tracking":false,"_monsterinsights_sitenote_active":false,"_monsterinsights_sitenote_note":"","_monsterinsights_sitenote_category":0,"footnotes":""},"class_list":["post-2271","page","type-page","status-publish","hentry"],"yoast_head":"<!-- This site is optimized with the Yoast SEO plugin v26.7 - https:\/\/yoast.com\/wordpress\/plugins\/seo\/ -->\n<title>INSCRIPTION DES \u00c9LECTEURS AU GHANA - HSB Identification<\/title>\n<meta name=\"description\" content=\"Enregistrement de 14 millions d\u2019\u00e9lecteurs en seulement 40 jours \u00e0 l&#039;aide de la reconnaissance des empreintes digitales et du visage au Ghana.\" \/>\n<meta name=\"robots\" content=\"index, follow, max-snippet:-1, max-image-preview:large, max-video-preview:-1\" \/>\n<link rel=\"canonical\" href=\"https:\/\/www.hsbidentification.com\/fr\/nos-solutions\/elections\/inscription-des-electeurs-du-ghana\/\" \/>\n<meta property=\"og:locale\" content=\"fr_FR\" \/>\n<meta property=\"og:type\" content=\"article\" \/>\n<meta property=\"og:title\" content=\"INSCRIPTION DES \u00c9LECTEURS AU GHANA - HSB Identification\" \/>\n<meta property=\"og:description\" content=\"Enregistrement de 14 millions d\u2019\u00e9lecteurs en seulement 40 jours \u00e0 l&#039;aide de la reconnaissance des empreintes digitales et du visage au Ghana.\" \/>\n<meta property=\"og:url\" content=\"https:\/\/www.hsbidentification.com\/fr\/nos-solutions\/elections\/inscription-des-electeurs-du-ghana\/\" \/>\n<meta property=\"og:site_name\" content=\"HSB Identification\" \/>\n<meta property=\"article:modified_time\" content=\"2020-12-24T15:54:51+00:00\" \/>\n<meta property=\"og:image\" content=\"https:\/\/www.hsbidentification.com\/wp-content\/uploads\/2014\/12\/Ghana-Voter-Registration-2014.jpg\" \/>\n<meta name=\"twitter:label1\" content=\"Dur\u00e9e de lecture estim\u00e9e\" \/>\n\t<meta name=\"twitter:data1\" content=\"2 minutes\" \/>\n<script type=\"application\/ld+json\" class=\"yoast-schema-graph\">{\"@context\":\"https:\/\/schema.org\",\"@graph\":[{\"@type\":\"WebPage\",\"@id\":\"https:\/\/www.hsbidentification.com\/fr\/nos-solutions\/elections\/inscription-des-electeurs-du-ghana\/\",\"url\":\"https:\/\/www.hsbidentification.com\/fr\/nos-solutions\/elections\/inscription-des-electeurs-du-ghana\/\",\"name\":\"INSCRIPTION DES \u00c9LECTEURS AU GHANA - HSB Identification\",\"isPartOf\":{\"@id\":\"https:\/\/www.hsbidentification.com\/#website\"},\"primaryImageOfPage\":{\"@id\":\"https:\/\/www.hsbidentification.com\/fr\/nos-solutions\/elections\/inscription-des-electeurs-du-ghana\/#primaryimage\"},\"image\":{\"@id\":\"https:\/\/www.hsbidentification.com\/fr\/nos-solutions\/elections\/inscription-des-electeurs-du-ghana\/#primaryimage\"},\"thumbnailUrl\":\"https:\/\/www.hsbidentification.com\/wp-content\/uploads\/2014\/12\/Ghana-Voter-Registration-2014.jpg\",\"datePublished\":\"2014-12-09T11:31:47+00:00\",\"dateModified\":\"2020-12-24T15:54:51+00:00\",\"description\":\"Enregistrement de 14 millions d\u2019\u00e9lecteurs en seulement 40 jours \u00e0 l'aide de la reconnaissance des empreintes digitales et du visage au Ghana.\",\"breadcrumb\":{\"@id\":\"https:\/\/www.hsbidentification.com\/fr\/nos-solutions\/elections\/inscription-des-electeurs-du-ghana\/#breadcrumb\"},\"inLanguage\":\"fr-FR\",\"potentialAction\":[{\"@type\":\"ReadAction\",\"target\":[\"https:\/\/www.hsbidentification.com\/fr\/nos-solutions\/elections\/inscription-des-electeurs-du-ghana\/\"]}]},{\"@type\":\"ImageObject\",\"inLanguage\":\"fr-FR\",\"@id\":\"https:\/\/www.hsbidentification.com\/fr\/nos-solutions\/elections\/inscription-des-electeurs-du-ghana\/#primaryimage\",\"url\":\"https:\/\/www.hsbidentification.com\/wp-content\/uploads\/2014\/12\/Ghana-Voter-Registration-2014.jpg\",\"contentUrl\":\"https:\/\/www.hsbidentification.com\/wp-content\/uploads\/2014\/12\/Ghana-Voter-Registration-2014.jpg\"},{\"@type\":\"BreadcrumbList\",\"@id\":\"https:\/\/www.hsbidentification.com\/fr\/nos-solutions\/elections\/inscription-des-electeurs-du-ghana\/#breadcrumb\",\"itemListElement\":[{\"@type\":\"ListItem\",\"position\":1,\"name\":\"Home\",\"item\":\"https:\/\/www.hsbidentification.com\/fr\/\"},{\"@type\":\"ListItem\",\"position\":2,\"name\":\"NOS SOLUTIONS\",\"item\":\"https:\/\/www.hsbidentification.com\/fr\/nos-solutions\/\"},{\"@type\":\"ListItem\",\"position\":3,\"name\":\"\u00c9lections\",\"item\":\"https:\/\/www.hsbidentification.com\/fr\/nos-solutions\/elections\/\"},{\"@type\":\"ListItem\",\"position\":4,\"name\":\"INSCRIPTION DES \u00c9LECTEURS AU GHANA\"}]},{\"@type\":\"WebSite\",\"@id\":\"https:\/\/www.hsbidentification.com\/#website\",\"url\":\"https:\/\/www.hsbidentification.com\/\",\"name\":\"HSB Identification\",\"description\":\"Digital Identity Solutions\",\"publisher\":{\"@id\":\"https:\/\/www.hsbidentification.com\/#organization\"},\"potentialAction\":[{\"@type\":\"SearchAction\",\"target\":{\"@type\":\"EntryPoint\",\"urlTemplate\":\"https:\/\/www.hsbidentification.com\/?s={search_term_string}\"},\"query-input\":{\"@type\":\"PropertyValueSpecification\",\"valueRequired\":true,\"valueName\":\"search_term_string\"}}],\"inLanguage\":\"fr-FR\"},{\"@type\":\"Organization\",\"@id\":\"https:\/\/www.hsbidentification.com\/#organization\",\"name\":\"HSB Identification\",\"url\":\"https:\/\/www.hsbidentification.com\/\",\"logo\":{\"@type\":\"ImageObject\",\"inLanguage\":\"fr-FR\",\"@id\":\"https:\/\/www.hsbidentification.com\/#\/schema\/logo\/image\/\",\"url\":\"https:\/\/www.hsbidentification.com\/wp-content\/uploads\/2024\/05\/logo-HSB-2000x1000-1.png\",\"contentUrl\":\"https:\/\/www.hsbidentification.com\/wp-content\/uploads\/2024\/05\/logo-HSB-2000x1000-1.png\",\"width\":3926,\"height\":2135,\"caption\":\"HSB Identification\"},\"image\":{\"@id\":\"https:\/\/www.hsbidentification.com\/#\/schema\/logo\/image\/\"},\"sameAs\":[\"https:\/\/www.linkedin.com\/company\/hsb-identification\"]}]}<\/script>\n<!-- \/ Yoast SEO plugin. -->","yoast_head_json":{"title":"INSCRIPTION DES \u00c9LECTEURS AU GHANA - HSB Identification","description":"Enregistrement de 14 millions d\u2019\u00e9lecteurs en seulement 40 jours \u00e0 l'aide de la reconnaissance des empreintes digitales et du visage au Ghana.","robots":{"index":"index","follow":"follow","max-snippet":"max-snippet:-1","max-image-preview":"max-image-preview:large","max-video-preview":"max-video-preview:-1"},"canonical":"https:\/\/www.hsbidentification.com\/fr\/nos-solutions\/elections\/inscription-des-electeurs-du-ghana\/","og_locale":"fr_FR","og_type":"article","og_title":"INSCRIPTION DES \u00c9LECTEURS AU GHANA - HSB Identification","og_description":"Enregistrement de 14 millions d\u2019\u00e9lecteurs en seulement 40 jours \u00e0 l'aide de la reconnaissance des empreintes digitales et du visage au Ghana.","og_url":"https:\/\/www.hsbidentification.com\/fr\/nos-solutions\/elections\/inscription-des-electeurs-du-ghana\/","og_site_name":"HSB Identification","article_modified_time":"2020-12-24T15:54:51+00:00","og_image":[{"url":"https:\/\/www.hsbidentification.com\/wp-content\/uploads\/2014\/12\/Ghana-Voter-Registration-2014.jpg","type":"","width":"","height":""}],"twitter_misc":{"Dur\u00e9e de lecture estim\u00e9e":"2 minutes"},"schema":{"@context":"https:\/\/schema.org","@graph":[{"@type":"WebPage","@id":"https:\/\/www.hsbidentification.com\/fr\/nos-solutions\/elections\/inscription-des-electeurs-du-ghana\/","url":"https:\/\/www.hsbidentification.com\/fr\/nos-solutions\/elections\/inscription-des-electeurs-du-ghana\/","name":"INSCRIPTION DES \u00c9LECTEURS AU GHANA - HSB Identification","isPartOf":{"@id":"https:\/\/www.hsbidentification.com\/#website"},"primaryImageOfPage":{"@id":"https:\/\/www.hsbidentification.com\/fr\/nos-solutions\/elections\/inscription-des-electeurs-du-ghana\/#primaryimage"},"image":{"@id":"https:\/\/www.hsbidentification.com\/fr\/nos-solutions\/elections\/inscription-des-electeurs-du-ghana\/#primaryimage"},"thumbnailUrl":"https:\/\/www.hsbidentification.com\/wp-content\/uploads\/2014\/12\/Ghana-Voter-Registration-2014.jpg","datePublished":"2014-12-09T11:31:47+00:00","dateModified":"2020-12-24T15:54:51+00:00","description":"Enregistrement de 14 millions d\u2019\u00e9lecteurs en seulement 40 jours \u00e0 l'aide de la reconnaissance des empreintes digitales et du visage au Ghana.","breadcrumb":{"@id":"https:\/\/www.hsbidentification.com\/fr\/nos-solutions\/elections\/inscription-des-electeurs-du-ghana\/#breadcrumb"},"inLanguage":"fr-FR","potentialAction":[{"@type":"ReadAction","target":["https:\/\/www.hsbidentification.com\/fr\/nos-solutions\/elections\/inscription-des-electeurs-du-ghana\/"]}]},{"@type":"ImageObject","inLanguage":"fr-FR","@id":"https:\/\/www.hsbidentification.com\/fr\/nos-solutions\/elections\/inscription-des-electeurs-du-ghana\/#primaryimage","url":"https:\/\/www.hsbidentification.com\/wp-content\/uploads\/2014\/12\/Ghana-Voter-Registration-2014.jpg","contentUrl":"https:\/\/www.hsbidentification.com\/wp-content\/uploads\/2014\/12\/Ghana-Voter-Registration-2014.jpg"},{"@type":"BreadcrumbList","@id":"https:\/\/www.hsbidentification.com\/fr\/nos-solutions\/elections\/inscription-des-electeurs-du-ghana\/#breadcrumb","itemListElement":[{"@type":"ListItem","position":1,"name":"Home","item":"https:\/\/www.hsbidentification.com\/fr\/"},{"@type":"ListItem","position":2,"name":"NOS SOLUTIONS","item":"https:\/\/www.hsbidentification.com\/fr\/nos-solutions\/"},{"@type":"ListItem","position":3,"name":"\u00c9lections","item":"https:\/\/www.hsbidentification.com\/fr\/nos-solutions\/elections\/"},{"@type":"ListItem","position":4,"name":"INSCRIPTION DES \u00c9LECTEURS AU GHANA"}]},{"@type":"WebSite","@id":"https:\/\/www.hsbidentification.com\/#website","url":"https:\/\/www.hsbidentification.com\/","name":"HSB Identification","description":"Digital Identity Solutions","publisher":{"@id":"https:\/\/www.hsbidentification.com\/#organization"},"potentialAction":[{"@type":"SearchAction","target":{"@type":"EntryPoint","urlTemplate":"https:\/\/www.hsbidentification.com\/?s={search_term_string}"},"query-input":{"@type":"PropertyValueSpecification","valueRequired":true,"valueName":"search_term_string"}}],"inLanguage":"fr-FR"},{"@type":"Organization","@id":"https:\/\/www.hsbidentification.com\/#organization","name":"HSB Identification","url":"https:\/\/www.hsbidentification.com\/","logo":{"@type":"ImageObject","inLanguage":"fr-FR","@id":"https:\/\/www.hsbidentification.com\/#\/schema\/logo\/image\/","url":"https:\/\/www.hsbidentification.com\/wp-content\/uploads\/2024\/05\/logo-HSB-2000x1000-1.png","contentUrl":"https:\/\/www.hsbidentification.com\/wp-content\/uploads\/2024\/05\/logo-HSB-2000x1000-1.png","width":3926,"height":2135,"caption":"HSB Identification"},"image":{"@id":"https:\/\/www.hsbidentification.com\/#\/schema\/logo\/image\/"},"sameAs":["https:\/\/www.linkedin.com\/company\/hsb-identification"]}]}},"_links":{"self":[{"href":"https:\/\/www.hsbidentification.com\/fr\/wp-json\/wp\/v2\/pages\/2271","targetHints":{"allow":["GET"]}}],"collection":[{"href":"https:\/\/www.hsbidentification.com\/fr\/wp-json\/wp\/v2\/pages"}],"about":[{"href":"https:\/\/www.hsbidentification.com\/fr\/wp-json\/wp\/v2\/types\/page"}],"author":[{"embeddable":true,"href":"https:\/\/www.hsbidentification.com\/fr\/wp-json\/wp\/v2\/users\/4"}],"replies":[{"embeddable":true,"href":"https:\/\/www.hsbidentification.com\/fr\/wp-json\/wp\/v2\/comments?post=2271"}],"version-history":[{"count":14,"href":"https:\/\/www.hsbidentification.com\/fr\/wp-json\/wp\/v2\/pages\/2271\/revisions"}],"predecessor-version":[{"id":2911,"href":"https:\/\/www.hsbidentification.com\/fr\/wp-json\/wp\/v2\/pages\/2271\/revisions\/2911"}],"up":[{"embeddable":true,"href":"https:\/\/www.hsbidentification.com\/fr\/wp-json\/wp\/v2\/pages\/2267"}],"wp:attachment":[{"href":"https:\/\/www.hsbidentification.com\/fr\/wp-json\/wp\/v2\/media?parent=2271"}],"curies":[{"name":"wp","href":"https:\/\/api.w.org\/{rel}","templated":true}]}}