{"id":2267,"date":"2012-12-18T09:14:20","date_gmt":"2012-12-18T09:14:20","guid":{"rendered":"https:\/\/www.hsbidentification.com\/our-solutions\/elections\/"},"modified":"2022-04-11T10:16:32","modified_gmt":"2022-04-11T10:16:32","slug":"elections","status":"publish","type":"page","link":"https:\/\/www.hsbidentification.com\/fr\/nos-solutions\/elections\/","title":{"rendered":"\u00c9lections"},"content":{"rendered":"<hr \/>\n<p><strong>Les \u00e9lections sont un atout pr\u00e9cieux pour renforcer les d\u00e9mocraties et le droit de vote pour choisir les dirigeants d&rsquo;un pays est la pierre angulaire de toute d\u00e9mocratie. Afin d&rsquo;organiser des \u00e9lections fiables et transparentes, davantage de pays d\u00e9cident de mettre en \u0153uvre des technologies biom\u00e9triques avanc\u00e9es dans le processus \u00e9lectoral, cela permet de mettre \u00e0 jour le registre \u00e9lectoral existant et garantit l&rsquo;unicit\u00e9 d&rsquo;un \u00e9lecteur.<\/strong><\/p>\n<p>HSB est un partenaire de confiance avec une exp\u00e9rience dans les \u00e9lections biom\u00e9triques dans de nombreux pays africains anglophones et francophones. HSB voit diff\u00e9rentes \u00e9tapes du processus \u00e9lectoral o\u00f9 notre solution peut \u00eatre une valeur ajout\u00e9e. Il est possible de s\u00e9lectionner les \u00e9tapes sp\u00e9cifiques de votre choix:<\/p>\n<ol>\n<li>Enregistrement<\/li>\n<li>D\u00e9duplication<\/li>\n<li>Gestion des donn\u00e9es des \u00e9lecteurs<\/li>\n<li>V\u00e9rification le jour du scrutin<\/li>\n<li>Transmission des r\u00e9sultats<\/li>\n<\/ol>\n<p>Outre la fourniture du syst\u00e8me, plusieurs services seront fournis, tels que la formation, transfert de comp\u00e9tence et le conseil.<\/p>\n<h3>ENREGISTREMENT<\/h3>\n<p>La partie enregistrement du processus \u00e9lectoral est la partie la plus vitale. Gr\u00e2ce au logiciel HSB, il est garanti que la meilleure qualit\u00e9 possible soit captur\u00e9e. Les informations biom\u00e9triques seront saisies \u00e0 c\u00f4t\u00e9 des informations biographiques et d&rsquo;\u00e9ventuelles preuves d&rsquo;identit\u00e9. Ces informations seront utilis\u00e9es pour cr\u00e9er ou enrichir l&rsquo;identit\u00e9 de l&rsquo;\u00e9lecteur.<\/p>\n<p>Le logiciel d&rsquo;enregistrement fonctionne sur Windows ou Android et excelle en qualit\u00e9 d&rsquo;enregistrement, en rapidit\u00e9 et en convivialit\u00e9. Le logiciel est flexible et fonctionne avec de nombreux composants mat\u00e9riels de votre choix. HSB utilise un protocole de transfert s\u00e9curitaire et \u00e9prouv\u00e9 pour garantir la r\u00e9ception des donn\u00e9es \u00e0 l&#8217;emplacement central.<\/p>\n<p>HSB offre \u00e0 c\u00f4t\u00e9 du module hors ligne standard, la possibilit\u00e9 d&rsquo;un logiciel d&rsquo;inscription en ligne. Ce logiciel se connecte directement au logiciel de gestion des \u00e9lecteurs (LGE) pour effectuer les mises \u00e0 jour des nouvelles inscriptions.<\/p>\n<h3>D\u00c9DUPLICATION<\/h3>\n<p>Une fois les donn\u00e9es d&rsquo;enregistrement re\u00e7ues \u00e0 l&#8217;emplacement central, le processus de d\u00e9duplication d\u00e9marre, ce processus fait correspondre les donn\u00e9es biom\u00e9triques des \u00e9lecteurs les uns aux autres et si une correspondance est trouv\u00e9e, elle est stock\u00e9e en tant que correspondance possible et peut \u00e9ventuellement \u00eatre trait\u00e9e par la solution d&rsquo;arbitrage.<\/p>\n<p>Pour acc\u00e9l\u00e9rer la d\u00e9duplication, plusieurs d\u00e9cisions peuvent \u00eatre prises:<\/p>\n<ul>\n<li>Exemple: La quantit\u00e9 d&#8217;empreintes digitales qui est appari\u00e9e par personne peut \u00eatre diminu\u00e9e, au lieu d&rsquo;utiliser les dix empreintes digitales de la personne, seules quatre empreintes digitales seront utilis\u00e9es \u00e0 des fins de d\u00e9duplication.<\/li>\n<li>S&rsquo;il est garanti que lors de l&rsquo;enregistrement, les positions des empreintes digitales ne sont pas permut\u00e9es, la position peut \u00eatre utilis\u00e9e comme pr\u00e9-filtre. Par exemple, l&rsquo;index droit de l&rsquo;identit\u00e9 peut \u00eatre compar\u00e9 \u00e0 tous les autres index droits de la base de donn\u00e9es.<\/li>\n<\/ul>\n<p>Le r\u00e9sultat du processus de d\u00e9duplication est une base de donn\u00e9es \u00e9lectorale propre o\u00f9 tout le monde n&rsquo;est enregistr\u00e9 qu&rsquo;une seule fois.<\/p>\n<h3>ARBITRAGE<\/h3>\n<p>L&rsquo;arbitrage est le processus par lequel un op\u00e9rateur autoris\u00e9 d\u00e9termine ou juge manuellement si une correspondance trouv\u00e9e est vraiment un doublon et \/ ou d\u00e9cide quel enregistrement est utilis\u00e9 comme source dans l&rsquo;administration. Dans le cas de plusieurs correspondances possibles, l&rsquo;op\u00e9rateur obtiendra tous les r\u00e9sultats sur un seul \u00e9cran pour faire le jugement.<\/p>\n<h3>GESTION DES DONN\u00c9ES DES \u00c9LECTEURS<\/h3>\n<p>Dans le LGE, toutes les donn\u00e9es de l&rsquo;\u00e9lecteur seront collect\u00e9es et stock\u00e9es. Le LGE est un portail Web en ligne qui peut \u00eatre install\u00e9 dans l&rsquo;architecture locale de la Commission \u00e9lectorale. L&rsquo;op\u00e9rateur du LGE peut acc\u00e9der au portail via un navigateur de pr\u00e9f\u00e9rence. Sur la base du profil d&rsquo;autorisation de l&rsquo;utilisateur, diff\u00e9rentes t\u00e2ches peuvent \u00eatre effectu\u00e9es, telles que;<\/p>\n<ul>\n<li>Ajouter un \u00e9lecteur<\/li>\n<li>Mettre \u00e0 jour les donn\u00e9es d\u2019un \u00e9lecteur<\/li>\n<li>Supprimer l&rsquo;\u00e9lecteur<\/li>\n<li>Approuver les modifications<\/li>\n<li>Approuver les modifications externes sugg\u00e9r\u00e9es<\/li>\n<li>Gel de la liste \u00e9lectorale<\/li>\n<li>Cr\u00e9ation de la liste \u00e9lectorale par bureau de vote<\/li>\n<\/ul>\n<p>Dans le VMS, l&rsquo;\u00e9lecteur peut \u00eatre recherch\u00e9 via le num\u00e9ro d&rsquo;\u00e9lecteur et le nom exact. Le syst\u00e8me fournit un aper\u00e7u clair et compr\u00e9hensible de toutes les donn\u00e9es de cet \u00e9lecteur particulier. \u00c0 c\u00f4t\u00e9 des donn\u00e9es biographiques et biom\u00e9triques, les documents num\u00e9ris\u00e9s peuvent \u00eatre examin\u00e9s. Gr\u00e2ce \u00e0 ce syst\u00e8me, l&rsquo;op\u00e9rateur dispose des informations n\u00e9cessaires pour prendre les mesures appropri\u00e9es.<\/p>\n<h3>V\u00c9RIFICATION LE JOUR DU SCRUTIN<\/h3>\n<p>Le jour du scrutin, les \u00e9lecteurs peuvent \u00eatre authentifi\u00e9s avant le vote proprement dit. Une v\u00e9rification biom\u00e9trique aide les op\u00e9rateurs \u00e0 pouvoir authentifier l&rsquo;\u00e9lecteur lui-m\u00eame et s&rsquo;il a d\u00e9j\u00e0 vot\u00e9. Apr\u00e8s une authentification r\u00e9ussie, l&rsquo;\u00e9lecteur proc\u00e9dera au vote proprement dit.<\/p>\n<p>Il existe plusieurs fa\u00e7ons de v\u00e9rifier l&rsquo;\u00e9lecteur \u00e0 l&rsquo;aide de la biom\u00e9trie;<\/p>\n<ul>\n<li>Biom\u00e9trie stock\u00e9e sur le dispositif de v\u00e9rification<\/li>\n<li>Biom\u00e9trie enregistr\u00e9e sur la carte d&rsquo;\u00e9lecteur<\/li>\n<li>Biom\u00e9trie inscrite sur la liste \u00e9lectorale<\/li>\n<\/ul>\n<p>En fonction du r\u00e9sultat de l&rsquo;authentification biom\u00e9trique ou de la proc\u00e9dure de sauvegarde, l&rsquo;\u00e9lecteur peut continuer.<\/p>\n<p>Le dispositif de v\u00e9rification en combinaison avec le logiciel de v\u00e9rification correspondant est ax\u00e9 sur la stabilit\u00e9, la transparence, la robustesse et la convivialit\u00e9. Le logiciel peut \u00eatre personnalis\u00e9 en fonction des souhaits et des exigences du client et provenant des lois \u00e9lectorales locales sp\u00e9cifiques.<\/p>\n<h3>TRANSMISSION DES R\u00c9SULTATS<\/h3>\n<p>Le jour du scrutin, il est important de diffuser les r\u00e9sultats le plus rapidement possible. HSB a trouv\u00e9 une solution efficace et transparente pour envoyer les r\u00e9sultats des diff\u00e9rents bureaux de vote vers le syst\u00e8me central. Le syst\u00e8me central est capable d&rsquo;identifier les probl\u00e8mes et de refl\u00e9ter les r\u00e9sultats sur diff\u00e9rents graphiques.<\/p>\n<h4>RECUEIL ET TRANSMISSION DES R\u00c9SULTATS DU VOTE<\/h4>\n<p>Une fois les urnes ouvertes pour le comptage, un travail \u00e0 forte intensit\u00e9 de main-d&rsquo;\u0153uvre commencera. Il est crucial pour un pays d\u00e9mocratique que le d\u00e9pouillement des votes soit correct et transparent. Pour num\u00e9riser le processus, \u00e0 c\u00f4t\u00e9 du processus de copie papier, la vitesse et la transparence seront augment\u00e9es. \u00c0 c\u00f4t\u00e9 de cela, le risque physique de transporter les votes est \u00e9cart\u00e9.<\/p>\n<p><strong>\u00c9tape 1:<\/strong> Compilation des r\u00e9sultats du vote dans l&rsquo;application<\/p>\n<ul>\n<li>Y compris les r\u00e8gles de validation (exemple : La somme totale des votes doit \u00eatre correcte).<\/li>\n<li>Ach\u00e8vement facultatif effectu\u00e9 par deux personnes.<\/li>\n<\/ul>\n<p><strong>\u00c9tape 2:<\/strong> Collecte des preuves<\/p>\n<ul>\n<li>Num\u00e9risation de documents pour la capture des feuilles de r\u00e9sultats manuelles et autres preuves facultatives.<\/li>\n<\/ul>\n<p><strong>\u00c9tape 3:<\/strong> Transmission des donn\u00e9es<\/p>\n<ul>\n<li>Transmission des r\u00e9sultats du vote pr\u00e9liminaire.<\/li>\n<li>Transmission des r\u00e9sultats du vote final et preuves.<\/li>\n<\/ul>\n<p>\u00c0 c\u00f4t\u00e9 des r\u00e9sultats du vote, des preuves doivent \u00eatre ajout\u00e9es. Une preuve photo et \/ ou audio peut \u00eatre jointe aux r\u00e9sultats du vote, l&rsquo;appareil pour capturer les r\u00e9sultats du vote et les preuves peuvent \u00eatre collect\u00e9es\u00a0 en utilisant un appareil d\u00e9di\u00e9 ou l&rsquo;appareil d&rsquo;un op\u00e9rateur en utilisant la m\u00e9thode &lsquo;Apportez votre propre appareil&rsquo; (BYOD). L\u2019utilisation d\u2019un smartphone simple \/ tablette est suffisante.<\/p>\n<h4>R\u00c9CEPTION ET PR\u00c9SENTATION DES R\u00c9SULTATS DU VOTE<\/h4>\n<p>Avec la solution HSB, les r\u00e9sultats pr\u00e9cis sont obtenus rapidement, pr\u00e9sent\u00e9s de mani\u00e8re transparente et document\u00e9s sous une forme juridiquement valide.<\/p>\n<p>La solution soutient les administrateurs \u00e9lectoraux charg\u00e9s de d\u00e9terminer les r\u00e9sultats de l&rsquo;\u00e9lection en fournissant des proc\u00e9dures automatis\u00e9es avec tous les contr\u00f4les requis par la l\u00e9gislation \u00e9lectorale pertinente. Gr\u00e2ce \u00e0 un suivi approfondi de la situation en temps r\u00e9el, le directeur du scrutin ou d&rsquo;autres organes \u00e9lectoraux sont continuellement inform\u00e9s des progr\u00e8s du d\u00e9pouillement.<\/p>\n<p>Si des cas particuliers sont rencontr\u00e9s (comme une \u00e9galit\u00e9), ils sont automatiquement reconnus par le syst\u00e8me et le directeur du scrutin est appel\u00e9 \u00e0 agir conform\u00e9ment aux exigences l\u00e9gales applicables, par exemple en utilisant un vote pr\u00e9pond\u00e9rant ou une autre m\u00e9thode de bris d&rsquo;\u00e9galit\u00e9.<\/p>\n<p>Fonctions cl\u00e9s pour les r\u00e9sultats et la publication:<\/p>\n<ul>\n<li>Appui au traitement dans les organes \u00e9lectoraux et les bureaux de vote<\/li>\n<li>Collation des r\u00e9sultats<\/li>\n<li>Contr\u00f4les de plausibilit\u00e9 de tous les retours et r\u00e9sultats<\/li>\n<li>Concepts hi\u00e9rarchiques des droits et des r\u00f4les<\/li>\n<li>D\u00e9termination du candidat \u00e9lu ou la r\u00e9partition des si\u00e8ges pour les \u00e9lections l\u00e9gislatives<\/li>\n<li>Production de statistiques, rapports et documentation finale juridiquement valable<\/li>\n<li>Pr\u00e9sentation en direct des r\u00e9sultats<\/li>\n<li>Publication des r\u00e9sultats sur diff\u00e9rents supports et plateformes<\/li>\n<\/ul>\n<p>&nbsp;<\/p>\n<hr \/>\n<h4>EN SAVOIR PLUS SUR NOS PROJETS TERMIN\u00c9S ET ACTUELS<\/h4>\n<div class=\"uk-alert\">\n<p><a href=\"https:\/\/www.hsbidentification.com\/fr\/nos-solutions\/elections\/inscription-des-electeurs-du-ghana\/\"><img loading=\"lazy\" decoding=\"async\" class=\"uk-alert-our-solutions\" src=\"https:\/\/www.hsbidentification.com\/wp-content\/uploads\/2014\/12\/teaser-ghana-2014.jpg\" alt=\"Ghana Voter Registration\" width=\"100\" height=\"100\" \/><\/a><\/p>\n<h3 class=\"our-products-heading\"><a href=\"https:\/\/www.hsbidentification.com\/fr\/nos-solutions\/elections\/inscription-des-electeurs-du-ghana\/\">INSCRIPTION DES \u00c9LECTEURS DU GHANA<\/a><\/h3>\n<p><a href=\"https:\/\/www.hsbidentification.com\/fr\/nos-solutions\/elections\/inscription-des-electeurs-du-ghana\/\">HSB identification a r\u00e9alis\u00e9 des projets r\u00e9ussis d\u2019enr\u00f4lement biom\u00e9trique des \u00e9lecteurs les plus complexes. HSB fournit une solution compl\u00e8te d&rsquo;inscription des \u00e9lecteurs et plus de 7 000 kits d&rsquo;enregistrement biom\u00e9trique (BVR) qui ont permis d\u2019enregistrer 14 millions de personnes en seulement 40 jours.<\/a> <a href=\"https:\/\/www.hsbidentification.com\/fr\/nos-solutions\/elections\/inscription-des-electeurs-du-ghana\/\"><strong>Lire la suite\u2026<\/strong><\/a><\/p>\n<\/div>\n<p>&nbsp;<\/p>\n<div class=\"uk-alert\">\n<p><a href=\"https:\/\/www.hsbidentification.com\/fr\/nos-solutions\/elections\/inscription-en-ligne-des-electeurs\/\"><img loading=\"lazy\" decoding=\"async\" class=\"uk-alert-our-solutions\" src=\"https:\/\/www.hsbidentification.com\/wp-content\/uploads\/2014\/12\/teaser-ghana-2012.jpg\" alt=\"Online Voter Registration\" width=\"100\" height=\"100\" \/><\/a><\/p>\n<h3 class=\"our-products-heading\"><a href=\"https:\/\/www.hsbidentification.com\/fr\/nos-solutions\/elections\/inscription-en-ligne-des-electeurs\/\">INSCRIPTION EN LIGNE DES \u00c9LECTEURS<\/a><\/h3>\n<p><a href=\"https:\/\/www.hsbidentification.com\/fr\/nos-solutions\/elections\/inscription-en-ligne-des-electeurs\/\">HSB identification a d\u00e9montr\u00e9 dans le cadre d\u2019une op\u00e9ration sp\u00e9ciale que nous pouvons aider les commissions \u00e9lectorales \u00e0 pr\u00e9parer le mat\u00e9riel n\u00e9cessaire, y compris les kits d&rsquo;enregistrement biom\u00e9trique des \u00e9lecteurs (BVR). Les kits BVR utilis\u00e9s pour les \u00e9lections de 2012 au Ghana ont \u00e9t\u00e9 enti\u00e8rement r\u00e9nov\u00e9s<\/a>. <a href=\"https:\/\/www.hsbidentification.com\/fr\/nos-solutions\/elections\/inscription-en-ligne-des-electeurs\/\"><strong>Lire la suite\u2026<\/strong><\/a><\/p>\n<\/div>\n","protected":false},"excerpt":{"rendered":"<p>Les \u00e9lections sont un atout pr\u00e9cieux pour renforcer les d\u00e9mocraties et le droit de vote pour choisir les dirigeants d&rsquo;un pays est la pierre angulaire de toute d\u00e9mocratie. Afin d&rsquo;organiser des \u00e9lections fiables et transparentes, davantage de pays d\u00e9cident de mettre en \u0153uvre des technologies biom\u00e9triques avanc\u00e9es dans le processus \u00e9lectoral, cela permet de mettre [&hellip;]<\/p>\n","protected":false},"author":4,"featured_media":0,"parent":2127,"menu_order":0,"comment_status":"closed","ping_status":"closed","template":"","meta":{"_monsterinsights_skip_tracking":false,"_monsterinsights_sitenote_active":false,"_monsterinsights_sitenote_note":"","_monsterinsights_sitenote_category":0,"footnotes":""},"class_list":["post-2267","page","type-page","status-publish","hentry"],"yoast_head":"<!-- This site is optimized with the Yoast SEO plugin v26.7 - https:\/\/yoast.com\/wordpress\/plugins\/seo\/ -->\n<title>\u00c9lections - HSB Identification<\/title>\n<meta name=\"description\" content=\"D\u00e9couvrez les solutions biom\u00e9triques dans le domaine des \u00e9lections comme l&#039;inscription des \u00e9lecteurs au Ghana en utilisant les empreintes digitales et la reconnaissance faciale\" \/>\n<meta name=\"robots\" content=\"index, follow, max-snippet:-1, max-image-preview:large, max-video-preview:-1\" \/>\n<link rel=\"canonical\" href=\"https:\/\/www.hsbidentification.com\/fr\/nos-solutions\/elections\/\" \/>\n<meta property=\"og:locale\" content=\"fr_FR\" \/>\n<meta property=\"og:type\" content=\"article\" \/>\n<meta property=\"og:title\" content=\"\u00c9lections - HSB Identification\" \/>\n<meta property=\"og:description\" content=\"D\u00e9couvrez les solutions biom\u00e9triques dans le domaine des \u00e9lections comme l&#039;inscription des \u00e9lecteurs au Ghana en utilisant les empreintes digitales et la reconnaissance faciale\" \/>\n<meta property=\"og:url\" content=\"https:\/\/www.hsbidentification.com\/fr\/nos-solutions\/elections\/\" \/>\n<meta property=\"og:site_name\" content=\"HSB Identification\" \/>\n<meta property=\"article:modified_time\" content=\"2022-04-11T10:16:32+00:00\" \/>\n<meta property=\"og:image\" content=\"https:\/\/www.hsbidentification.com\/wp-content\/uploads\/2014\/12\/teaser-ghana-2014.jpg\" \/>\n<meta name=\"twitter:label1\" content=\"Dur\u00e9e de lecture estim\u00e9e\" \/>\n\t<meta name=\"twitter:data1\" content=\"8 minutes\" \/>\n<script type=\"application\/ld+json\" class=\"yoast-schema-graph\">{\"@context\":\"https:\/\/schema.org\",\"@graph\":[{\"@type\":\"WebPage\",\"@id\":\"https:\/\/www.hsbidentification.com\/fr\/nos-solutions\/elections\/\",\"url\":\"https:\/\/www.hsbidentification.com\/fr\/nos-solutions\/elections\/\",\"name\":\"\u00c9lections - HSB Identification\",\"isPartOf\":{\"@id\":\"https:\/\/www.hsbidentification.com\/#website\"},\"primaryImageOfPage\":{\"@id\":\"https:\/\/www.hsbidentification.com\/fr\/nos-solutions\/elections\/#primaryimage\"},\"image\":{\"@id\":\"https:\/\/www.hsbidentification.com\/fr\/nos-solutions\/elections\/#primaryimage\"},\"thumbnailUrl\":\"https:\/\/www.hsbidentification.com\/wp-content\/uploads\/2014\/12\/teaser-ghana-2014.jpg\",\"datePublished\":\"2012-12-18T09:14:20+00:00\",\"dateModified\":\"2022-04-11T10:16:32+00:00\",\"description\":\"D\u00e9couvrez les solutions biom\u00e9triques dans le domaine des \u00e9lections comme l'inscription des \u00e9lecteurs au Ghana en utilisant les empreintes digitales et la reconnaissance faciale\",\"breadcrumb\":{\"@id\":\"https:\/\/www.hsbidentification.com\/fr\/nos-solutions\/elections\/#breadcrumb\"},\"inLanguage\":\"fr-FR\",\"potentialAction\":[{\"@type\":\"ReadAction\",\"target\":[\"https:\/\/www.hsbidentification.com\/fr\/nos-solutions\/elections\/\"]}]},{\"@type\":\"ImageObject\",\"inLanguage\":\"fr-FR\",\"@id\":\"https:\/\/www.hsbidentification.com\/fr\/nos-solutions\/elections\/#primaryimage\",\"url\":\"https:\/\/www.hsbidentification.com\/wp-content\/uploads\/2014\/12\/teaser-ghana-2014.jpg\",\"contentUrl\":\"https:\/\/www.hsbidentification.com\/wp-content\/uploads\/2014\/12\/teaser-ghana-2014.jpg\"},{\"@type\":\"BreadcrumbList\",\"@id\":\"https:\/\/www.hsbidentification.com\/fr\/nos-solutions\/elections\/#breadcrumb\",\"itemListElement\":[{\"@type\":\"ListItem\",\"position\":1,\"name\":\"Home\",\"item\":\"https:\/\/www.hsbidentification.com\/fr\/\"},{\"@type\":\"ListItem\",\"position\":2,\"name\":\"NOS SOLUTIONS\",\"item\":\"https:\/\/www.hsbidentification.com\/fr\/nos-solutions\/\"},{\"@type\":\"ListItem\",\"position\":3,\"name\":\"\u00c9lections\"}]},{\"@type\":\"WebSite\",\"@id\":\"https:\/\/www.hsbidentification.com\/#website\",\"url\":\"https:\/\/www.hsbidentification.com\/\",\"name\":\"HSB Identification\",\"description\":\"Digital Identity Solutions\",\"publisher\":{\"@id\":\"https:\/\/www.hsbidentification.com\/#organization\"},\"potentialAction\":[{\"@type\":\"SearchAction\",\"target\":{\"@type\":\"EntryPoint\",\"urlTemplate\":\"https:\/\/www.hsbidentification.com\/?s={search_term_string}\"},\"query-input\":{\"@type\":\"PropertyValueSpecification\",\"valueRequired\":true,\"valueName\":\"search_term_string\"}}],\"inLanguage\":\"fr-FR\"},{\"@type\":\"Organization\",\"@id\":\"https:\/\/www.hsbidentification.com\/#organization\",\"name\":\"HSB Identification\",\"url\":\"https:\/\/www.hsbidentification.com\/\",\"logo\":{\"@type\":\"ImageObject\",\"inLanguage\":\"fr-FR\",\"@id\":\"https:\/\/www.hsbidentification.com\/#\/schema\/logo\/image\/\",\"url\":\"https:\/\/www.hsbidentification.com\/wp-content\/uploads\/2024\/05\/logo-HSB-2000x1000-1.png\",\"contentUrl\":\"https:\/\/www.hsbidentification.com\/wp-content\/uploads\/2024\/05\/logo-HSB-2000x1000-1.png\",\"width\":3926,\"height\":2135,\"caption\":\"HSB Identification\"},\"image\":{\"@id\":\"https:\/\/www.hsbidentification.com\/#\/schema\/logo\/image\/\"},\"sameAs\":[\"https:\/\/www.linkedin.com\/company\/hsb-identification\"]}]}<\/script>\n<!-- \/ Yoast SEO plugin. -->","yoast_head_json":{"title":"\u00c9lections - HSB Identification","description":"D\u00e9couvrez les solutions biom\u00e9triques dans le domaine des \u00e9lections comme l'inscription des \u00e9lecteurs au Ghana en utilisant les empreintes digitales et la reconnaissance faciale","robots":{"index":"index","follow":"follow","max-snippet":"max-snippet:-1","max-image-preview":"max-image-preview:large","max-video-preview":"max-video-preview:-1"},"canonical":"https:\/\/www.hsbidentification.com\/fr\/nos-solutions\/elections\/","og_locale":"fr_FR","og_type":"article","og_title":"\u00c9lections - HSB Identification","og_description":"D\u00e9couvrez les solutions biom\u00e9triques dans le domaine des \u00e9lections comme l'inscription des \u00e9lecteurs au Ghana en utilisant les empreintes digitales et la reconnaissance faciale","og_url":"https:\/\/www.hsbidentification.com\/fr\/nos-solutions\/elections\/","og_site_name":"HSB Identification","article_modified_time":"2022-04-11T10:16:32+00:00","og_image":[{"url":"https:\/\/www.hsbidentification.com\/wp-content\/uploads\/2014\/12\/teaser-ghana-2014.jpg","type":"","width":"","height":""}],"twitter_misc":{"Dur\u00e9e de lecture estim\u00e9e":"8 minutes"},"schema":{"@context":"https:\/\/schema.org","@graph":[{"@type":"WebPage","@id":"https:\/\/www.hsbidentification.com\/fr\/nos-solutions\/elections\/","url":"https:\/\/www.hsbidentification.com\/fr\/nos-solutions\/elections\/","name":"\u00c9lections - HSB Identification","isPartOf":{"@id":"https:\/\/www.hsbidentification.com\/#website"},"primaryImageOfPage":{"@id":"https:\/\/www.hsbidentification.com\/fr\/nos-solutions\/elections\/#primaryimage"},"image":{"@id":"https:\/\/www.hsbidentification.com\/fr\/nos-solutions\/elections\/#primaryimage"},"thumbnailUrl":"https:\/\/www.hsbidentification.com\/wp-content\/uploads\/2014\/12\/teaser-ghana-2014.jpg","datePublished":"2012-12-18T09:14:20+00:00","dateModified":"2022-04-11T10:16:32+00:00","description":"D\u00e9couvrez les solutions biom\u00e9triques dans le domaine des \u00e9lections comme l'inscription des \u00e9lecteurs au Ghana en utilisant les empreintes digitales et la reconnaissance faciale","breadcrumb":{"@id":"https:\/\/www.hsbidentification.com\/fr\/nos-solutions\/elections\/#breadcrumb"},"inLanguage":"fr-FR","potentialAction":[{"@type":"ReadAction","target":["https:\/\/www.hsbidentification.com\/fr\/nos-solutions\/elections\/"]}]},{"@type":"ImageObject","inLanguage":"fr-FR","@id":"https:\/\/www.hsbidentification.com\/fr\/nos-solutions\/elections\/#primaryimage","url":"https:\/\/www.hsbidentification.com\/wp-content\/uploads\/2014\/12\/teaser-ghana-2014.jpg","contentUrl":"https:\/\/www.hsbidentification.com\/wp-content\/uploads\/2014\/12\/teaser-ghana-2014.jpg"},{"@type":"BreadcrumbList","@id":"https:\/\/www.hsbidentification.com\/fr\/nos-solutions\/elections\/#breadcrumb","itemListElement":[{"@type":"ListItem","position":1,"name":"Home","item":"https:\/\/www.hsbidentification.com\/fr\/"},{"@type":"ListItem","position":2,"name":"NOS SOLUTIONS","item":"https:\/\/www.hsbidentification.com\/fr\/nos-solutions\/"},{"@type":"ListItem","position":3,"name":"\u00c9lections"}]},{"@type":"WebSite","@id":"https:\/\/www.hsbidentification.com\/#website","url":"https:\/\/www.hsbidentification.com\/","name":"HSB Identification","description":"Digital Identity Solutions","publisher":{"@id":"https:\/\/www.hsbidentification.com\/#organization"},"potentialAction":[{"@type":"SearchAction","target":{"@type":"EntryPoint","urlTemplate":"https:\/\/www.hsbidentification.com\/?s={search_term_string}"},"query-input":{"@type":"PropertyValueSpecification","valueRequired":true,"valueName":"search_term_string"}}],"inLanguage":"fr-FR"},{"@type":"Organization","@id":"https:\/\/www.hsbidentification.com\/#organization","name":"HSB Identification","url":"https:\/\/www.hsbidentification.com\/","logo":{"@type":"ImageObject","inLanguage":"fr-FR","@id":"https:\/\/www.hsbidentification.com\/#\/schema\/logo\/image\/","url":"https:\/\/www.hsbidentification.com\/wp-content\/uploads\/2024\/05\/logo-HSB-2000x1000-1.png","contentUrl":"https:\/\/www.hsbidentification.com\/wp-content\/uploads\/2024\/05\/logo-HSB-2000x1000-1.png","width":3926,"height":2135,"caption":"HSB Identification"},"image":{"@id":"https:\/\/www.hsbidentification.com\/#\/schema\/logo\/image\/"},"sameAs":["https:\/\/www.linkedin.com\/company\/hsb-identification"]}]}},"_links":{"self":[{"href":"https:\/\/www.hsbidentification.com\/fr\/wp-json\/wp\/v2\/pages\/2267","targetHints":{"allow":["GET"]}}],"collection":[{"href":"https:\/\/www.hsbidentification.com\/fr\/wp-json\/wp\/v2\/pages"}],"about":[{"href":"https:\/\/www.hsbidentification.com\/fr\/wp-json\/wp\/v2\/types\/page"}],"author":[{"embeddable":true,"href":"https:\/\/www.hsbidentification.com\/fr\/wp-json\/wp\/v2\/users\/4"}],"replies":[{"embeddable":true,"href":"https:\/\/www.hsbidentification.com\/fr\/wp-json\/wp\/v2\/comments?post=2267"}],"version-history":[{"count":14,"href":"https:\/\/www.hsbidentification.com\/fr\/wp-json\/wp\/v2\/pages\/2267\/revisions"}],"predecessor-version":[{"id":6655,"href":"https:\/\/www.hsbidentification.com\/fr\/wp-json\/wp\/v2\/pages\/2267\/revisions\/6655"}],"up":[{"embeddable":true,"href":"https:\/\/www.hsbidentification.com\/fr\/wp-json\/wp\/v2\/pages\/2127"}],"wp:attachment":[{"href":"https:\/\/www.hsbidentification.com\/fr\/wp-json\/wp\/v2\/media?parent=2267"}],"curies":[{"name":"wp","href":"https:\/\/api.w.org\/{rel}","templated":true}]}}