{"id":2256,"date":"2014-12-02T12:32:50","date_gmt":"2014-12-02T12:32:50","guid":{"rendered":"https:\/\/www.hsbidentification.com\/verification-and-identification\/"},"modified":"2020-12-24T15:20:36","modified_gmt":"2020-12-24T15:20:36","slug":"verification-et-identification","status":"publish","type":"page","link":"https:\/\/www.hsbidentification.com\/fr\/our-products\/logiciel-bioregistrator\/verification-et-identification\/","title":{"rendered":"V\u00e9rification et identification"},"content":{"rendered":"<hr \/>\n<h3>UN ID UNIQUE<\/h3>\n<p>Apr\u00e8s l&rsquo;enregistrement, l&rsquo;identit\u00e9 unique des personnes est \u00e9tablie en effectuant des actions de v\u00e9rification ou d&rsquo;identification par comparaison: Un \u00e0 un. La personne porte un identifiant unique pouvant \u00eatre v\u00e9rifi\u00e9 \u00e0 l&rsquo;aide de la biom\u00e9trie. L&rsquo;identifiant unique peut \u00eatre un num\u00e9ro ou un code, mais peut \u00e9galement inclure un mod\u00e8le biom\u00e9trique stock\u00e9 par exemple sur une carte \u00e0 puce.<\/p>\n<h3>PLATEFORMES MULTIPLES<\/h3>\n<p>Avec BioRegistrator \u00ae Verification et BioRegistrator \u00ae Identification, les actions peuvent \u00eatre effectu\u00e9es \u00e0 l&rsquo;aide de bases de donn\u00e9es locales ou distantes. Ils peuvent utiliser un ou plusieurs types de donn\u00e9es biom\u00e9triques, avec une ou plusieurs mesures, par exemple une, deux, quatre ou dix empreintes digitales. Ils peuvent \u00eatre effectu\u00e9s sur diff\u00e9rents appareils, bas\u00e9s sur les plates-formes Windows et Android.<\/p>\n<p>HSB peut recommander et offrir la meilleure configuration, en fonction des exigences du cas d&rsquo;utilisation et de la taille de la population.<\/p>\n<h4>Pourrait vous int\u00e9resser:<\/h4>\n<div class=\"uk-grid\">\n<div class=\"uk-width-medium-1-3\">\n<div class=\"uk-alert\">\n<h3 align=\"center\"><a href=\"https:\/\/www.hsbidentification.com\/fr\/our-products\/tablet-id\/\">Tablet-ID<sup>\u2122<\/sup><\/a><\/h3>\n<div align=\"center\"><a href=\"https:\/\/www.hsbidentification.com\/fr\/our-products\/tablet-id\/\"><img loading=\"lazy\" decoding=\"async\" class=\"alignnone size-full wp-image-1642\" src=\"https:\/\/www.hsbidentification.com\/wp-content\/uploads\/2015\/06\/tablet-id.jpg\" alt=\"TABLET ID\" width=\"150\" height=\"150\" srcset=\"https:\/\/www.hsbidentification.com\/wp-content\/uploads\/2015\/06\/tablet-id.jpg 250w, https:\/\/www.hsbidentification.com\/wp-content\/uploads\/2015\/06\/tablet-id-150x150.jpg 150w\" sizes=\"auto, (max-width: 150px) 100vw, 150px\" \/><\/a><\/div>\n<p align=\"center\"><a href=\"https:\/\/www.hsbidentification.com\/fr\/our-products\/tablet-id\/\">Enregistrement biom\u00e9trique mobile \u00e0 l&rsquo;aide de la tablette ID<\/a>. <a href=\"https:\/\/www.hsbidentification.com\/fr\/our-products\/tablet-id\/\"><strong>Lire la suite&#8230;<\/strong><\/a><\/p>\n<p class=\"seotext\">Tablet-ID \u2122 est un appareil bas\u00e9 sur Android qui inclut la fonctionnalit\u00e9 d&rsquo;un lecteur d&#8217;empreintes digitales et d&rsquo;un lecteur de carte \u00e0 puce de haute qualit\u00e9. Une \u00e9norme capacit\u00e9 de batterie est int\u00e9gr\u00e9e \u00e0 cette solution pour assurer une autonomie allant jusqu&rsquo;\u00e0 13 heures. TABLET ID L&rsquo;application logicielle sur le Tablet-ID \u2122 peut \u00eatre personnalis\u00e9e selon les besoins du client.<\/p>\n<\/div>\n<\/div>\n<div class=\"uk-width-medium-1-3\">\n<div class=\"uk-alert\">\n<h3 align=\"center\"><a href=\"https:\/\/www.hsbidentification.com\/fr\/nos-solutions\/controle-des-frontieres\/verification-biometrique-pour-les-demandeurs-dasile\/\">Demandeurs d&rsquo;asile<\/a><\/h3>\n<div align=\"center\"><img loading=\"lazy\" decoding=\"async\" class=\"alignnone size-full wp-image-1642\" src=\"https:\/\/www.hsbidentification.com\/wp-content\/uploads\/2015\/07\/asylum-seekers-service-mboi.jpg\" alt=\"Biometric Verification for Asylum Seekers\" width=\"150\" height=\"150\" \/><\/div>\n<p align=\"center\"><a href=\"https:\/\/www.hsbidentification.com\/fr\/nos-solutions\/controle-des-frontieres\/verification-biometrique-pour-les-demandeurs-dasile\/\">Mise en \u0153uvre nationale du service de v\u00e9rification des demandeurs&#8230;<\/a> <a href=\"https:\/\/www.hsbidentification.com\/fr\/nos-solutions\/controle-des-frontieres\/verification-biometrique-pour-les-demandeurs-dasile\/\"><strong>Lire la suite&#8230;<\/strong><\/a><\/p>\n<p class=\"seotext\">HSB identification a fourni une solution de v\u00e9rification biom\u00e9trique pour un programme national de demandeurs d&rsquo;asile avec plus de 100 bornes de v\u00e9rification autonomes. Le syst\u00e8me est utilis\u00e9 dans les centres de demandeurs d&rsquo;asile et les bureaux d&rsquo;immigration.<\/p>\n<\/div>\n<\/div>\n<div class=\"uk-width-medium-1-3\">\n<div class=\"uk-alert\">\n<h3 align=\"center\"><a href=\"https:\/\/www.hsbidentification.com\/fr\/nos-solutions\/controle-des-frontieres\/\">Contr\u00f4le des fronti\u00e8res<\/a><\/h3>\n<div align=\"center\"><a href=\"https:\/\/www.hsbidentification.com\/fr\/nos-solutions\/controle-des-frontieres\/\"><img loading=\"lazy\" decoding=\"async\" class=\"alignnone size-full wp-image-1642\" src=\"https:\/\/www.hsbidentification.com\/wp-content\/uploads\/2015\/07\/BCS-EU-VIS-mboi.jpg\" alt=\"Border Control System EU-VIS\" width=\"150\" height=\"150\" \/><\/a><\/div>\n<p align=\"center\"><a href=\"https:\/\/www.hsbidentification.com\/fr\/nos-solutions\/controle-des-frontieres\/\">Solution Web rapide pour le contr\u00f4le..<\/a>.<a href=\"https:\/\/www.hsbidentification.com\/fr\/nos-solutions\/controle-des-frontieres\/\"><strong> Lire la suite&#8230;<\/strong><\/a><\/p>\n<p class=\"seotext\">Tous les titulaires d&rsquo;un visa aupr\u00e8s de l&rsquo;Union europ\u00e9enne doivent capturer des empreintes digitales, des photos qualifi\u00e9es (OACI) et des documents dans des postes \u00e9trangers pour d\u00e9livrer un visa d&rsquo;entr\u00e9e dans l&rsquo;UE. Aux fronti\u00e8res europ\u00e9ennes de l&rsquo;espace Schengen, le num\u00e9ro de visa et les informations d&#8217;empreintes digitales sont v\u00e9rifi\u00e9s par rapport \u00e0 une tr\u00e8s grande base de donn\u00e9es d&#8217;empreintes digitales (taille future attendue sup\u00e9rieure \u00e0 70 millions). Les donn\u00e9es des documents sont \u00e9galement v\u00e9rifi\u00e9es localement sur les fonctionnalit\u00e9s de s\u00e9curit\u00e9 avec une base de donn\u00e9es de mod\u00e8les et d&rsquo;autres bases de donn\u00e9es pertinentes.<\/p>\n<\/div>\n<\/div>\n<\/div>\n","protected":false},"excerpt":{"rendered":"<p>UN ID UNIQUE Apr\u00e8s l&rsquo;enregistrement, l&rsquo;identit\u00e9 unique des personnes est \u00e9tablie en effectuant des actions de v\u00e9rification ou d&rsquo;identification par comparaison: Un \u00e0 un. La personne porte un identifiant unique pouvant \u00eatre v\u00e9rifi\u00e9 \u00e0 l&rsquo;aide de la biom\u00e9trie. L&rsquo;identifiant unique peut \u00eatre un num\u00e9ro ou un code, mais peut \u00e9galement inclure un mod\u00e8le biom\u00e9trique stock\u00e9 [&hellip;]<\/p>\n","protected":false},"author":4,"featured_media":0,"parent":2277,"menu_order":0,"comment_status":"closed","ping_status":"closed","template":"","meta":{"_monsterinsights_skip_tracking":false,"_monsterinsights_sitenote_active":false,"_monsterinsights_sitenote_note":"","_monsterinsights_sitenote_category":0,"footnotes":""},"class_list":["post-2256","page","type-page","status-publish","hentry"],"yoast_head":"<!-- This site is optimized with the Yoast SEO plugin v26.7 - https:\/\/yoast.com\/wordpress\/plugins\/seo\/ -->\n<title>V\u00e9rification et identification - HSB Identification<\/title>\n<meta name=\"description\" content=\"\u00c0 l&#039;aide d&#039;une v\u00e9rification ou d&#039;une identification, l&#039;identifiant unique d&#039;une personne sera v\u00e9rifi\u00e9 \u00e0 l&#039;aide de la technologie biom\u00e9trique.\" \/>\n<meta name=\"robots\" content=\"index, follow, max-snippet:-1, max-image-preview:large, max-video-preview:-1\" \/>\n<link rel=\"canonical\" href=\"https:\/\/www.hsbidentification.com\/fr\/our-products\/logiciel-bioregistrator\/verification-et-identification\/\" \/>\n<meta property=\"og:locale\" content=\"fr_FR\" \/>\n<meta property=\"og:type\" content=\"article\" \/>\n<meta property=\"og:title\" content=\"V\u00e9rification et identification - HSB Identification\" \/>\n<meta property=\"og:description\" content=\"\u00c0 l&#039;aide d&#039;une v\u00e9rification ou d&#039;une identification, l&#039;identifiant unique d&#039;une personne sera v\u00e9rifi\u00e9 \u00e0 l&#039;aide de la technologie biom\u00e9trique.\" \/>\n<meta property=\"og:url\" content=\"https:\/\/www.hsbidentification.com\/fr\/our-products\/logiciel-bioregistrator\/verification-et-identification\/\" \/>\n<meta property=\"og:site_name\" content=\"HSB Identification\" \/>\n<meta property=\"article:modified_time\" content=\"2020-12-24T15:20:36+00:00\" \/>\n<meta property=\"og:image\" content=\"https:\/\/www.hsbidentification.com\/wp-content\/uploads\/2015\/06\/tablet-id.jpg\" \/>\n<meta name=\"twitter:label1\" content=\"Dur\u00e9e de lecture estim\u00e9e\" \/>\n\t<meta name=\"twitter:data1\" content=\"2 minutes\" \/>\n<script type=\"application\/ld+json\" class=\"yoast-schema-graph\">{\"@context\":\"https:\/\/schema.org\",\"@graph\":[{\"@type\":\"WebPage\",\"@id\":\"https:\/\/www.hsbidentification.com\/fr\/our-products\/logiciel-bioregistrator\/verification-et-identification\/\",\"url\":\"https:\/\/www.hsbidentification.com\/fr\/our-products\/logiciel-bioregistrator\/verification-et-identification\/\",\"name\":\"V\u00e9rification et identification - HSB Identification\",\"isPartOf\":{\"@id\":\"https:\/\/www.hsbidentification.com\/#website\"},\"primaryImageOfPage\":{\"@id\":\"https:\/\/www.hsbidentification.com\/fr\/our-products\/logiciel-bioregistrator\/verification-et-identification\/#primaryimage\"},\"image\":{\"@id\":\"https:\/\/www.hsbidentification.com\/fr\/our-products\/logiciel-bioregistrator\/verification-et-identification\/#primaryimage\"},\"thumbnailUrl\":\"https:\/\/www.hsbidentification.com\/wp-content\/uploads\/2015\/06\/tablet-id.jpg\",\"datePublished\":\"2014-12-02T12:32:50+00:00\",\"dateModified\":\"2020-12-24T15:20:36+00:00\",\"description\":\"\u00c0 l'aide d'une v\u00e9rification ou d'une identification, l'identifiant unique d'une personne sera v\u00e9rifi\u00e9 \u00e0 l'aide de la technologie biom\u00e9trique.\",\"breadcrumb\":{\"@id\":\"https:\/\/www.hsbidentification.com\/fr\/our-products\/logiciel-bioregistrator\/verification-et-identification\/#breadcrumb\"},\"inLanguage\":\"fr-FR\",\"potentialAction\":[{\"@type\":\"ReadAction\",\"target\":[\"https:\/\/www.hsbidentification.com\/fr\/our-products\/logiciel-bioregistrator\/verification-et-identification\/\"]}]},{\"@type\":\"ImageObject\",\"inLanguage\":\"fr-FR\",\"@id\":\"https:\/\/www.hsbidentification.com\/fr\/our-products\/logiciel-bioregistrator\/verification-et-identification\/#primaryimage\",\"url\":\"https:\/\/www.hsbidentification.com\/wp-content\/uploads\/2015\/06\/tablet-id.jpg\",\"contentUrl\":\"https:\/\/www.hsbidentification.com\/wp-content\/uploads\/2015\/06\/tablet-id.jpg\"},{\"@type\":\"BreadcrumbList\",\"@id\":\"https:\/\/www.hsbidentification.com\/fr\/our-products\/logiciel-bioregistrator\/verification-et-identification\/#breadcrumb\",\"itemListElement\":[{\"@type\":\"ListItem\",\"position\":1,\"name\":\"Home\",\"item\":\"https:\/\/www.hsbidentification.com\/fr\/\"},{\"@type\":\"ListItem\",\"position\":2,\"name\":\"Nos produits\",\"item\":\"https:\/\/www.hsbidentification.com\/fr\/our-products\/\"},{\"@type\":\"ListItem\",\"position\":3,\"name\":\"Logiciel Bioregistrator\",\"item\":\"https:\/\/www.hsbidentification.com\/fr\/our-products\/logiciel-bioregistrator\/\"},{\"@type\":\"ListItem\",\"position\":4,\"name\":\"V\u00e9rification et identification\"}]},{\"@type\":\"WebSite\",\"@id\":\"https:\/\/www.hsbidentification.com\/#website\",\"url\":\"https:\/\/www.hsbidentification.com\/\",\"name\":\"HSB Identification\",\"description\":\"Digital Identity Solutions\",\"publisher\":{\"@id\":\"https:\/\/www.hsbidentification.com\/#organization\"},\"potentialAction\":[{\"@type\":\"SearchAction\",\"target\":{\"@type\":\"EntryPoint\",\"urlTemplate\":\"https:\/\/www.hsbidentification.com\/?s={search_term_string}\"},\"query-input\":{\"@type\":\"PropertyValueSpecification\",\"valueRequired\":true,\"valueName\":\"search_term_string\"}}],\"inLanguage\":\"fr-FR\"},{\"@type\":\"Organization\",\"@id\":\"https:\/\/www.hsbidentification.com\/#organization\",\"name\":\"HSB Identification\",\"url\":\"https:\/\/www.hsbidentification.com\/\",\"logo\":{\"@type\":\"ImageObject\",\"inLanguage\":\"fr-FR\",\"@id\":\"https:\/\/www.hsbidentification.com\/#\/schema\/logo\/image\/\",\"url\":\"https:\/\/www.hsbidentification.com\/wp-content\/uploads\/2024\/05\/logo-HSB-2000x1000-1.png\",\"contentUrl\":\"https:\/\/www.hsbidentification.com\/wp-content\/uploads\/2024\/05\/logo-HSB-2000x1000-1.png\",\"width\":3926,\"height\":2135,\"caption\":\"HSB Identification\"},\"image\":{\"@id\":\"https:\/\/www.hsbidentification.com\/#\/schema\/logo\/image\/\"},\"sameAs\":[\"https:\/\/www.linkedin.com\/company\/hsb-identification\"]}]}<\/script>\n<!-- \/ Yoast SEO plugin. -->","yoast_head_json":{"title":"V\u00e9rification et identification - HSB Identification","description":"\u00c0 l'aide d'une v\u00e9rification ou d'une identification, l'identifiant unique d'une personne sera v\u00e9rifi\u00e9 \u00e0 l'aide de la technologie biom\u00e9trique.","robots":{"index":"index","follow":"follow","max-snippet":"max-snippet:-1","max-image-preview":"max-image-preview:large","max-video-preview":"max-video-preview:-1"},"canonical":"https:\/\/www.hsbidentification.com\/fr\/our-products\/logiciel-bioregistrator\/verification-et-identification\/","og_locale":"fr_FR","og_type":"article","og_title":"V\u00e9rification et identification - HSB Identification","og_description":"\u00c0 l'aide d'une v\u00e9rification ou d'une identification, l'identifiant unique d'une personne sera v\u00e9rifi\u00e9 \u00e0 l'aide de la technologie biom\u00e9trique.","og_url":"https:\/\/www.hsbidentification.com\/fr\/our-products\/logiciel-bioregistrator\/verification-et-identification\/","og_site_name":"HSB Identification","article_modified_time":"2020-12-24T15:20:36+00:00","og_image":[{"url":"https:\/\/www.hsbidentification.com\/wp-content\/uploads\/2015\/06\/tablet-id.jpg","type":"","width":"","height":""}],"twitter_misc":{"Dur\u00e9e de lecture estim\u00e9e":"2 minutes"},"schema":{"@context":"https:\/\/schema.org","@graph":[{"@type":"WebPage","@id":"https:\/\/www.hsbidentification.com\/fr\/our-products\/logiciel-bioregistrator\/verification-et-identification\/","url":"https:\/\/www.hsbidentification.com\/fr\/our-products\/logiciel-bioregistrator\/verification-et-identification\/","name":"V\u00e9rification et identification - HSB Identification","isPartOf":{"@id":"https:\/\/www.hsbidentification.com\/#website"},"primaryImageOfPage":{"@id":"https:\/\/www.hsbidentification.com\/fr\/our-products\/logiciel-bioregistrator\/verification-et-identification\/#primaryimage"},"image":{"@id":"https:\/\/www.hsbidentification.com\/fr\/our-products\/logiciel-bioregistrator\/verification-et-identification\/#primaryimage"},"thumbnailUrl":"https:\/\/www.hsbidentification.com\/wp-content\/uploads\/2015\/06\/tablet-id.jpg","datePublished":"2014-12-02T12:32:50+00:00","dateModified":"2020-12-24T15:20:36+00:00","description":"\u00c0 l'aide d'une v\u00e9rification ou d'une identification, l'identifiant unique d'une personne sera v\u00e9rifi\u00e9 \u00e0 l'aide de la technologie biom\u00e9trique.","breadcrumb":{"@id":"https:\/\/www.hsbidentification.com\/fr\/our-products\/logiciel-bioregistrator\/verification-et-identification\/#breadcrumb"},"inLanguage":"fr-FR","potentialAction":[{"@type":"ReadAction","target":["https:\/\/www.hsbidentification.com\/fr\/our-products\/logiciel-bioregistrator\/verification-et-identification\/"]}]},{"@type":"ImageObject","inLanguage":"fr-FR","@id":"https:\/\/www.hsbidentification.com\/fr\/our-products\/logiciel-bioregistrator\/verification-et-identification\/#primaryimage","url":"https:\/\/www.hsbidentification.com\/wp-content\/uploads\/2015\/06\/tablet-id.jpg","contentUrl":"https:\/\/www.hsbidentification.com\/wp-content\/uploads\/2015\/06\/tablet-id.jpg"},{"@type":"BreadcrumbList","@id":"https:\/\/www.hsbidentification.com\/fr\/our-products\/logiciel-bioregistrator\/verification-et-identification\/#breadcrumb","itemListElement":[{"@type":"ListItem","position":1,"name":"Home","item":"https:\/\/www.hsbidentification.com\/fr\/"},{"@type":"ListItem","position":2,"name":"Nos produits","item":"https:\/\/www.hsbidentification.com\/fr\/our-products\/"},{"@type":"ListItem","position":3,"name":"Logiciel Bioregistrator","item":"https:\/\/www.hsbidentification.com\/fr\/our-products\/logiciel-bioregistrator\/"},{"@type":"ListItem","position":4,"name":"V\u00e9rification et identification"}]},{"@type":"WebSite","@id":"https:\/\/www.hsbidentification.com\/#website","url":"https:\/\/www.hsbidentification.com\/","name":"HSB Identification","description":"Digital Identity Solutions","publisher":{"@id":"https:\/\/www.hsbidentification.com\/#organization"},"potentialAction":[{"@type":"SearchAction","target":{"@type":"EntryPoint","urlTemplate":"https:\/\/www.hsbidentification.com\/?s={search_term_string}"},"query-input":{"@type":"PropertyValueSpecification","valueRequired":true,"valueName":"search_term_string"}}],"inLanguage":"fr-FR"},{"@type":"Organization","@id":"https:\/\/www.hsbidentification.com\/#organization","name":"HSB Identification","url":"https:\/\/www.hsbidentification.com\/","logo":{"@type":"ImageObject","inLanguage":"fr-FR","@id":"https:\/\/www.hsbidentification.com\/#\/schema\/logo\/image\/","url":"https:\/\/www.hsbidentification.com\/wp-content\/uploads\/2024\/05\/logo-HSB-2000x1000-1.png","contentUrl":"https:\/\/www.hsbidentification.com\/wp-content\/uploads\/2024\/05\/logo-HSB-2000x1000-1.png","width":3926,"height":2135,"caption":"HSB Identification"},"image":{"@id":"https:\/\/www.hsbidentification.com\/#\/schema\/logo\/image\/"},"sameAs":["https:\/\/www.linkedin.com\/company\/hsb-identification"]}]}},"_links":{"self":[{"href":"https:\/\/www.hsbidentification.com\/fr\/wp-json\/wp\/v2\/pages\/2256","targetHints":{"allow":["GET"]}}],"collection":[{"href":"https:\/\/www.hsbidentification.com\/fr\/wp-json\/wp\/v2\/pages"}],"about":[{"href":"https:\/\/www.hsbidentification.com\/fr\/wp-json\/wp\/v2\/types\/page"}],"author":[{"embeddable":true,"href":"https:\/\/www.hsbidentification.com\/fr\/wp-json\/wp\/v2\/users\/4"}],"replies":[{"embeddable":true,"href":"https:\/\/www.hsbidentification.com\/fr\/wp-json\/wp\/v2\/comments?post=2256"}],"version-history":[{"count":8,"href":"https:\/\/www.hsbidentification.com\/fr\/wp-json\/wp\/v2\/pages\/2256\/revisions"}],"predecessor-version":[{"id":2899,"href":"https:\/\/www.hsbidentification.com\/fr\/wp-json\/wp\/v2\/pages\/2256\/revisions\/2899"}],"up":[{"embeddable":true,"href":"https:\/\/www.hsbidentification.com\/fr\/wp-json\/wp\/v2\/pages\/2277"}],"wp:attachment":[{"href":"https:\/\/www.hsbidentification.com\/fr\/wp-json\/wp\/v2\/media?parent=2256"}],"curies":[{"name":"wp","href":"https:\/\/api.w.org\/{rel}","templated":true}]}}