{"id":2239,"date":"2014-12-09T13:17:02","date_gmt":"2014-12-09T13:17:02","guid":{"rendered":"https:\/\/www.hsbidentification.com\/national-health-id\/"},"modified":"2020-12-24T16:08:03","modified_gmt":"2020-12-24T16:08:03","slug":"id-national-de-sante","status":"publish","type":"page","link":"https:\/\/www.hsbidentification.com\/fr\/nos-solutions\/soins-de-sante\/id-national-de-sante\/","title":{"rendered":"Identifiant National de Sant\u00e9"},"content":{"rendered":"<hr \/>\n<p><strong>L\u2019Agence nationale d\u2019assurance maladie du Ghana compte plus de 8 millions de membres. La carte d&rsquo;identit\u00e9 actuelle est remplac\u00e9e par une carte \u00e0 puce d&rsquo;identification biom\u00e9trique. L&rsquo;objectif de ce projet est d&rsquo;am\u00e9liorer la transparence du processus de r\u00e9clamation et de r\u00e9duire les co\u00fbts. Cela peut \u00eatre assur\u00e9 lorsque seuls les clients \u00e9ligibles recevront leur traitement et que la fraude d&rsquo;identit\u00e9 sera r\u00e9duite.<\/strong><\/p>\n<p><img loading=\"lazy\" decoding=\"async\" class=\"alignleft size-full wp-image-1093\" src=\"https:\/\/www.hsbidentification.com\/wp-content\/uploads\/2014\/12\/Ghana-NHIA.jpg\" alt=\"NHIA GHANA\" width=\"225\" height=\"300\" \/>La solution de carte \u00e0 puce biom\u00e9trique NHIA GHANA a \u00e9t\u00e9 d\u00e9ploy\u00e9e pour am\u00e9liorer les contr\u00f4les d&rsquo;identit\u00e9 et la transparence du processus de r\u00e9clamation. Chaque membre de la NHIA est enregistr\u00e9 avec des empreintes digitales ainsi que des informations biographiques dans un syst\u00e8me Web en ligne. La carte sant\u00e9 ne sera d\u00e9livr\u00e9e qu\u2019apr\u00e8s une v\u00e9rification de l\u2019identit\u00e9 en ligne, bas\u00e9e sur les empreintes digitales, dans une base de donn\u00e9es centrale nationale (AFIS). Si aucun doublon n&rsquo;est trouv\u00e9, une carte \u00e0 puce sans contact est imprim\u00e9e et transmise au membre.<\/p>\n<p>Environ 500 stations d&rsquo;enregistrement mobiles et 450 stations d&rsquo;enregistrement bas\u00e9es sur des bureaux sont op\u00e9rationnelles. Chaque poste comprend un poste de travail, une imprimante \u00e0 carte \u00e0 puce, un lecteur de carte, un scanner d&#8217;empreintes digitales, une webcam et un logiciel permettant de capturer les informations biom\u00e9triques et biographiques et d&rsquo;imprimer la carte.<\/p>\n<p>Le deuxi\u00e8me processus est la v\u00e9rification chez le fournisseur de soins de sant\u00e9. Des milliers de tablettes (Android) avec unit\u00e9s d&#8217;empreintes digitales sont d\u00e9ploy\u00e9es pour permettre des v\u00e9rifications un \u00e0 un de l&rsquo;identit\u00e9 des membres. Le prestataire de sant\u00e9 peut v\u00e9rifier le membre avec des empreintes digitales. Les empreintes digitales r\u00e9elles sont compar\u00e9es \u00e0 l&#8217;empreinte digitale s\u00e9curis\u00e9e stock\u00e9e dans la carte \u00e0 puce. Si la v\u00e9rification r\u00e9ussit, un code de contr\u00f4le de r\u00e9clamation (CCR) est g\u00e9n\u00e9r\u00e9. Ce n\u2019est qu\u2019avec cette CCR correcte que le m\u00e9decin peut rembourser sa r\u00e9clamation au centre de traitement des r\u00e9clamations.<\/p>\n<div class=\"uk-grid\">\n<div class=\"uk-width-medium-1-3\"><img loading=\"lazy\" decoding=\"async\" class=\"alignleft size-full wp-image-1099\" src=\"https:\/\/www.hsbidentification.com\/wp-content\/uploads\/2014\/12\/Ghana-NHIA-3.jpg\" alt=\"Ghana-NHIA\" width=\"500\" height=\"375\" \/><\/div>\n<div class=\"uk-width-medium-1-3\"><img loading=\"lazy\" decoding=\"async\" class=\"alignleft size-full wp-image-1101\" src=\"https:\/\/www.hsbidentification.com\/wp-content\/uploads\/2014\/12\/Ghana-NHIA-2.jpg\" alt=\"Ghana-NHIA\" width=\"500\" height=\"375\" \/><\/div>\n<div class=\"uk-width-medium-1-3\"><\/div>\n<\/div>\n<h4><\/h4>\n<h4><\/h4>\n<h4><\/h4>\n<h4><\/h4>\n<h4><\/h4>\n<h4><\/h4>\n<h4><\/h4>\n<h4><\/h4>\n<h4>Pourrait vous int\u00e9resser:<\/h4>\n<div class=\"uk-grid\">\n<div class=\"uk-width-medium-1-3\">\n<div class=\"uk-alert\">\n<h3 align=\"center\"><a href=\"https:\/\/www.hsbidentification.com\/fr\/our-products\/tablet-id\/\">Tablet-ID<sup>\u2122<\/sup><\/a><\/h3>\n<div align=\"center\"><a href=\"https:\/\/www.hsbidentification.com\/fr\/our-products\/tablet-id\/\"><img loading=\"lazy\" decoding=\"async\" class=\"alignnone size-full wp-image-1642\" src=\"https:\/\/www.hsbidentification.com\/wp-content\/uploads\/2015\/06\/tablet-id.jpg\" alt=\"TABLET ID\" width=\"150\" height=\"150\" srcset=\"https:\/\/www.hsbidentification.com\/wp-content\/uploads\/2015\/06\/tablet-id.jpg 250w, https:\/\/www.hsbidentification.com\/wp-content\/uploads\/2015\/06\/tablet-id-150x150.jpg 150w\" sizes=\"auto, (max-width: 150px) 100vw, 150px\" \/><\/a><a href=\"https:\/\/www.hsbidentification.com\/fr\/our-products\/tablet-id\/\">Enregistrement biom\u00e9trique mobile \u00e0 l&rsquo;aide de la tablette ID.<\/a> <a href=\"https:\/\/www.hsbidentification.com\/fr\/our-products\/tablet-id\/\"><strong>Lire la suite&#8230;<\/strong><\/a><\/div>\n<p class=\"seotext\">Tablet-ID \u2122 est un appareil bas\u00e9 sur Android qui inclut la fonctionnalit\u00e9 d&rsquo;un lecteur d&#8217;empreintes digitales et d&rsquo;un lecteur de carte \u00e0 puce de haute qualit\u00e9. Une \u00e9norme capacit\u00e9 de batterie est int\u00e9gr\u00e9e \u00e0 cette solution pour assurer une autonomie allant jusqu&rsquo;\u00e0 13 heures. TABLET ID L&rsquo;application logicielle sur\u00a0 Tablet-ID \u2122 peut \u00eatre personnalis\u00e9e selon les besoins du client.<\/p>\n<\/div>\n<\/div>\n<div class=\"uk-width-medium-1-3\">\n<div class=\"uk-alert\">\n<p>&nbsp;<\/p>\n<h3 align=\"center\"><a href=\"https:\/\/www.hsbidentification.com\/fr\/our-products\/logiciel-bioregistrator\/\">BioRegistrator<\/a><\/h3>\n<div align=\"center\"><a href=\"https:\/\/www.hsbidentification.com\/fr\/our-products\/logiciel-bioregistrator\/\"><img loading=\"lazy\" decoding=\"async\" class=\"alignnone size-full\" src=\"https:\/\/www.hsbidentification.com\/wp-content\/uploads\/2012\/11\/bioregistrator-index.jpg\" alt=\"BioRegistrator\" width=\"150\" height=\"150\" \/><\/a><\/div>\n<p align=\"center\"><a href=\"https:\/\/www.hsbidentification.com\/fr\/our-products\/logiciel-bioregistrator\/\">BioRegistrator\u00ae est la plate-forme \u00e9prouv\u00e9e pour l&rsquo;enregistrement des identifiants.<\/a> <a href=\"https:\/\/www.hsbidentification.com\/fr\/our-products\/logiciel-bioregistrator\/\"><strong>Lire la suite&#8230;<\/strong><\/a><\/p>\n<p class=\"seotext\">BioRegistrator\u00ae est la plateforme \u00e9prouv\u00e9e pour l&rsquo;enregistrement des identit\u00e9s num\u00e9riques. Le produit peut \u00eatre utilis\u00e9 comme outil d&rsquo;inscription (c.-\u00e0-d. Saisie de caract\u00e9ristiques biom\u00e9triques et d&rsquo;informations personnelles), \u00e0 des fins d&rsquo;identification et de v\u00e9rification. BioRegistrator\u00ae rend le d\u00e9ploiement de la technologie biom\u00e9trique accessible \u00e0 tous les types d&rsquo;organisations.<br \/>\nL&rsquo;utilisation de ce produit standard r\u00e9duit les co\u00fbts de d\u00e9veloppement des clients, r\u00e9duit le temps de d\u00e9ploiement des technologies biom\u00e9triques et cr\u00e9e une plateforme ind\u00e9pendante pour les fournisseurs biom\u00e9triques.<\/p>\n<\/div>\n<\/div>\n<div class=\"uk-width-medium-1-3\">\n<div class=\"uk-alert\">\n<h3 align=\"center\"><a href=\"https:\/\/www.hsbidentification.com\/fr\/nos-solutions\/piece-didentite\/enregistrement-des-agents-civils\/\">Fonctions publiques<\/a><\/h3>\n<div align=\"center\"><a href=\"https:\/\/www.hsbidentification.com\/fr\/nos-solutions\/piece-didentite\/enregistrement-des-agents-civils\/\"><img loading=\"lazy\" decoding=\"async\" class=\"alignnone size-full wp-image-1642\" src=\"https:\/\/www.hsbidentification.com\/wp-content\/uploads\/2015\/07\/Civil-Servants-mboi.jpg\" alt=\"Registration of Civil Servants\" width=\"150\" height=\"150\" \/><\/a><\/div>\n<p align=\"center\"><a href=\"https:\/\/www.hsbidentification.com\/fr\/nos-solutions\/piece-didentite\/enregistrement-des-agents-civils\/\">\u00c9viter les fonctionnaires fant\u00f4mes et les doubles fonctions gr\u00e2ce \u00e0 la biom\u00e9trie.<\/a> <a href=\"https:\/\/www.hsbidentification.com\/fr\/nos-solutions\/piece-didentite\/enregistrement-des-agents-civils\/\"><strong>Lire la suite&#8230;<\/strong><\/a><\/p>\n<p class=\"seotext\">HSB identification a fourni des solutions biom\u00e9triques pour enregistrer et dupliquer tous les fonctionnaires de plusieurs pays africains. L&rsquo;objectif de ces projets est de pr\u00e9venir toute fraude d&rsquo;identit\u00e9. Avant l&rsquo;introduction du syst\u00e8me, on savait que plusieurs fausses identit\u00e9s recevaient des salaires mensuels.<\/p>\n<p class=\"seotext\">Avec l&rsquo;aide de cette solution, les doubles enregistrements sont filtr\u00e9s et seuls les fonctionnaires \u00e9ligibles recevront leurs salaires.<\/p>\n<\/div>\n<\/div>\n<\/div>\n","protected":false},"excerpt":{"rendered":"<p>L\u2019Agence nationale d\u2019assurance maladie du Ghana compte plus de 8 millions de membres. La carte d&rsquo;identit\u00e9 actuelle est remplac\u00e9e par une carte \u00e0 puce d&rsquo;identification biom\u00e9trique. L&rsquo;objectif de ce projet est d&rsquo;am\u00e9liorer la transparence du processus de r\u00e9clamation et de r\u00e9duire les co\u00fbts. Cela peut \u00eatre assur\u00e9 lorsque seuls les clients \u00e9ligibles recevront leur traitement [&hellip;]<\/p>\n","protected":false},"author":4,"featured_media":0,"parent":2289,"menu_order":0,"comment_status":"closed","ping_status":"closed","template":"","meta":{"_monsterinsights_skip_tracking":false,"_monsterinsights_sitenote_active":false,"_monsterinsights_sitenote_note":"","_monsterinsights_sitenote_category":0,"footnotes":""},"class_list":["post-2239","page","type-page","status-publish","hentry"],"yoast_head":"<!-- This site is optimized with the Yoast SEO plugin v26.7 - https:\/\/yoast.com\/wordpress\/plugins\/seo\/ -->\n<title>Identifiant National de Sant\u00e9 - HSB Identification<\/title>\n<meta name=\"description\" content=\"Carte sant\u00e9 nationale utilisant la reconnaissance des empreintes digitales et destin\u00e9 \u00e0 pr\u00e9venir la fraude li\u00e9es aux soins de sant\u00e9 au Ghana.\" \/>\n<meta name=\"robots\" content=\"index, follow, max-snippet:-1, max-image-preview:large, max-video-preview:-1\" \/>\n<link rel=\"canonical\" href=\"https:\/\/www.hsbidentification.com\/fr\/nos-solutions\/soins-de-sante\/id-national-de-sante\/\" \/>\n<meta property=\"og:locale\" content=\"fr_FR\" \/>\n<meta property=\"og:type\" content=\"article\" \/>\n<meta property=\"og:title\" content=\"Identifiant National de Sant\u00e9 - HSB Identification\" \/>\n<meta property=\"og:description\" content=\"Carte sant\u00e9 nationale utilisant la reconnaissance des empreintes digitales et destin\u00e9 \u00e0 pr\u00e9venir la fraude li\u00e9es aux soins de sant\u00e9 au Ghana.\" \/>\n<meta property=\"og:url\" content=\"https:\/\/www.hsbidentification.com\/fr\/nos-solutions\/soins-de-sante\/id-national-de-sante\/\" \/>\n<meta property=\"og:site_name\" content=\"HSB Identification\" \/>\n<meta property=\"article:modified_time\" content=\"2020-12-24T16:08:03+00:00\" \/>\n<meta property=\"og:image\" content=\"https:\/\/www.hsbidentification.com\/wp-content\/uploads\/2014\/12\/Ghana-NHIA.jpg\" \/>\n<meta name=\"twitter:label1\" content=\"Dur\u00e9e de lecture estim\u00e9e\" \/>\n\t<meta name=\"twitter:data1\" content=\"3 minutes\" \/>\n<script type=\"application\/ld+json\" class=\"yoast-schema-graph\">{\"@context\":\"https:\/\/schema.org\",\"@graph\":[{\"@type\":\"WebPage\",\"@id\":\"https:\/\/www.hsbidentification.com\/fr\/nos-solutions\/soins-de-sante\/id-national-de-sante\/\",\"url\":\"https:\/\/www.hsbidentification.com\/fr\/nos-solutions\/soins-de-sante\/id-national-de-sante\/\",\"name\":\"Identifiant National de Sant\u00e9 - HSB Identification\",\"isPartOf\":{\"@id\":\"https:\/\/www.hsbidentification.com\/#website\"},\"primaryImageOfPage\":{\"@id\":\"https:\/\/www.hsbidentification.com\/fr\/nos-solutions\/soins-de-sante\/id-national-de-sante\/#primaryimage\"},\"image\":{\"@id\":\"https:\/\/www.hsbidentification.com\/fr\/nos-solutions\/soins-de-sante\/id-national-de-sante\/#primaryimage\"},\"thumbnailUrl\":\"https:\/\/www.hsbidentification.com\/wp-content\/uploads\/2014\/12\/Ghana-NHIA.jpg\",\"datePublished\":\"2014-12-09T13:17:02+00:00\",\"dateModified\":\"2020-12-24T16:08:03+00:00\",\"description\":\"Carte sant\u00e9 nationale utilisant la reconnaissance des empreintes digitales et destin\u00e9 \u00e0 pr\u00e9venir la fraude li\u00e9es aux soins de sant\u00e9 au Ghana.\",\"breadcrumb\":{\"@id\":\"https:\/\/www.hsbidentification.com\/fr\/nos-solutions\/soins-de-sante\/id-national-de-sante\/#breadcrumb\"},\"inLanguage\":\"fr-FR\",\"potentialAction\":[{\"@type\":\"ReadAction\",\"target\":[\"https:\/\/www.hsbidentification.com\/fr\/nos-solutions\/soins-de-sante\/id-national-de-sante\/\"]}]},{\"@type\":\"ImageObject\",\"inLanguage\":\"fr-FR\",\"@id\":\"https:\/\/www.hsbidentification.com\/fr\/nos-solutions\/soins-de-sante\/id-national-de-sante\/#primaryimage\",\"url\":\"https:\/\/www.hsbidentification.com\/wp-content\/uploads\/2014\/12\/Ghana-NHIA.jpg\",\"contentUrl\":\"https:\/\/www.hsbidentification.com\/wp-content\/uploads\/2014\/12\/Ghana-NHIA.jpg\"},{\"@type\":\"BreadcrumbList\",\"@id\":\"https:\/\/www.hsbidentification.com\/fr\/nos-solutions\/soins-de-sante\/id-national-de-sante\/#breadcrumb\",\"itemListElement\":[{\"@type\":\"ListItem\",\"position\":1,\"name\":\"Home\",\"item\":\"https:\/\/www.hsbidentification.com\/fr\/\"},{\"@type\":\"ListItem\",\"position\":2,\"name\":\"NOS SOLUTIONS\",\"item\":\"https:\/\/www.hsbidentification.com\/fr\/nos-solutions\/\"},{\"@type\":\"ListItem\",\"position\":3,\"name\":\"Soins de Sant\u00e9\",\"item\":\"https:\/\/www.hsbidentification.com\/fr\/nos-solutions\/soins-de-sante\/\"},{\"@type\":\"ListItem\",\"position\":4,\"name\":\"Identifiant National de Sant\u00e9\"}]},{\"@type\":\"WebSite\",\"@id\":\"https:\/\/www.hsbidentification.com\/#website\",\"url\":\"https:\/\/www.hsbidentification.com\/\",\"name\":\"HSB Identification\",\"description\":\"Digital Identity Solutions\",\"publisher\":{\"@id\":\"https:\/\/www.hsbidentification.com\/#organization\"},\"potentialAction\":[{\"@type\":\"SearchAction\",\"target\":{\"@type\":\"EntryPoint\",\"urlTemplate\":\"https:\/\/www.hsbidentification.com\/?s={search_term_string}\"},\"query-input\":{\"@type\":\"PropertyValueSpecification\",\"valueRequired\":true,\"valueName\":\"search_term_string\"}}],\"inLanguage\":\"fr-FR\"},{\"@type\":\"Organization\",\"@id\":\"https:\/\/www.hsbidentification.com\/#organization\",\"name\":\"HSB Identification\",\"url\":\"https:\/\/www.hsbidentification.com\/\",\"logo\":{\"@type\":\"ImageObject\",\"inLanguage\":\"fr-FR\",\"@id\":\"https:\/\/www.hsbidentification.com\/#\/schema\/logo\/image\/\",\"url\":\"https:\/\/www.hsbidentification.com\/wp-content\/uploads\/2024\/05\/logo-HSB-2000x1000-1.png\",\"contentUrl\":\"https:\/\/www.hsbidentification.com\/wp-content\/uploads\/2024\/05\/logo-HSB-2000x1000-1.png\",\"width\":3926,\"height\":2135,\"caption\":\"HSB Identification\"},\"image\":{\"@id\":\"https:\/\/www.hsbidentification.com\/#\/schema\/logo\/image\/\"},\"sameAs\":[\"https:\/\/www.linkedin.com\/company\/hsb-identification\"]}]}<\/script>\n<!-- \/ Yoast SEO plugin. -->","yoast_head_json":{"title":"Identifiant National de Sant\u00e9 - HSB Identification","description":"Carte sant\u00e9 nationale utilisant la reconnaissance des empreintes digitales et destin\u00e9 \u00e0 pr\u00e9venir la fraude li\u00e9es aux soins de sant\u00e9 au Ghana.","robots":{"index":"index","follow":"follow","max-snippet":"max-snippet:-1","max-image-preview":"max-image-preview:large","max-video-preview":"max-video-preview:-1"},"canonical":"https:\/\/www.hsbidentification.com\/fr\/nos-solutions\/soins-de-sante\/id-national-de-sante\/","og_locale":"fr_FR","og_type":"article","og_title":"Identifiant National de Sant\u00e9 - HSB Identification","og_description":"Carte sant\u00e9 nationale utilisant la reconnaissance des empreintes digitales et destin\u00e9 \u00e0 pr\u00e9venir la fraude li\u00e9es aux soins de sant\u00e9 au Ghana.","og_url":"https:\/\/www.hsbidentification.com\/fr\/nos-solutions\/soins-de-sante\/id-national-de-sante\/","og_site_name":"HSB Identification","article_modified_time":"2020-12-24T16:08:03+00:00","og_image":[{"url":"https:\/\/www.hsbidentification.com\/wp-content\/uploads\/2014\/12\/Ghana-NHIA.jpg","type":"","width":"","height":""}],"twitter_misc":{"Dur\u00e9e de lecture estim\u00e9e":"3 minutes"},"schema":{"@context":"https:\/\/schema.org","@graph":[{"@type":"WebPage","@id":"https:\/\/www.hsbidentification.com\/fr\/nos-solutions\/soins-de-sante\/id-national-de-sante\/","url":"https:\/\/www.hsbidentification.com\/fr\/nos-solutions\/soins-de-sante\/id-national-de-sante\/","name":"Identifiant National de Sant\u00e9 - HSB Identification","isPartOf":{"@id":"https:\/\/www.hsbidentification.com\/#website"},"primaryImageOfPage":{"@id":"https:\/\/www.hsbidentification.com\/fr\/nos-solutions\/soins-de-sante\/id-national-de-sante\/#primaryimage"},"image":{"@id":"https:\/\/www.hsbidentification.com\/fr\/nos-solutions\/soins-de-sante\/id-national-de-sante\/#primaryimage"},"thumbnailUrl":"https:\/\/www.hsbidentification.com\/wp-content\/uploads\/2014\/12\/Ghana-NHIA.jpg","datePublished":"2014-12-09T13:17:02+00:00","dateModified":"2020-12-24T16:08:03+00:00","description":"Carte sant\u00e9 nationale utilisant la reconnaissance des empreintes digitales et destin\u00e9 \u00e0 pr\u00e9venir la fraude li\u00e9es aux soins de sant\u00e9 au Ghana.","breadcrumb":{"@id":"https:\/\/www.hsbidentification.com\/fr\/nos-solutions\/soins-de-sante\/id-national-de-sante\/#breadcrumb"},"inLanguage":"fr-FR","potentialAction":[{"@type":"ReadAction","target":["https:\/\/www.hsbidentification.com\/fr\/nos-solutions\/soins-de-sante\/id-national-de-sante\/"]}]},{"@type":"ImageObject","inLanguage":"fr-FR","@id":"https:\/\/www.hsbidentification.com\/fr\/nos-solutions\/soins-de-sante\/id-national-de-sante\/#primaryimage","url":"https:\/\/www.hsbidentification.com\/wp-content\/uploads\/2014\/12\/Ghana-NHIA.jpg","contentUrl":"https:\/\/www.hsbidentification.com\/wp-content\/uploads\/2014\/12\/Ghana-NHIA.jpg"},{"@type":"BreadcrumbList","@id":"https:\/\/www.hsbidentification.com\/fr\/nos-solutions\/soins-de-sante\/id-national-de-sante\/#breadcrumb","itemListElement":[{"@type":"ListItem","position":1,"name":"Home","item":"https:\/\/www.hsbidentification.com\/fr\/"},{"@type":"ListItem","position":2,"name":"NOS SOLUTIONS","item":"https:\/\/www.hsbidentification.com\/fr\/nos-solutions\/"},{"@type":"ListItem","position":3,"name":"Soins de Sant\u00e9","item":"https:\/\/www.hsbidentification.com\/fr\/nos-solutions\/soins-de-sante\/"},{"@type":"ListItem","position":4,"name":"Identifiant National de Sant\u00e9"}]},{"@type":"WebSite","@id":"https:\/\/www.hsbidentification.com\/#website","url":"https:\/\/www.hsbidentification.com\/","name":"HSB Identification","description":"Digital Identity Solutions","publisher":{"@id":"https:\/\/www.hsbidentification.com\/#organization"},"potentialAction":[{"@type":"SearchAction","target":{"@type":"EntryPoint","urlTemplate":"https:\/\/www.hsbidentification.com\/?s={search_term_string}"},"query-input":{"@type":"PropertyValueSpecification","valueRequired":true,"valueName":"search_term_string"}}],"inLanguage":"fr-FR"},{"@type":"Organization","@id":"https:\/\/www.hsbidentification.com\/#organization","name":"HSB Identification","url":"https:\/\/www.hsbidentification.com\/","logo":{"@type":"ImageObject","inLanguage":"fr-FR","@id":"https:\/\/www.hsbidentification.com\/#\/schema\/logo\/image\/","url":"https:\/\/www.hsbidentification.com\/wp-content\/uploads\/2024\/05\/logo-HSB-2000x1000-1.png","contentUrl":"https:\/\/www.hsbidentification.com\/wp-content\/uploads\/2024\/05\/logo-HSB-2000x1000-1.png","width":3926,"height":2135,"caption":"HSB Identification"},"image":{"@id":"https:\/\/www.hsbidentification.com\/#\/schema\/logo\/image\/"},"sameAs":["https:\/\/www.linkedin.com\/company\/hsb-identification"]}]}},"_links":{"self":[{"href":"https:\/\/www.hsbidentification.com\/fr\/wp-json\/wp\/v2\/pages\/2239","targetHints":{"allow":["GET"]}}],"collection":[{"href":"https:\/\/www.hsbidentification.com\/fr\/wp-json\/wp\/v2\/pages"}],"about":[{"href":"https:\/\/www.hsbidentification.com\/fr\/wp-json\/wp\/v2\/types\/page"}],"author":[{"embeddable":true,"href":"https:\/\/www.hsbidentification.com\/fr\/wp-json\/wp\/v2\/users\/4"}],"replies":[{"embeddable":true,"href":"https:\/\/www.hsbidentification.com\/fr\/wp-json\/wp\/v2\/comments?post=2239"}],"version-history":[{"count":11,"href":"https:\/\/www.hsbidentification.com\/fr\/wp-json\/wp\/v2\/pages\/2239\/revisions"}],"predecessor-version":[{"id":2918,"href":"https:\/\/www.hsbidentification.com\/fr\/wp-json\/wp\/v2\/pages\/2239\/revisions\/2918"}],"up":[{"embeddable":true,"href":"https:\/\/www.hsbidentification.com\/fr\/wp-json\/wp\/v2\/pages\/2289"}],"wp:attachment":[{"href":"https:\/\/www.hsbidentification.com\/fr\/wp-json\/wp\/v2\/media?parent=2239"}],"curies":[{"name":"wp","href":"https:\/\/api.w.org\/{rel}","templated":true}]}}