{"id":2233,"date":"2014-12-09T13:22:49","date_gmt":"2014-12-09T13:22:49","guid":{"rendered":"https:\/\/www.hsbidentification.com\/nuclear-security-summit-2014\/"},"modified":"2020-11-06T13:38:04","modified_gmt":"2020-11-06T13:38:04","slug":"sommet-sur-la-securite-nucleaire-2014","status":"publish","type":"page","link":"https:\/\/www.hsbidentification.com\/fr\/sommet-sur-la-securite-nucleaire-2014\/","title":{"rendered":"Sommet sur la s\u00e9curit\u00e9 nucl\u00e9aire 2014"},"content":{"rendered":"<hr \/>\n<p>Plus de 50 dirigeants mondiaux, 5 000 d\u00e9l\u00e9gu\u00e9s et 3 000 journalistes ont utilis\u00e9 leur visage pour acc\u00e9der au Sommet sur la s\u00e9curit\u00e9 nucl\u00e9aire (NSS) 2014 \u00e0 La Haye, aux Pays-Bas. Parmi eux, les royals et les pr\u00e9sidents des \u00c9tats-Unis, de la Chine, du Pakistan, des \u00c9mirats arabes unis, d&rsquo;Indon\u00e9sie, du Nig\u00e9ria, du Br\u00e9sil, de l&rsquo;Union europ\u00e9enne et du secr\u00e9taire g\u00e9n\u00e9ral des Nations unies. Les d\u00e9l\u00e9gu\u00e9s se sont r\u00e9unis pour cr\u00e9er des accords internationaux sur la pr\u00e9vention du terrorisme nucl\u00e9aire.<\/p>\n<p>HSB identification a fourni l&rsquo;enregistrement en ligne et les portes de contr\u00f4le d&rsquo;acc\u00e8s rapides en utilisant la reconnaissance faciale lors de cet \u00e9v\u00e9nement mondial le plus s\u00e9curis\u00e9 jamais organis\u00e9. Unique fonctionnalit\u00e9 est que les visiteurs ne doivent pas s&rsquo;arr\u00eater pour capturer une photo, mais cela se fait \u00ab\u00a0\u00e0 la vol\u00e9e\u00a0\u00bb.<\/p>\n<h4>INSCRIPTION SECURISEE EN LIGNE<\/h4>\n<p><img loading=\"lazy\" decoding=\"async\" class=\"alignleft size-full wp-image-981\" src=\"https:\/\/www.hsbidentification.com\/wp-content\/uploads\/2014\/12\/NSS-3.jpg\" alt=\"Nuclear Security Summit (NSS)\" width=\"370\" height=\"252\" srcset=\"https:\/\/www.hsbidentification.com\/wp-content\/uploads\/2014\/12\/NSS-3.jpg 800w, https:\/\/www.hsbidentification.com\/wp-content\/uploads\/2014\/12\/NSS-3-300x204.jpg 300w\" sizes=\"auto, (max-width: 370px) 100vw, 370px\" \/>Sommet sur la s\u00e9curit\u00e9 nucl\u00e9aire (NSS) Les participants pouvaient s&rsquo;inscrire sur un portail Web public en ligne pour le NSS 2014. Les agents d&rsquo;inscription des d\u00e9l\u00e9gations et des organisations du monde entier ont enregistr\u00e9 20 000 d\u00e9l\u00e9gu\u00e9s, agents de s\u00e9curit\u00e9, journalistes et employ\u00e9s. Au cours du sommet, 2 000 inscriptions de derni\u00e8re minute ont \u00e9t\u00e9 effectu\u00e9es.<br \/>\nAu moment de l\u2019inscription, chaque personne t\u00e9l\u00e9charge des informations biographiques personnelles, un passeport et une photo du visage. Les informations biographiques compl\u00e9t\u00e9es sont compar\u00e9es \u00e0 l&rsquo;OCR (reconnaissance optique de caract\u00e8res) du passeport. La photo du visage est contr\u00f4l\u00e9e pour une qualit\u00e9 minimale et une pose correcte.<\/p>\n<p>Chaque enregistrement est envoy\u00e9 aux autorit\u00e9s de contr\u00f4le pour v\u00e9rification. Ce n\u2019est qu\u2019avec l\u2019approbation des autorit\u00e9s que le d\u00e9clarant est autoris\u00e9 \u00e0 participer au sommet.<\/p>\n<p>La s\u00e9curit\u00e9 du site Web a \u00e9t\u00e9 un sujet critique. Le site Web a \u00e9t\u00e9 soumis \u00e0 plusieurs audits de s\u00e9curit\u00e9 pour assurer le plus haut degr\u00e9 de s\u00e9curit\u00e9 des donn\u00e9es.<\/p>\n<h4>BADGE D&rsquo;ACC\u00c8S PERSONNEL<\/h4>\n<p>Plusieurs types de badges personnels ont \u00e9t\u00e9 imprim\u00e9s avec des informations bas\u00e9es sur l&rsquo;inscription en ligne. Chaque badge comporte plusieurs fonctions de s\u00e9curit\u00e9, telles qu&rsquo;un hologramme, une superposition et des marques UV. Le badge contient une puce UHF.<\/p>\n<h4>RECONNAISSANCE FACIALE<\/h4>\n<p><img loading=\"lazy\" decoding=\"async\" class=\"alignleft size-full wp-image-988\" src=\"https:\/\/www.hsbidentification.com\/wp-content\/uploads\/2014\/12\/NSS-4.jpg\" alt=\"Nuclear Security Summit (NSS)\" width=\"370\" height=\"252\" \/><\/p>\n<p>HSB identification a fourni des portes pour un contr\u00f4le d&rsquo;acc\u00e8s rapide unique avec reconnaissance du visage dans la zone de conf\u00e9rence. Les portes d&rsquo;acc\u00e8s ont \u00e9t\u00e9 \u00e9quip\u00e9es d&rsquo;une antenne UHF, d&rsquo;une cam\u00e9ra, d&rsquo;un \u00e9clairage et d&rsquo;une alimentation processeur.<\/p>\n<p>Le visiteur enregistr\u00e9 marche avec son badge jusqu&rsquo;\u00e0 la porte. Dans quelques secondes, son badge sera lu, sa photo de r\u00e9f\u00e9rence comprenant des informations biographiques sera montr\u00e9e \u00e0 l&rsquo;agent de s\u00e9curit\u00e9. L&rsquo;image du visage du visiteur est automatiquement compar\u00e9e \u00e0 cette photo de r\u00e9f\u00e9rence. Si le r\u00e9sultat du match est positif, le visiteur du SNRS peut acc\u00e9der \u00e0 la zone du sommet.<\/p>\n<p>Plus de 40 000 visiteurs ont franchi les portes en 3 jours et ont obtenu une reconnaissance du visage \u00e0 la vol\u00e9e, avec une vitesse pouvant atteindre douze (12) visiteurs par minute et par porte.<\/p>\n<h4>Pourrait vous int\u00e9resser:<\/h4>\n<div class=\"uk-grid\">\n<div class=\"uk-width-medium-1-3\">\n<div class=\"uk-alert\">\n<h3 align=\"center\">HSB ABIS<\/h3>\n<div align=\"center\"><img loading=\"lazy\" decoding=\"async\" class=\"alignnone size-full wp-image-1642\" src=\"https:\/\/www.hsbidentification.com\/wp-content\/uploads\/2015\/07\/HSB-ABIS-mboi.jpg\" alt=\"HSB ABIS\" width=\"150\" height=\"150\" \/><\/div>\n<p align=\"center\">Syst\u00e8me d&rsquo;identification biom\u00e9trique automatis\u00e9 de nouvelle g\u00e9n\u00e9ration. <strong>Lire la suite&#8230;<\/strong><\/p>\n<p class=\"seotext\">HSB ABIS est un syst\u00e8me d&rsquo;identification biom\u00e9trique automatis\u00e9 multimodal de nouvelle g\u00e9n\u00e9ration. Il sert de plate-forme de stockage et de mise en correspondance, pour collecter et rechercher toutes sortes de donn\u00e9es biom\u00e9triques et personnelles. Il fait partie de la suite de produits BioRegistrator\u00ae.<\/p>\n<p class=\"seotext\">HSB ABIS est un syst\u00e8me ouvert et flexible avec plusieurs innovations. Il est utilis\u00e9 pour la v\u00e9rification, l&rsquo;identification, la d\u00e9duplication et les applications m\u00e9dico-l\u00e9gales. L&rsquo;interface utilisateur Web moderne facilite le d\u00e9ploiement.<\/p>\n<\/div>\n<\/div>\n<div class=\"uk-width-medium-1-3\">\n<div class=\"uk-alert\">\n<h3 align=\"center\">Contr\u00f4le des fronti\u00e8res<\/h3>\n<div align=\"center\"><img loading=\"lazy\" decoding=\"async\" class=\"alignnone size-full wp-image-1642\" src=\"https:\/\/www.hsbidentification.com\/wp-content\/uploads\/2015\/07\/BCS-EU-VIS-mboi.jpg\" alt=\"Border Control System EU-VIS\" width=\"150\" height=\"150\" \/><\/div>\n<p align=\"center\">Solution Web rapide pour le contr\u00f4le biom\u00e9trique des visas. <strong>Lire la suite&#8230;<\/strong><\/p>\n<p class=\"seotext\">Tous les titulaires d&rsquo;un visa aupr\u00e8s de l&rsquo;Union europ\u00e9enne doivent capturer les empreintes digitales, des photos qualifi\u00e9es (OACI) et des documents dans des postes \u00e9trangers pour d\u00e9livrer un visa d&rsquo;entr\u00e9e dans l&rsquo;UE. Aux fronti\u00e8res europ\u00e9ennes de l&rsquo;espace Schengen, le num\u00e9ro de visa et les informations d&#8217;empreintes digitales sont v\u00e9rifi\u00e9s par rapport \u00e0 une tr\u00e8s grande base de donn\u00e9es d&#8217;empreintes digitales (taille future attendue sup\u00e9rieure \u00e0 70 millions). Les donn\u00e9es de document sont \u00e9galement v\u00e9rifi\u00e9es localement sur les fonctionnalit\u00e9s de s\u00e9curit\u00e9 avec une base de donn\u00e9es de mod\u00e8les et d&rsquo;autres bases de donn\u00e9es pertinentes.<\/p>\n<\/div>\n<\/div>\n<div class=\"uk-width-medium-1-3\">\n<div class=\"uk-alert\">\n<h3 align=\"center\">BioRegistrator<\/h3>\n<div align=\"center\"><img loading=\"lazy\" decoding=\"async\" class=\"alignnone size-full\" src=\"https:\/\/www.hsbidentification.com\/wp-content\/uploads\/2012\/11\/bioregistrator-index.jpg\" alt=\"BioRegistrator\" width=\"150\" height=\"150\" \/><\/div>\n<p align=\"center\">BioRegistrator\u00ae est la plate-forme \u00e9prouv\u00e9e pour l&rsquo;enregistrement des identifiants. <strong>Lire la suite&#8230;<\/strong><\/p>\n<p class=\"seotext\">BioRegistrator\u00ae est la plateforme \u00e9prouv\u00e9e pour l&rsquo;enregistrement des identit\u00e9s num\u00e9riques. Le produit peut \u00eatre utilis\u00e9 comme outil d&rsquo;inscription (c.-\u00e0-d. Saisie de caract\u00e9ristiques biom\u00e9triques et d&rsquo;informations personnelles), \u00e0 des fins d&rsquo;identification et de v\u00e9rification. BioRegistrator\u00ae rend le d\u00e9ploiement de la technologie biom\u00e9trique accessible \u00e0 tous les types d&rsquo;organisations.<br \/>\nL&rsquo;utilisation de ce produit standard r\u00e9duit les co\u00fbts de d\u00e9veloppement des clients, r\u00e9duit le temps de d\u00e9ploiement des technologies biom\u00e9triques et cr\u00e9e une plateforme ind\u00e9pendante pour les fournisseurs biom\u00e9triques.<\/p>\n<\/div>\n<\/div>\n<\/div>\n","protected":false},"excerpt":{"rendered":"<p>Plus de 50 dirigeants mondiaux, 5 000 d\u00e9l\u00e9gu\u00e9s et 3 000 journalistes ont utilis\u00e9 leur visage pour acc\u00e9der au Sommet sur la s\u00e9curit\u00e9 nucl\u00e9aire (NSS) 2014 \u00e0 La Haye, aux Pays-Bas. Parmi eux, les royals et les pr\u00e9sidents des \u00c9tats-Unis, de la Chine, du Pakistan, des \u00c9mirats arabes unis, d&rsquo;Indon\u00e9sie, du Nig\u00e9ria, du Br\u00e9sil, de [&hellip;]<\/p>\n","protected":false},"author":4,"featured_media":0,"parent":0,"menu_order":0,"comment_status":"closed","ping_status":"closed","template":"","meta":{"_monsterinsights_skip_tracking":false,"_monsterinsights_sitenote_active":false,"_monsterinsights_sitenote_note":"","_monsterinsights_sitenote_category":0,"footnotes":""},"class_list":["post-2233","page","type-page","status-publish","hentry"],"yoast_head":"<!-- This site is optimized with the Yoast SEO plugin v26.7 - https:\/\/yoast.com\/wordpress\/plugins\/seo\/ -->\n<title>Sommet sur la s\u00e9curit\u00e9 nucl\u00e9aire 2014 - HSB Identification<\/title>\n<meta name=\"description\" content=\"Contr\u00f4le d&#039;acc\u00e8s pour les dirigeants mondiaux \u00e0 l&#039;aide de la reconnaissance faciale \u00e0 la vol\u00e9e lors du sommet sur la s\u00e9curit\u00e9 nucl\u00e9aire de 2014 \u00e0 La Haye.\" \/>\n<meta name=\"robots\" content=\"index, follow, max-snippet:-1, max-image-preview:large, max-video-preview:-1\" \/>\n<link rel=\"canonical\" href=\"https:\/\/www.hsbidentification.com\/fr\/sommet-sur-la-securite-nucleaire-2014\/\" \/>\n<meta property=\"og:locale\" content=\"fr_FR\" \/>\n<meta property=\"og:type\" content=\"article\" \/>\n<meta property=\"og:title\" content=\"Sommet sur la s\u00e9curit\u00e9 nucl\u00e9aire 2014 - HSB Identification\" \/>\n<meta property=\"og:description\" content=\"Contr\u00f4le d&#039;acc\u00e8s pour les dirigeants mondiaux \u00e0 l&#039;aide de la reconnaissance faciale \u00e0 la vol\u00e9e lors du sommet sur la s\u00e9curit\u00e9 nucl\u00e9aire de 2014 \u00e0 La Haye.\" \/>\n<meta property=\"og:url\" content=\"https:\/\/www.hsbidentification.com\/fr\/sommet-sur-la-securite-nucleaire-2014\/\" \/>\n<meta property=\"og:site_name\" content=\"HSB Identification\" \/>\n<meta property=\"article:modified_time\" content=\"2020-11-06T13:38:04+00:00\" \/>\n<meta property=\"og:image\" content=\"https:\/\/www.hsbidentification.com\/wp-content\/uploads\/2014\/12\/NSS-3.jpg\" \/>\n<meta name=\"twitter:label1\" content=\"Dur\u00e9e de lecture estim\u00e9e\" \/>\n\t<meta name=\"twitter:data1\" content=\"4 minutes\" \/>\n<script type=\"application\/ld+json\" class=\"yoast-schema-graph\">{\"@context\":\"https:\/\/schema.org\",\"@graph\":[{\"@type\":\"WebPage\",\"@id\":\"https:\/\/www.hsbidentification.com\/fr\/sommet-sur-la-securite-nucleaire-2014\/\",\"url\":\"https:\/\/www.hsbidentification.com\/fr\/sommet-sur-la-securite-nucleaire-2014\/\",\"name\":\"Sommet sur la s\u00e9curit\u00e9 nucl\u00e9aire 2014 - HSB Identification\",\"isPartOf\":{\"@id\":\"https:\/\/www.hsbidentification.com\/#website\"},\"primaryImageOfPage\":{\"@id\":\"https:\/\/www.hsbidentification.com\/fr\/sommet-sur-la-securite-nucleaire-2014\/#primaryimage\"},\"image\":{\"@id\":\"https:\/\/www.hsbidentification.com\/fr\/sommet-sur-la-securite-nucleaire-2014\/#primaryimage\"},\"thumbnailUrl\":\"https:\/\/www.hsbidentification.com\/wp-content\/uploads\/2014\/12\/NSS-3.jpg\",\"datePublished\":\"2014-12-09T13:22:49+00:00\",\"dateModified\":\"2020-11-06T13:38:04+00:00\",\"description\":\"Contr\u00f4le d'acc\u00e8s pour les dirigeants mondiaux \u00e0 l'aide de la reconnaissance faciale \u00e0 la vol\u00e9e lors du sommet sur la s\u00e9curit\u00e9 nucl\u00e9aire de 2014 \u00e0 La Haye.\",\"breadcrumb\":{\"@id\":\"https:\/\/www.hsbidentification.com\/fr\/sommet-sur-la-securite-nucleaire-2014\/#breadcrumb\"},\"inLanguage\":\"fr-FR\",\"potentialAction\":[{\"@type\":\"ReadAction\",\"target\":[\"https:\/\/www.hsbidentification.com\/fr\/sommet-sur-la-securite-nucleaire-2014\/\"]}]},{\"@type\":\"ImageObject\",\"inLanguage\":\"fr-FR\",\"@id\":\"https:\/\/www.hsbidentification.com\/fr\/sommet-sur-la-securite-nucleaire-2014\/#primaryimage\",\"url\":\"https:\/\/www.hsbidentification.com\/wp-content\/uploads\/2014\/12\/NSS-3.jpg\",\"contentUrl\":\"https:\/\/www.hsbidentification.com\/wp-content\/uploads\/2014\/12\/NSS-3.jpg\"},{\"@type\":\"BreadcrumbList\",\"@id\":\"https:\/\/www.hsbidentification.com\/fr\/sommet-sur-la-securite-nucleaire-2014\/#breadcrumb\",\"itemListElement\":[{\"@type\":\"ListItem\",\"position\":1,\"name\":\"Home\",\"item\":\"https:\/\/www.hsbidentification.com\/fr\/\"},{\"@type\":\"ListItem\",\"position\":2,\"name\":\"Sommet sur la s\u00e9curit\u00e9 nucl\u00e9aire 2014\"}]},{\"@type\":\"WebSite\",\"@id\":\"https:\/\/www.hsbidentification.com\/#website\",\"url\":\"https:\/\/www.hsbidentification.com\/\",\"name\":\"HSB Identification\",\"description\":\"Digital Identity Solutions\",\"publisher\":{\"@id\":\"https:\/\/www.hsbidentification.com\/#organization\"},\"potentialAction\":[{\"@type\":\"SearchAction\",\"target\":{\"@type\":\"EntryPoint\",\"urlTemplate\":\"https:\/\/www.hsbidentification.com\/?s={search_term_string}\"},\"query-input\":{\"@type\":\"PropertyValueSpecification\",\"valueRequired\":true,\"valueName\":\"search_term_string\"}}],\"inLanguage\":\"fr-FR\"},{\"@type\":\"Organization\",\"@id\":\"https:\/\/www.hsbidentification.com\/#organization\",\"name\":\"HSB Identification\",\"url\":\"https:\/\/www.hsbidentification.com\/\",\"logo\":{\"@type\":\"ImageObject\",\"inLanguage\":\"fr-FR\",\"@id\":\"https:\/\/www.hsbidentification.com\/#\/schema\/logo\/image\/\",\"url\":\"https:\/\/www.hsbidentification.com\/wp-content\/uploads\/2024\/05\/logo-HSB-2000x1000-1.png\",\"contentUrl\":\"https:\/\/www.hsbidentification.com\/wp-content\/uploads\/2024\/05\/logo-HSB-2000x1000-1.png\",\"width\":3926,\"height\":2135,\"caption\":\"HSB Identification\"},\"image\":{\"@id\":\"https:\/\/www.hsbidentification.com\/#\/schema\/logo\/image\/\"},\"sameAs\":[\"https:\/\/www.linkedin.com\/company\/hsb-identification\"]}]}<\/script>\n<!-- \/ Yoast SEO plugin. -->","yoast_head_json":{"title":"Sommet sur la s\u00e9curit\u00e9 nucl\u00e9aire 2014 - HSB Identification","description":"Contr\u00f4le d'acc\u00e8s pour les dirigeants mondiaux \u00e0 l'aide de la reconnaissance faciale \u00e0 la vol\u00e9e lors du sommet sur la s\u00e9curit\u00e9 nucl\u00e9aire de 2014 \u00e0 La Haye.","robots":{"index":"index","follow":"follow","max-snippet":"max-snippet:-1","max-image-preview":"max-image-preview:large","max-video-preview":"max-video-preview:-1"},"canonical":"https:\/\/www.hsbidentification.com\/fr\/sommet-sur-la-securite-nucleaire-2014\/","og_locale":"fr_FR","og_type":"article","og_title":"Sommet sur la s\u00e9curit\u00e9 nucl\u00e9aire 2014 - HSB Identification","og_description":"Contr\u00f4le d'acc\u00e8s pour les dirigeants mondiaux \u00e0 l'aide de la reconnaissance faciale \u00e0 la vol\u00e9e lors du sommet sur la s\u00e9curit\u00e9 nucl\u00e9aire de 2014 \u00e0 La Haye.","og_url":"https:\/\/www.hsbidentification.com\/fr\/sommet-sur-la-securite-nucleaire-2014\/","og_site_name":"HSB Identification","article_modified_time":"2020-11-06T13:38:04+00:00","og_image":[{"url":"https:\/\/www.hsbidentification.com\/wp-content\/uploads\/2014\/12\/NSS-3.jpg","type":"","width":"","height":""}],"twitter_misc":{"Dur\u00e9e de lecture estim\u00e9e":"4 minutes"},"schema":{"@context":"https:\/\/schema.org","@graph":[{"@type":"WebPage","@id":"https:\/\/www.hsbidentification.com\/fr\/sommet-sur-la-securite-nucleaire-2014\/","url":"https:\/\/www.hsbidentification.com\/fr\/sommet-sur-la-securite-nucleaire-2014\/","name":"Sommet sur la s\u00e9curit\u00e9 nucl\u00e9aire 2014 - HSB Identification","isPartOf":{"@id":"https:\/\/www.hsbidentification.com\/#website"},"primaryImageOfPage":{"@id":"https:\/\/www.hsbidentification.com\/fr\/sommet-sur-la-securite-nucleaire-2014\/#primaryimage"},"image":{"@id":"https:\/\/www.hsbidentification.com\/fr\/sommet-sur-la-securite-nucleaire-2014\/#primaryimage"},"thumbnailUrl":"https:\/\/www.hsbidentification.com\/wp-content\/uploads\/2014\/12\/NSS-3.jpg","datePublished":"2014-12-09T13:22:49+00:00","dateModified":"2020-11-06T13:38:04+00:00","description":"Contr\u00f4le d'acc\u00e8s pour les dirigeants mondiaux \u00e0 l'aide de la reconnaissance faciale \u00e0 la vol\u00e9e lors du sommet sur la s\u00e9curit\u00e9 nucl\u00e9aire de 2014 \u00e0 La Haye.","breadcrumb":{"@id":"https:\/\/www.hsbidentification.com\/fr\/sommet-sur-la-securite-nucleaire-2014\/#breadcrumb"},"inLanguage":"fr-FR","potentialAction":[{"@type":"ReadAction","target":["https:\/\/www.hsbidentification.com\/fr\/sommet-sur-la-securite-nucleaire-2014\/"]}]},{"@type":"ImageObject","inLanguage":"fr-FR","@id":"https:\/\/www.hsbidentification.com\/fr\/sommet-sur-la-securite-nucleaire-2014\/#primaryimage","url":"https:\/\/www.hsbidentification.com\/wp-content\/uploads\/2014\/12\/NSS-3.jpg","contentUrl":"https:\/\/www.hsbidentification.com\/wp-content\/uploads\/2014\/12\/NSS-3.jpg"},{"@type":"BreadcrumbList","@id":"https:\/\/www.hsbidentification.com\/fr\/sommet-sur-la-securite-nucleaire-2014\/#breadcrumb","itemListElement":[{"@type":"ListItem","position":1,"name":"Home","item":"https:\/\/www.hsbidentification.com\/fr\/"},{"@type":"ListItem","position":2,"name":"Sommet sur la s\u00e9curit\u00e9 nucl\u00e9aire 2014"}]},{"@type":"WebSite","@id":"https:\/\/www.hsbidentification.com\/#website","url":"https:\/\/www.hsbidentification.com\/","name":"HSB Identification","description":"Digital Identity Solutions","publisher":{"@id":"https:\/\/www.hsbidentification.com\/#organization"},"potentialAction":[{"@type":"SearchAction","target":{"@type":"EntryPoint","urlTemplate":"https:\/\/www.hsbidentification.com\/?s={search_term_string}"},"query-input":{"@type":"PropertyValueSpecification","valueRequired":true,"valueName":"search_term_string"}}],"inLanguage":"fr-FR"},{"@type":"Organization","@id":"https:\/\/www.hsbidentification.com\/#organization","name":"HSB Identification","url":"https:\/\/www.hsbidentification.com\/","logo":{"@type":"ImageObject","inLanguage":"fr-FR","@id":"https:\/\/www.hsbidentification.com\/#\/schema\/logo\/image\/","url":"https:\/\/www.hsbidentification.com\/wp-content\/uploads\/2024\/05\/logo-HSB-2000x1000-1.png","contentUrl":"https:\/\/www.hsbidentification.com\/wp-content\/uploads\/2024\/05\/logo-HSB-2000x1000-1.png","width":3926,"height":2135,"caption":"HSB Identification"},"image":{"@id":"https:\/\/www.hsbidentification.com\/#\/schema\/logo\/image\/"},"sameAs":["https:\/\/www.linkedin.com\/company\/hsb-identification"]}]}},"_links":{"self":[{"href":"https:\/\/www.hsbidentification.com\/fr\/wp-json\/wp\/v2\/pages\/2233","targetHints":{"allow":["GET"]}}],"collection":[{"href":"https:\/\/www.hsbidentification.com\/fr\/wp-json\/wp\/v2\/pages"}],"about":[{"href":"https:\/\/www.hsbidentification.com\/fr\/wp-json\/wp\/v2\/types\/page"}],"author":[{"embeddable":true,"href":"https:\/\/www.hsbidentification.com\/fr\/wp-json\/wp\/v2\/users\/4"}],"replies":[{"embeddable":true,"href":"https:\/\/www.hsbidentification.com\/fr\/wp-json\/wp\/v2\/comments?post=2233"}],"version-history":[{"count":6,"href":"https:\/\/www.hsbidentification.com\/fr\/wp-json\/wp\/v2\/pages\/2233\/revisions"}],"predecessor-version":[{"id":2704,"href":"https:\/\/www.hsbidentification.com\/fr\/wp-json\/wp\/v2\/pages\/2233\/revisions\/2704"}],"wp:attachment":[{"href":"https:\/\/www.hsbidentification.com\/fr\/wp-json\/wp\/v2\/media?parent=2233"}],"curies":[{"name":"wp","href":"https:\/\/api.w.org\/{rel}","templated":true}]}}