{"id":2226,"date":"2012-11-02T18:07:33","date_gmt":"2012-11-02T18:07:33","guid":{"rendered":"https:\/\/www.hsbidentification.com\/our-products\/tablet-id\/"},"modified":"2020-12-24T15:34:03","modified_gmt":"2020-12-24T15:34:03","slug":"tablet-id","status":"publish","type":"page","link":"https:\/\/www.hsbidentification.com\/fr\/our-products\/tablet-id\/","title":{"rendered":"Tablet-ID\u2122"},"content":{"rendered":"<hr \/>\n<p>Tablet-ID \u2122, la puissante combinaison de biom\u00e9trie de haute qualit\u00e9 et de mobilit\u00e9 utilisant une tablette.<\/p>\n<h3>ENREGISTREMENT BIOM\u00c9TRIQUE MOBILE \u00c0 L&rsquo;AIDE DE LA TABLETTE<\/h3>\n<p>Tablet ID \u2122 est un appareil bas\u00e9 sur Android qui int\u00e8gre les fonctionnalit\u00e9s d&rsquo;un scanner d&#8217;empreintes digitales et d&rsquo;un lecteur de carte \u00e0 puce de haute qualit\u00e9. Une \u00e9norme capacit\u00e9 de batterie est int\u00e9gr\u00e9e \u00e0 cette solution pour garantir une autonomie allant jusqu&rsquo;\u00e0 13 heures. L&rsquo;application logicielle de la tablette peut \u00eatre personnalis\u00e9e en fonction des besoins du client.<\/p>\n<p><img loading=\"lazy\" decoding=\"async\" class=\"size-full wp-image-1642 aligncenter\" src=\"https:\/\/www.hsbidentification.com\/wp-content\/uploads\/2015\/06\/tablet-id.jpg\" alt=\"TABLET ID\" width=\"250\" height=\"250\" align=\"right\" srcset=\"https:\/\/www.hsbidentification.com\/wp-content\/uploads\/2015\/06\/tablet-id.jpg 250w, https:\/\/www.hsbidentification.com\/wp-content\/uploads\/2015\/06\/tablet-id-150x150.jpg 150w\" sizes=\"auto, (max-width: 250px) 100vw, 250px\" \/><\/p>\n<p>Tablet ID \u2122 est utilis\u00e9 sur les march\u00e9s suivants: Elections, soins de sant\u00e9, identit\u00e9s nationales et civiles, justice, d\u00e9fense et contr\u00f4le des fronti\u00e8res, des march\u00e9s qui ont besoin de v\u00e9rification et d&rsquo;identification mobiles.<\/p>\n<p>Le principal avantage du Tablet-ID \u2122 est sa conception modulaire. Une interface de contact et de carte \u00e0 puce sans contact peut \u00e9ventuellement \u00eatre ajout\u00e9e \u00e0 la tablette ainsi qu&rsquo;une capacit\u00e9 de batterie suppl\u00e9mentaire pour prolonger la dur\u00e9e de vie op\u00e9rationnelle \u00e0 des niveaux encore plus \u00e9lev\u00e9s.<\/p>\n<p>Appuyez sur l&rsquo;ic\u00f4ne PDF ci-dessous pour t\u00e9l\u00e9charger la brochure.<br \/>\n<a href=\"https:\/\/www.hsbidentification.com\/wp-content\/uploads\/2012\/11\/Tablet-ID-brochure-v201501.pdf\"><img loading=\"lazy\" decoding=\"async\" class=\"size-full wp-image-641\" src=\"https:\/\/www.hsbidentification.com\/wp-content\/uploads\/2014\/11\/pdf-download.jpg\" alt=\"PDF dowload\" width=\"100\" height=\"100\" srcset=\"https:\/\/www.hsbidentification.com\/wp-content\/uploads\/2014\/11\/pdf-download.jpg 225w, https:\/\/www.hsbidentification.com\/wp-content\/uploads\/2014\/11\/pdf-download-150x150.jpg 150w\" sizes=\"auto, (max-width: 100px) 100vw, 100px\" \/><\/a><\/p>\n<h3>POURQUOI LA TABLET ID \u2122 ?<\/h3>\n<div class=\"uk-alert\" style=\"max-width: 600px;\">\n<ul style=\"list-style: none;\">\n<li><img loading=\"lazy\" decoding=\"async\" class=\"alignleft\" src=\"https:\/\/www.hsbidentification.com\/wp-content\/uploads\/2015\/06\/usp.png\" alt=\"HSB tablet ID usp\" width=\"20\" height=\"20\" \/>Scanner d&#8217;empreintes digitales de haute qualit\u00e9 avec une grande zone de capture<\/li>\n<li><img loading=\"lazy\" decoding=\"async\" class=\"alignleft\" src=\"https:\/\/www.hsbidentification.com\/wp-content\/uploads\/2015\/06\/usp.png\" alt=\"HSB tablet ID usp\" width=\"20\" height=\"20\" \/>Autonomie de la batterie jusqu&rsquo;\u00e0 13 heures<\/li>\n<li><img loading=\"lazy\" decoding=\"async\" class=\"alignleft\" src=\"https:\/\/www.hsbidentification.com\/wp-content\/uploads\/2015\/06\/usp.png\" alt=\"HSB tablet ID usp\" width=\"20\" height=\"20\" \/>Solution configurable avec utilisation de modules mat\u00e9riels<\/li>\n<li><img loading=\"lazy\" decoding=\"async\" class=\"alignleft\" src=\"https:\/\/www.hsbidentification.com\/wp-content\/uploads\/2015\/06\/usp.png\" alt=\"HSB tablet ID usp\" width=\"20\" height=\"20\" \/>Design compact et \u00e9l\u00e9gant<\/li>\n<\/ul>\n<\/div>\n<hr \/>\n<h4>Pourrait vous int\u00e9resser:<\/h4>\n<div class=\"uk-grid\">\n<div class=\"uk-width-medium-1-3\">\n<div class=\"uk-alert\">\n<h3 align=\"center\"><a href=\"https:\/\/www.hsbidentification.com\/fr\/nos-solutions\/soins-de-sante\/id-national-de-sante\/\">Carte sant\u00e9 nationale<\/a><\/h3>\n<div align=\"center\"><a href=\"https:\/\/www.hsbidentification.com\/fr\/nos-solutions\/soins-de-sante\/id-national-de-sante\/\"><img loading=\"lazy\" decoding=\"async\" class=\"alignnone size-full wp-image-1642\" src=\"https:\/\/www.hsbidentification.com\/wp-content\/uploads\/2015\/07\/Ghana-Health-ID-mboi.jpg\" alt=\"National Health ID\" width=\"150\" height=\"150\" \/><\/a><\/div>\n<p align=\"center\"><a href=\"https:\/\/www.hsbidentification.com\/fr\/nos-solutions\/soins-de-sante\/id-national-de-sante\/\">Pr\u00e9vention de la fraude \u00e0 l&rsquo;aide d&rsquo;un identifiant national biom\u00e9trique pour la sant\u00e9<\/a>. <a href=\"https:\/\/www.hsbidentification.com\/fr\/nos-solutions\/soins-de-sante\/id-national-de-sante\/\"><strong>Lire la suite&#8230;<\/strong><\/a><\/p>\n<\/div>\n<\/div>\n<div class=\"uk-width-medium-1-3\">\n<div class=\"uk-alert\">\n<h3 align=\"center\"><a href=\"http:\/\/Solution d\u2019enregistrement biom\u00e9trique\">Solution d\u2019enregistrement <\/a><\/h3>\n<div align=\"center\"><a href=\"https:\/\/www.hsbidentification.com\/fr\/our-products\/solution-denregistrement-biometrique\/\"><img loading=\"lazy\" decoding=\"async\" class=\"alignnone size-full wp-image-1651\" src=\"https:\/\/www.hsbidentification.com\/wp-content\/uploads\/2015\/06\/biometric-registration-kit.jpg\" alt=\"Biometric Registration Kit\" width=\"150\" height=\"150\" srcset=\"https:\/\/www.hsbidentification.com\/wp-content\/uploads\/2015\/06\/biometric-registration-kit.jpg 250w, https:\/\/www.hsbidentification.com\/wp-content\/uploads\/2015\/06\/biometric-registration-kit-150x150.jpg 150w\" sizes=\"auto, (max-width: 150px) 100vw, 150px\" \/><\/a><\/div>\n<p align=\"center\"><a href=\"https:\/\/www.hsbidentification.com\/fr\/our-products\/solution-denregistrement-biometrique\/\">Cr\u00e9ation d&rsquo;un identifiant unique utilisant la biom\u00e9trie \u00e0 l&rsquo;aide de kits d&rsquo;enregistrement biom\u00e9triques<\/a>. <a href=\"https:\/\/www.hsbidentification.com\/fr\/our-products\/solution-denregistrement-biometrique\/\"><strong>Lire la suite&#8230;<\/strong><\/a><\/p>\n<\/div>\n<\/div>\n<div class=\"uk-width-medium-1-3\">\n<div class=\"uk-alert\">\n<h3 align=\"center\"><a href=\"https:\/\/www.hsbidentification.com\/fr\/our-products\/logiciel-bioregistrator\/\">BioRegistrator<\/a><\/h3>\n<div align=\"center\"><a href=\"https:\/\/www.hsbidentification.com\/fr\/our-products\/logiciel-bioregistrator\/\"><img loading=\"lazy\" decoding=\"async\" class=\"alignnone size-full\" src=\"https:\/\/www.hsbidentification.com\/wp-content\/uploads\/2012\/11\/bioregistrator-index.jpg\" alt=\"BioRegistrator\" width=\"150\" height=\"150\" \/><\/a><\/div>\n<p align=\"center\"><a href=\"https:\/\/www.hsbidentification.com\/fr\/our-products\/logiciel-bioregistrator\/\">BioRegistrator\u00ae est la plate-forme \u00e9prouv\u00e9e pour l&rsquo;enregistrement des identifiants<\/a>. <a href=\"https:\/\/www.hsbidentification.com\/fr\/our-products\/logiciel-bioregistrator\/\"><strong>Lire la suite&#8230;<\/strong><\/a><\/p>\n<p>&nbsp;<\/p>\n<\/div>\n<\/div>\n<\/div>\n<div id=\"gtx-trans\" style=\"position: absolute; left: 72px; top: 259.571px;\">\n<div class=\"gtx-trans-icon\"><\/div>\n<\/div>\n","protected":false},"excerpt":{"rendered":"<p>Tablet-ID \u2122, la puissante combinaison de biom\u00e9trie de haute qualit\u00e9 et de mobilit\u00e9 utilisant une tablette. ENREGISTREMENT BIOM\u00c9TRIQUE MOBILE \u00c0 L&rsquo;AIDE DE LA TABLETTE Tablet ID \u2122 est un appareil bas\u00e9 sur Android qui int\u00e8gre les fonctionnalit\u00e9s d&rsquo;un scanner d&#8217;empreintes digitales et d&rsquo;un lecteur de carte \u00e0 puce de haute qualit\u00e9. Une \u00e9norme capacit\u00e9 de [&hellip;]<\/p>\n","protected":false},"author":4,"featured_media":0,"parent":2141,"menu_order":4,"comment_status":"closed","ping_status":"closed","template":"","meta":{"_monsterinsights_skip_tracking":false,"_monsterinsights_sitenote_active":false,"_monsterinsights_sitenote_note":"","_monsterinsights_sitenote_category":0,"footnotes":""},"class_list":["post-2226","page","type-page","status-publish","hentry"],"yoast_head":"<!-- This site is optimized with the Yoast SEO plugin v26.7 - https:\/\/yoast.com\/wordpress\/plugins\/seo\/ -->\n<title>Tablet-ID - HSB identification<\/title>\n<meta name=\"description\" content=\"La Tablet-ID est la solution biom\u00e9trique sur tablet de HSB. Cette solution de tablette Android compacte poss\u00e8de des fonctionnalit\u00e9s d&#039;empreinte digitale et RFID.\" \/>\n<meta name=\"robots\" content=\"index, follow, max-snippet:-1, max-image-preview:large, max-video-preview:-1\" \/>\n<link rel=\"canonical\" href=\"https:\/\/www.hsbidentification.com\/fr\/our-products\/tablet-id\/\" \/>\n<meta property=\"og:locale\" content=\"fr_FR\" \/>\n<meta property=\"og:type\" content=\"article\" \/>\n<meta property=\"og:title\" content=\"Tablet-ID - HSB identification\" \/>\n<meta property=\"og:description\" content=\"La Tablet-ID est la solution biom\u00e9trique sur tablet de HSB. Cette solution de tablette Android compacte poss\u00e8de des fonctionnalit\u00e9s d&#039;empreinte digitale et RFID.\" \/>\n<meta property=\"og:url\" content=\"https:\/\/www.hsbidentification.com\/fr\/our-products\/tablet-id\/\" \/>\n<meta property=\"og:site_name\" content=\"HSB Identification\" \/>\n<meta property=\"article:modified_time\" content=\"2020-12-24T15:34:03+00:00\" \/>\n<meta property=\"og:image\" content=\"https:\/\/www.hsbidentification.com\/wp-content\/uploads\/2015\/06\/tablet-id.jpg\" \/>\n<meta name=\"twitter:label1\" content=\"Dur\u00e9e de lecture estim\u00e9e\" \/>\n\t<meta name=\"twitter:data1\" content=\"1 minute\" \/>\n<script type=\"application\/ld+json\" class=\"yoast-schema-graph\">{\"@context\":\"https:\/\/schema.org\",\"@graph\":[{\"@type\":\"WebPage\",\"@id\":\"https:\/\/www.hsbidentification.com\/fr\/our-products\/tablet-id\/\",\"url\":\"https:\/\/www.hsbidentification.com\/fr\/our-products\/tablet-id\/\",\"name\":\"Tablet-ID - HSB identification\",\"isPartOf\":{\"@id\":\"https:\/\/www.hsbidentification.com\/#website\"},\"primaryImageOfPage\":{\"@id\":\"https:\/\/www.hsbidentification.com\/fr\/our-products\/tablet-id\/#primaryimage\"},\"image\":{\"@id\":\"https:\/\/www.hsbidentification.com\/fr\/our-products\/tablet-id\/#primaryimage\"},\"thumbnailUrl\":\"https:\/\/www.hsbidentification.com\/wp-content\/uploads\/2015\/06\/tablet-id.jpg\",\"datePublished\":\"2012-11-02T18:07:33+00:00\",\"dateModified\":\"2020-12-24T15:34:03+00:00\",\"description\":\"La Tablet-ID est la solution biom\u00e9trique sur tablet de HSB. Cette solution de tablette Android compacte poss\u00e8de des fonctionnalit\u00e9s d'empreinte digitale et RFID.\",\"breadcrumb\":{\"@id\":\"https:\/\/www.hsbidentification.com\/fr\/our-products\/tablet-id\/#breadcrumb\"},\"inLanguage\":\"fr-FR\",\"potentialAction\":[{\"@type\":\"ReadAction\",\"target\":[\"https:\/\/www.hsbidentification.com\/fr\/our-products\/tablet-id\/\"]}]},{\"@type\":\"ImageObject\",\"inLanguage\":\"fr-FR\",\"@id\":\"https:\/\/www.hsbidentification.com\/fr\/our-products\/tablet-id\/#primaryimage\",\"url\":\"https:\/\/www.hsbidentification.com\/wp-content\/uploads\/2015\/06\/tablet-id.jpg\",\"contentUrl\":\"https:\/\/www.hsbidentification.com\/wp-content\/uploads\/2015\/06\/tablet-id.jpg\"},{\"@type\":\"BreadcrumbList\",\"@id\":\"https:\/\/www.hsbidentification.com\/fr\/our-products\/tablet-id\/#breadcrumb\",\"itemListElement\":[{\"@type\":\"ListItem\",\"position\":1,\"name\":\"Home\",\"item\":\"https:\/\/www.hsbidentification.com\/fr\/\"},{\"@type\":\"ListItem\",\"position\":2,\"name\":\"Nos produits\",\"item\":\"https:\/\/www.hsbidentification.com\/fr\/our-products\/\"},{\"@type\":\"ListItem\",\"position\":3,\"name\":\"Tablet-ID\u2122\"}]},{\"@type\":\"WebSite\",\"@id\":\"https:\/\/www.hsbidentification.com\/#website\",\"url\":\"https:\/\/www.hsbidentification.com\/\",\"name\":\"HSB Identification\",\"description\":\"Digital Identity Solutions\",\"publisher\":{\"@id\":\"https:\/\/www.hsbidentification.com\/#organization\"},\"potentialAction\":[{\"@type\":\"SearchAction\",\"target\":{\"@type\":\"EntryPoint\",\"urlTemplate\":\"https:\/\/www.hsbidentification.com\/?s={search_term_string}\"},\"query-input\":{\"@type\":\"PropertyValueSpecification\",\"valueRequired\":true,\"valueName\":\"search_term_string\"}}],\"inLanguage\":\"fr-FR\"},{\"@type\":\"Organization\",\"@id\":\"https:\/\/www.hsbidentification.com\/#organization\",\"name\":\"HSB Identification\",\"url\":\"https:\/\/www.hsbidentification.com\/\",\"logo\":{\"@type\":\"ImageObject\",\"inLanguage\":\"fr-FR\",\"@id\":\"https:\/\/www.hsbidentification.com\/#\/schema\/logo\/image\/\",\"url\":\"https:\/\/www.hsbidentification.com\/wp-content\/uploads\/2024\/05\/logo-HSB-2000x1000-1.png\",\"contentUrl\":\"https:\/\/www.hsbidentification.com\/wp-content\/uploads\/2024\/05\/logo-HSB-2000x1000-1.png\",\"width\":3926,\"height\":2135,\"caption\":\"HSB Identification\"},\"image\":{\"@id\":\"https:\/\/www.hsbidentification.com\/#\/schema\/logo\/image\/\"},\"sameAs\":[\"https:\/\/www.linkedin.com\/company\/hsb-identification\"]}]}<\/script>\n<!-- \/ Yoast SEO plugin. -->","yoast_head_json":{"title":"Tablet-ID - HSB identification","description":"La Tablet-ID est la solution biom\u00e9trique sur tablet de HSB. Cette solution de tablette Android compacte poss\u00e8de des fonctionnalit\u00e9s d'empreinte digitale et RFID.","robots":{"index":"index","follow":"follow","max-snippet":"max-snippet:-1","max-image-preview":"max-image-preview:large","max-video-preview":"max-video-preview:-1"},"canonical":"https:\/\/www.hsbidentification.com\/fr\/our-products\/tablet-id\/","og_locale":"fr_FR","og_type":"article","og_title":"Tablet-ID - HSB identification","og_description":"La Tablet-ID est la solution biom\u00e9trique sur tablet de HSB. Cette solution de tablette Android compacte poss\u00e8de des fonctionnalit\u00e9s d'empreinte digitale et RFID.","og_url":"https:\/\/www.hsbidentification.com\/fr\/our-products\/tablet-id\/","og_site_name":"HSB Identification","article_modified_time":"2020-12-24T15:34:03+00:00","og_image":[{"url":"https:\/\/www.hsbidentification.com\/wp-content\/uploads\/2015\/06\/tablet-id.jpg","type":"","width":"","height":""}],"twitter_misc":{"Dur\u00e9e de lecture estim\u00e9e":"1 minute"},"schema":{"@context":"https:\/\/schema.org","@graph":[{"@type":"WebPage","@id":"https:\/\/www.hsbidentification.com\/fr\/our-products\/tablet-id\/","url":"https:\/\/www.hsbidentification.com\/fr\/our-products\/tablet-id\/","name":"Tablet-ID - HSB identification","isPartOf":{"@id":"https:\/\/www.hsbidentification.com\/#website"},"primaryImageOfPage":{"@id":"https:\/\/www.hsbidentification.com\/fr\/our-products\/tablet-id\/#primaryimage"},"image":{"@id":"https:\/\/www.hsbidentification.com\/fr\/our-products\/tablet-id\/#primaryimage"},"thumbnailUrl":"https:\/\/www.hsbidentification.com\/wp-content\/uploads\/2015\/06\/tablet-id.jpg","datePublished":"2012-11-02T18:07:33+00:00","dateModified":"2020-12-24T15:34:03+00:00","description":"La Tablet-ID est la solution biom\u00e9trique sur tablet de HSB. Cette solution de tablette Android compacte poss\u00e8de des fonctionnalit\u00e9s d'empreinte digitale et RFID.","breadcrumb":{"@id":"https:\/\/www.hsbidentification.com\/fr\/our-products\/tablet-id\/#breadcrumb"},"inLanguage":"fr-FR","potentialAction":[{"@type":"ReadAction","target":["https:\/\/www.hsbidentification.com\/fr\/our-products\/tablet-id\/"]}]},{"@type":"ImageObject","inLanguage":"fr-FR","@id":"https:\/\/www.hsbidentification.com\/fr\/our-products\/tablet-id\/#primaryimage","url":"https:\/\/www.hsbidentification.com\/wp-content\/uploads\/2015\/06\/tablet-id.jpg","contentUrl":"https:\/\/www.hsbidentification.com\/wp-content\/uploads\/2015\/06\/tablet-id.jpg"},{"@type":"BreadcrumbList","@id":"https:\/\/www.hsbidentification.com\/fr\/our-products\/tablet-id\/#breadcrumb","itemListElement":[{"@type":"ListItem","position":1,"name":"Home","item":"https:\/\/www.hsbidentification.com\/fr\/"},{"@type":"ListItem","position":2,"name":"Nos produits","item":"https:\/\/www.hsbidentification.com\/fr\/our-products\/"},{"@type":"ListItem","position":3,"name":"Tablet-ID\u2122"}]},{"@type":"WebSite","@id":"https:\/\/www.hsbidentification.com\/#website","url":"https:\/\/www.hsbidentification.com\/","name":"HSB Identification","description":"Digital Identity Solutions","publisher":{"@id":"https:\/\/www.hsbidentification.com\/#organization"},"potentialAction":[{"@type":"SearchAction","target":{"@type":"EntryPoint","urlTemplate":"https:\/\/www.hsbidentification.com\/?s={search_term_string}"},"query-input":{"@type":"PropertyValueSpecification","valueRequired":true,"valueName":"search_term_string"}}],"inLanguage":"fr-FR"},{"@type":"Organization","@id":"https:\/\/www.hsbidentification.com\/#organization","name":"HSB Identification","url":"https:\/\/www.hsbidentification.com\/","logo":{"@type":"ImageObject","inLanguage":"fr-FR","@id":"https:\/\/www.hsbidentification.com\/#\/schema\/logo\/image\/","url":"https:\/\/www.hsbidentification.com\/wp-content\/uploads\/2024\/05\/logo-HSB-2000x1000-1.png","contentUrl":"https:\/\/www.hsbidentification.com\/wp-content\/uploads\/2024\/05\/logo-HSB-2000x1000-1.png","width":3926,"height":2135,"caption":"HSB Identification"},"image":{"@id":"https:\/\/www.hsbidentification.com\/#\/schema\/logo\/image\/"},"sameAs":["https:\/\/www.linkedin.com\/company\/hsb-identification"]}]}},"_links":{"self":[{"href":"https:\/\/www.hsbidentification.com\/fr\/wp-json\/wp\/v2\/pages\/2226","targetHints":{"allow":["GET"]}}],"collection":[{"href":"https:\/\/www.hsbidentification.com\/fr\/wp-json\/wp\/v2\/pages"}],"about":[{"href":"https:\/\/www.hsbidentification.com\/fr\/wp-json\/wp\/v2\/types\/page"}],"author":[{"embeddable":true,"href":"https:\/\/www.hsbidentification.com\/fr\/wp-json\/wp\/v2\/users\/4"}],"replies":[{"embeddable":true,"href":"https:\/\/www.hsbidentification.com\/fr\/wp-json\/wp\/v2\/comments?post=2226"}],"version-history":[{"count":12,"href":"https:\/\/www.hsbidentification.com\/fr\/wp-json\/wp\/v2\/pages\/2226\/revisions"}],"predecessor-version":[{"id":2340,"href":"https:\/\/www.hsbidentification.com\/fr\/wp-json\/wp\/v2\/pages\/2226\/revisions\/2340"}],"up":[{"embeddable":true,"href":"https:\/\/www.hsbidentification.com\/fr\/wp-json\/wp\/v2\/pages\/2141"}],"wp:attachment":[{"href":"https:\/\/www.hsbidentification.com\/fr\/wp-json\/wp\/v2\/media?parent=2226"}],"curies":[{"name":"wp","href":"https:\/\/api.w.org\/{rel}","templated":true}]}}