{"id":2214,"date":"2012-11-02T07:28:40","date_gmt":"2012-11-02T07:28:40","guid":{"rendered":"https:\/\/www.hsbidentification.com\/about-us\/who-we-are\/"},"modified":"2020-11-04T09:25:12","modified_gmt":"2020-11-04T09:25:12","slug":"qui-sommes-nous","status":"publish","type":"page","link":"https:\/\/www.hsbidentification.com\/fr\/about-us\/qui-sommes-nous\/","title":{"rendered":"QUI SOMMES-NOUS ?"},"content":{"rendered":"<hr class=\"dotted\" \/>\n<h3>NOTRE MISSION<\/h3>\n<p>HSB identification aide chaque citoyen \u00e0 avoir une identit\u00e9 unique. Nous innovons et fournissons des solutions d&rsquo;identification \u00e9lectronique. Avec nos produits et services, nous \u00e9vitons les fraudes d&rsquo;identit\u00e9 et avec notre aide, les gens du monde entier peuvent, entre-autre: S&rsquo;identifier, franchir les fronti\u00e8res, voter et utiliser les soins de sant\u00e9.<\/p>\n<h3>HSB IDENTIFICATION: PROMOUVOIR L&rsquo;INCLUSION SOCIALE<\/h3>\n<p>HSB identification est l&rsquo;un des principaux fournisseurs mondiaux de produits et services pour les solutions d&rsquo;identit\u00e9 biom\u00e9trique \u00e0 grande \u00e9chelle. Nous nous d\u00e9veloppons au c\u0153ur d&rsquo;une nouvelle \u00e8re o\u00f9 les identit\u00e9s num\u00e9riques sont transmises \u00e0 de larges populations. Les solutions sont cr\u00e9\u00e9es avec notre propre plate-forme logicielle utilisant des technologies permettant de reconna\u00eetre les empreintes digitales, les visages, les iris et les cartes (intelligentes).<\/p>\n<p>Les livraisons de projets typiques comprennent du mat\u00e9riel et des logiciels pour les kits d\u2019enregistrement biom\u00e9trique, des stations de v\u00e9rification (mobiles) et \/ ou une infrastructure pour l\u2019appariement et la d\u00e9duplication biom\u00e9triques (AFIS).<\/p>\n<p>Avec plus de 15 ans d\u2019activit\u00e9, la soci\u00e9t\u00e9 a prouv\u00e9 qu\u2019elle r\u00e9pondait aux besoins de ses clients en mati\u00e8re de d\u00e9ploiement et de maintenance de contrats \u00e0 grande \u00e9chelle. Dans tous ces projets, nous avons enregistr\u00e9, identifi\u00e9 et v\u00e9rifi\u00e9 des millions de personnes dans plusieurs pays.<\/p>\n<p>Nos principaux clients sont des Agences Gouvernementales et des ONG. Le si\u00e8ge de HSB Identification est situ\u00e9 aux Pays-Bas.<\/p>\n<h3>NOS VALEURS<\/h3>\n<ul>\n<li>\n<h4>Excellence<\/h4>\n<p>Nous avons une \u00e9quipe dynamique avec de fortes comp\u00e9tences et de nombreuses ann\u00e9es d&rsquo;exp\u00e9rience dans l&rsquo;industrie. Nous aidons notre personnel \u00e0 s\u2019am\u00e9liorer chaque jour et nous servons nos clients avec des produits et des services qui r\u00e9pondent \u00e0 des normes de qualit\u00e9 \u00e9lev\u00e9es.<\/li>\n<li>\n<h4>L&rsquo;ESPRIT D&rsquo;ENTREPRISE<\/h4>\n<p>L&rsquo;entreprenariat \u00e9tant au c\u0153ur de notre approche. Nous cr\u00e9ons et d\u00e9ployons des solutions pour nos clients dans un d\u00e9lai tr\u00e8s court. Nous offrons la flexibilit\u00e9 n\u00e9cessaire et notre \u00e9quipe op\u00e8re dans le monde entier et comprend comment travailler dans diff\u00e9rents contextes culturels avec des partenaires et des clients vari\u00e9s.<\/li>\n<li>\n<h4>Innovation<\/h4>\n<p>HSB identification s&rsquo;est av\u00e9r\u00e9e capable de s&rsquo;ajuster et d&rsquo;utiliser de nouvelles technologies, m\u00e9thodes et id\u00e9es dans des applications r\u00e9elles. Nous recherchons en permanence de nouvelles innovations pouvant apporter \u00e0 nos clients un avantage ultime.<\/li>\n<\/ul>\n<h3>REJOIGNEZ-NOUS COMME PARTENAIRE<\/h3>\n<p>HSB identification collabore avec des partenaires locaux dans de nombreux pays du monde. Nous travaillons avec des partenaires s\u00e9lectionn\u00e9s pouvant tirer pleinement parti de notre exp\u00e9rience.<br \/>\nLes partenaires typiques sont des int\u00e9grateurs de syst\u00e8mes ou des entreprises informatiques ayant acc\u00e8s aux administrations centrales dot\u00e9es des processus suivants:<\/p>\n<ul>\n<li>Gestion de projet \/ support de projet<\/li>\n<li>Support local et organisation de service<\/li>\n<li>Formation des op\u00e9rateurs et utilisateurs<\/li>\n<li>Int\u00e9gration de logiciel et de syst\u00e8me<\/li>\n<\/ul>\n<p>Nous avons actuellement de solides partenaires en Europe, en Afrique, en Asie et aux \u00c9tats-Unis, mais nous sommes toujours ouverts \u00e0 plus de propositions. <a href=\"https:\/\/www.hsbidentification.com\/contact-us\/\">Rejoignez- nous aujourd&rsquo;hui ! <\/a><\/p>\n","protected":false},"excerpt":{"rendered":"<p>NOTRE MISSION HSB identification aide chaque citoyen \u00e0 avoir une identit\u00e9 unique. Nous innovons et fournissons des solutions d&rsquo;identification \u00e9lectronique. Avec nos produits et services, nous \u00e9vitons les fraudes d&rsquo;identit\u00e9 et avec notre aide, les gens du monde entier peuvent, entre-autre: S&rsquo;identifier, franchir les fronti\u00e8res, voter et utiliser les soins de sant\u00e9. HSB IDENTIFICATION: PROMOUVOIR [&hellip;]<\/p>\n","protected":false},"author":4,"featured_media":0,"parent":2112,"menu_order":0,"comment_status":"closed","ping_status":"closed","template":"","meta":{"_monsterinsights_skip_tracking":false,"_monsterinsights_sitenote_active":false,"_monsterinsights_sitenote_note":"","_monsterinsights_sitenote_category":0,"footnotes":""},"class_list":["post-2214","page","type-page","status-publish","hentry"],"yoast_head":"<!-- This site is optimized with the Yoast SEO plugin v26.7 - https:\/\/yoast.com\/wordpress\/plugins\/seo\/ -->\n<title>QUI SOMMES-NOUS ? - HSB Identification<\/title>\n<meta name=\"description\" content=\"D\u00e9couvrez la mission et les valeurs de HSB identification.\" \/>\n<meta name=\"robots\" content=\"index, follow, max-snippet:-1, max-image-preview:large, max-video-preview:-1\" \/>\n<link rel=\"canonical\" href=\"https:\/\/www.hsbidentification.com\/fr\/about-us\/qui-sommes-nous\/\" \/>\n<meta property=\"og:locale\" content=\"fr_FR\" \/>\n<meta property=\"og:type\" content=\"article\" \/>\n<meta property=\"og:title\" content=\"QUI SOMMES-NOUS ? - HSB Identification\" \/>\n<meta property=\"og:description\" content=\"D\u00e9couvrez la mission et les valeurs de HSB identification.\" \/>\n<meta property=\"og:url\" content=\"https:\/\/www.hsbidentification.com\/fr\/about-us\/qui-sommes-nous\/\" \/>\n<meta property=\"og:site_name\" content=\"HSB Identification\" \/>\n<meta property=\"article:modified_time\" content=\"2020-11-04T09:25:12+00:00\" \/>\n<meta name=\"twitter:label1\" content=\"Dur\u00e9e de lecture estim\u00e9e\" \/>\n\t<meta name=\"twitter:data1\" content=\"2 minutes\" \/>\n<script type=\"application\/ld+json\" class=\"yoast-schema-graph\">{\"@context\":\"https:\/\/schema.org\",\"@graph\":[{\"@type\":\"WebPage\",\"@id\":\"https:\/\/www.hsbidentification.com\/fr\/about-us\/qui-sommes-nous\/\",\"url\":\"https:\/\/www.hsbidentification.com\/fr\/about-us\/qui-sommes-nous\/\",\"name\":\"QUI SOMMES-NOUS ? - HSB Identification\",\"isPartOf\":{\"@id\":\"https:\/\/www.hsbidentification.com\/#website\"},\"datePublished\":\"2012-11-02T07:28:40+00:00\",\"dateModified\":\"2020-11-04T09:25:12+00:00\",\"description\":\"D\u00e9couvrez la mission et les valeurs de HSB identification.\",\"breadcrumb\":{\"@id\":\"https:\/\/www.hsbidentification.com\/fr\/about-us\/qui-sommes-nous\/#breadcrumb\"},\"inLanguage\":\"fr-FR\",\"potentialAction\":[{\"@type\":\"ReadAction\",\"target\":[\"https:\/\/www.hsbidentification.com\/fr\/about-us\/qui-sommes-nous\/\"]}]},{\"@type\":\"BreadcrumbList\",\"@id\":\"https:\/\/www.hsbidentification.com\/fr\/about-us\/qui-sommes-nous\/#breadcrumb\",\"itemListElement\":[{\"@type\":\"ListItem\",\"position\":1,\"name\":\"Home\",\"item\":\"https:\/\/www.hsbidentification.com\/fr\/\"},{\"@type\":\"ListItem\",\"position\":2,\"name\":\"HSB identification\",\"item\":\"https:\/\/www.hsbidentification.com\/fr\/\"},{\"@type\":\"ListItem\",\"position\":3,\"name\":\"QUI SOMMES-NOUS ?\"}]},{\"@type\":\"WebSite\",\"@id\":\"https:\/\/www.hsbidentification.com\/#website\",\"url\":\"https:\/\/www.hsbidentification.com\/\",\"name\":\"HSB Identification\",\"description\":\"Digital Identity Solutions\",\"publisher\":{\"@id\":\"https:\/\/www.hsbidentification.com\/#organization\"},\"potentialAction\":[{\"@type\":\"SearchAction\",\"target\":{\"@type\":\"EntryPoint\",\"urlTemplate\":\"https:\/\/www.hsbidentification.com\/?s={search_term_string}\"},\"query-input\":{\"@type\":\"PropertyValueSpecification\",\"valueRequired\":true,\"valueName\":\"search_term_string\"}}],\"inLanguage\":\"fr-FR\"},{\"@type\":\"Organization\",\"@id\":\"https:\/\/www.hsbidentification.com\/#organization\",\"name\":\"HSB Identification\",\"url\":\"https:\/\/www.hsbidentification.com\/\",\"logo\":{\"@type\":\"ImageObject\",\"inLanguage\":\"fr-FR\",\"@id\":\"https:\/\/www.hsbidentification.com\/#\/schema\/logo\/image\/\",\"url\":\"https:\/\/www.hsbidentification.com\/wp-content\/uploads\/2024\/05\/logo-HSB-2000x1000-1.png\",\"contentUrl\":\"https:\/\/www.hsbidentification.com\/wp-content\/uploads\/2024\/05\/logo-HSB-2000x1000-1.png\",\"width\":3926,\"height\":2135,\"caption\":\"HSB Identification\"},\"image\":{\"@id\":\"https:\/\/www.hsbidentification.com\/#\/schema\/logo\/image\/\"},\"sameAs\":[\"https:\/\/www.linkedin.com\/company\/hsb-identification\"]}]}<\/script>\n<!-- \/ Yoast SEO plugin. -->","yoast_head_json":{"title":"QUI SOMMES-NOUS ? - HSB Identification","description":"D\u00e9couvrez la mission et les valeurs de HSB identification.","robots":{"index":"index","follow":"follow","max-snippet":"max-snippet:-1","max-image-preview":"max-image-preview:large","max-video-preview":"max-video-preview:-1"},"canonical":"https:\/\/www.hsbidentification.com\/fr\/about-us\/qui-sommes-nous\/","og_locale":"fr_FR","og_type":"article","og_title":"QUI SOMMES-NOUS ? - HSB Identification","og_description":"D\u00e9couvrez la mission et les valeurs de HSB identification.","og_url":"https:\/\/www.hsbidentification.com\/fr\/about-us\/qui-sommes-nous\/","og_site_name":"HSB Identification","article_modified_time":"2020-11-04T09:25:12+00:00","twitter_misc":{"Dur\u00e9e de lecture estim\u00e9e":"2 minutes"},"schema":{"@context":"https:\/\/schema.org","@graph":[{"@type":"WebPage","@id":"https:\/\/www.hsbidentification.com\/fr\/about-us\/qui-sommes-nous\/","url":"https:\/\/www.hsbidentification.com\/fr\/about-us\/qui-sommes-nous\/","name":"QUI SOMMES-NOUS ? - HSB Identification","isPartOf":{"@id":"https:\/\/www.hsbidentification.com\/#website"},"datePublished":"2012-11-02T07:28:40+00:00","dateModified":"2020-11-04T09:25:12+00:00","description":"D\u00e9couvrez la mission et les valeurs de HSB identification.","breadcrumb":{"@id":"https:\/\/www.hsbidentification.com\/fr\/about-us\/qui-sommes-nous\/#breadcrumb"},"inLanguage":"fr-FR","potentialAction":[{"@type":"ReadAction","target":["https:\/\/www.hsbidentification.com\/fr\/about-us\/qui-sommes-nous\/"]}]},{"@type":"BreadcrumbList","@id":"https:\/\/www.hsbidentification.com\/fr\/about-us\/qui-sommes-nous\/#breadcrumb","itemListElement":[{"@type":"ListItem","position":1,"name":"Home","item":"https:\/\/www.hsbidentification.com\/fr\/"},{"@type":"ListItem","position":2,"name":"HSB identification","item":"https:\/\/www.hsbidentification.com\/fr\/"},{"@type":"ListItem","position":3,"name":"QUI SOMMES-NOUS ?"}]},{"@type":"WebSite","@id":"https:\/\/www.hsbidentification.com\/#website","url":"https:\/\/www.hsbidentification.com\/","name":"HSB Identification","description":"Digital Identity Solutions","publisher":{"@id":"https:\/\/www.hsbidentification.com\/#organization"},"potentialAction":[{"@type":"SearchAction","target":{"@type":"EntryPoint","urlTemplate":"https:\/\/www.hsbidentification.com\/?s={search_term_string}"},"query-input":{"@type":"PropertyValueSpecification","valueRequired":true,"valueName":"search_term_string"}}],"inLanguage":"fr-FR"},{"@type":"Organization","@id":"https:\/\/www.hsbidentification.com\/#organization","name":"HSB Identification","url":"https:\/\/www.hsbidentification.com\/","logo":{"@type":"ImageObject","inLanguage":"fr-FR","@id":"https:\/\/www.hsbidentification.com\/#\/schema\/logo\/image\/","url":"https:\/\/www.hsbidentification.com\/wp-content\/uploads\/2024\/05\/logo-HSB-2000x1000-1.png","contentUrl":"https:\/\/www.hsbidentification.com\/wp-content\/uploads\/2024\/05\/logo-HSB-2000x1000-1.png","width":3926,"height":2135,"caption":"HSB Identification"},"image":{"@id":"https:\/\/www.hsbidentification.com\/#\/schema\/logo\/image\/"},"sameAs":["https:\/\/www.linkedin.com\/company\/hsb-identification"]}]}},"_links":{"self":[{"href":"https:\/\/www.hsbidentification.com\/fr\/wp-json\/wp\/v2\/pages\/2214","targetHints":{"allow":["GET"]}}],"collection":[{"href":"https:\/\/www.hsbidentification.com\/fr\/wp-json\/wp\/v2\/pages"}],"about":[{"href":"https:\/\/www.hsbidentification.com\/fr\/wp-json\/wp\/v2\/types\/page"}],"author":[{"embeddable":true,"href":"https:\/\/www.hsbidentification.com\/fr\/wp-json\/wp\/v2\/users\/4"}],"replies":[{"embeddable":true,"href":"https:\/\/www.hsbidentification.com\/fr\/wp-json\/wp\/v2\/comments?post=2214"}],"version-history":[{"count":7,"href":"https:\/\/www.hsbidentification.com\/fr\/wp-json\/wp\/v2\/pages\/2214\/revisions"}],"predecessor-version":[{"id":2217,"href":"https:\/\/www.hsbidentification.com\/fr\/wp-json\/wp\/v2\/pages\/2214\/revisions\/2217"}],"up":[{"embeddable":true,"href":"https:\/\/www.hsbidentification.com\/fr\/wp-json\/wp\/v2\/pages\/2112"}],"wp:attachment":[{"href":"https:\/\/www.hsbidentification.com\/fr\/wp-json\/wp\/v2\/media?parent=2214"}],"curies":[{"name":"wp","href":"https:\/\/api.w.org\/{rel}","templated":true}]}}