{"id":2132,"date":"2012-11-07T19:45:27","date_gmt":"2012-11-07T19:45:27","guid":{"rendered":"https:\/\/www.hsbidentification.com\/our-solutions\/civil-id\/"},"modified":"2020-12-24T15:37:36","modified_gmt":"2020-12-24T15:37:36","slug":"piece-didentite","status":"publish","type":"page","link":"https:\/\/www.hsbidentification.com\/fr\/nos-solutions\/piece-didentite\/","title":{"rendered":"Carte nationale d&rsquo;identit\u00e9"},"content":{"rendered":"<hr \/>\n<p><strong>Les programmes nationaux d&rsquo;identification ou d&rsquo; eID sont mis en \u0153uvre dans de nombreux pays par la d\u00e9livrance de cartes d&rsquo;identit\u00e9 (intelligentes) aux citoyens. Des technologies biom\u00e9triques sont souvent ajout\u00e9es pour \u00e9viter les enregistrements multiples par la m\u00eame personne. Pendant le cycle de vie de la carte d&rsquo;identit\u00e9, un identifiant biom\u00e9trique peut en outre \u00eatre utilis\u00e9 pour l&rsquo;authentification unique du propri\u00e9taire de la carte.<\/strong><\/p>\n<p>En g\u00e9n\u00e9ral, une carte d&rsquo;identit\u00e9 nationale unique est introduite pour permettre \u00e0 la population croissante d&rsquo;acc\u00e9der \u00e0 un large \u00e9ventail de services publics tels que les programmes de prestations sociales, les soins de sant\u00e9 et les \u00e9lections. L\u00e0 o\u00f9 les pays ne disposent pas d&rsquo; une administration centrale solide de leur population, les gouvernements peuvent b\u00e9n\u00e9ficier d&rsquo;une eID comme outil puissant de contr\u00f4le de la population.<\/p>\n<p>L&rsquo;identit\u00e9 civile est un programme similaire dans lequel les gouvernements souhaitent d\u00e9livrer une pi\u00e8ce d&rsquo;identit\u00e9 unique pour contr\u00f4ler les avantages et \u00e9viter la fraude d&rsquo;identit\u00e9 pour des groupes sp\u00e9cifiques de la soci\u00e9t\u00e9 tels que les r\u00e9fugi\u00e9s, les fonctionnaires ou les agriculteurs. Dans ces programmes, il n&rsquo;est pas toujours n\u00e9cessaire d&rsquo;\u00e9mettre des cartes d&rsquo;identit\u00e9, mais l&rsquo;identification bas\u00e9e sur la biom\u00e9trie peut au moins \u00e9viter les enregistrements multiples et ainsi \u00e9viter les fraudes sur identit\u00e9.<\/p>\n<p>Les fausses identit\u00e9s sont utilis\u00e9es pour des activit\u00e9s criminelles dans le monde entier. Voler l&rsquo;identit\u00e9 de quelqu&rsquo;un est une grande intrusion dans la vie priv\u00e9e avec des cons\u00e9quences majeures sur les transactions juridiques et financi\u00e8res. Les contr\u00f4les d&rsquo;identit\u00e9 peuvent \u00eatre \u00e9tendus avec la biom\u00e9trie pour garantir l&rsquo;ID unique.<\/p>\n<p>HSB identification a travaill\u00e9 sur plusieurs programmes d&rsquo;identification civile r\u00e9ussis dans diff\u00e9rentes parties du monde. Nos capacit\u00e9s sont des solutions, notamment mat\u00e9rielles et logicielles, pour l&rsquo;enregistrement, l&rsquo;identification et la v\u00e9rification biom\u00e9triques. Cela comprend \u00e9galement des r\u00e9f\u00e9rentiels centraux pour faire correspondre plusieurs identit\u00e9s .<\/p>\n<p>&nbsp;<\/p>\n<hr \/>\n<h4>EN SAVOIR PLUS SUR NOS PROJETS TERMIN\u00c9S ET ACTUELS<\/h4>\n<p>&nbsp;<\/p>\n<div class=\"uk-alert\">\n<p><a href=\"https:\/\/www.hsbidentification.com\/fr\/nos-solutions\/piece-didentite\/social-register-djibouti\/\"><img loading=\"lazy\" decoding=\"async\" class=\"uk-alert-our-solutions\" src=\"https:\/\/www.hsbidentification.com\/wp-content\/uploads\/2017\/04\/HouseHold.jpg\" alt=\"Identify Households in Need\" width=\"100\" height=\"100\" \/><\/a><\/p>\n<h3 class=\"our-products-heading\"><a href=\"https:\/\/www.hsbidentification.com\/fr\/nos-solutions\/piece-didentite\/social-register-djibouti\/\">IDENTIFIER LES M\u00c9NAGES EN BESOIN<\/a><\/h3>\n<p><a href=\"https:\/\/www.hsbidentification.com\/fr\/nos-solutions\/piece-didentite\/social-register-djibouti\/\">Afin de s&rsquo;attaquer syst\u00e9matiquement au probl\u00e8me de la pauvret\u00e9, le pays a adopt\u00e9 une strat\u00e9gie globale de protection sociale. Dans cette strat\u00e9gie, il est important de cr\u00e9er un registre des m\u00e9nages. Ce registre est le point de d\u00e9part pour r\u00e9soudre le probl\u00e8me en identifiant les gens \u2026<\/a>. <a href=\"https:\/\/www.hsbidentification.com\/fr\/nos-solutions\/piece-didentite\/social-register-djibouti\/\"><strong>Lire la suite\u2026<\/strong><\/a><\/p>\n<\/div>\n<p>&nbsp;<\/p>\n<p>&nbsp;<\/p>\n<div class=\"uk-alert\">\n<p><a href=\"https:\/\/www.hsbidentification.com\/fr\/nos-solutions\/piece-didentite\/enregistrement-des-agents-civils\/\"><img loading=\"lazy\" decoding=\"async\" class=\"uk-alert-our-solutions\" src=\"https:\/\/www.hsbidentification.com\/wp-content\/uploads\/2014\/12\/teaser-civil-servants.jpg\" alt=\"Registration of Civil Servants\" width=\"100\" height=\"100\" \/><\/a><\/p>\n<h3 class=\"our-products-heading\"><a href=\"https:\/\/www.hsbidentification.com\/fr\/nos-solutions\/piece-didentite\/enregistrement-des-agents-civils\/\">Enregistrement des agents civils<\/a><\/h3>\n<p><a href=\"https:\/\/www.hsbidentification.com\/fr\/nos-solutions\/piece-didentite\/enregistrement-des-agents-civils\/\">HSB identification a fourni des solutions biom\u00e9triques pour enregistrer et dupliquer tous les fonctionnaires de plusieurs pays africains. L&rsquo;objectif de ces projets est de pr\u00e9venir toute fraude d&rsquo;identit\u00e9. Avant l&rsquo;introduction du syst\u00e8me, on savait que plusieurs fausses identit\u00e9s \u00e9taient&#8230;<\/a> <a href=\"https:\/\/www.hsbidentification.com\/fr\/nos-solutions\/piece-didentite\/enregistrement-des-agents-civils\/\"><strong>En savoir plus&#8230;<\/strong><\/a><br \/>\n<br style=\"clear: both;\" \/><\/p>\n<\/div>\n<p>&nbsp;<\/p>\n","protected":false},"excerpt":{"rendered":"<p>Les programmes nationaux d&rsquo;identification ou d&rsquo; eID sont mis en \u0153uvre dans de nombreux pays par la d\u00e9livrance de cartes d&rsquo;identit\u00e9 (intelligentes) aux citoyens. Des technologies biom\u00e9triques sont souvent ajout\u00e9es pour \u00e9viter les enregistrements multiples par la m\u00eame personne. Pendant le cycle de vie de la carte d&rsquo;identit\u00e9, un identifiant biom\u00e9trique peut en outre \u00eatre [&hellip;]<\/p>\n","protected":false},"author":4,"featured_media":0,"parent":2127,"menu_order":0,"comment_status":"closed","ping_status":"closed","template":"","meta":{"_monsterinsights_skip_tracking":false,"_monsterinsights_sitenote_active":false,"_monsterinsights_sitenote_note":"","_monsterinsights_sitenote_category":0,"footnotes":""},"class_list":["post-2132","page","type-page","status-publish","hentry"],"yoast_head":"<!-- This site is optimized with the Yoast SEO plugin v26.7 - https:\/\/yoast.com\/wordpress\/plugins\/seo\/ -->\n<title>Carte nationale d&#039;identit\u00e9 - HSB Identification<\/title>\n<meta name=\"description\" content=\"D\u00e9couvrez des solutions biom\u00e9triques en relation avec l&#039;identification civile \u00e0 l&#039;aide des empreintes digitales et de la reconnaissance faciale..\" \/>\n<meta name=\"robots\" content=\"index, follow, max-snippet:-1, max-image-preview:large, max-video-preview:-1\" \/>\n<link rel=\"canonical\" href=\"https:\/\/www.hsbidentification.com\/fr\/nos-solutions\/piece-didentite\/\" \/>\n<meta property=\"og:locale\" content=\"fr_FR\" \/>\n<meta property=\"og:type\" content=\"article\" \/>\n<meta property=\"og:title\" content=\"Carte nationale d&#039;identit\u00e9 - HSB Identification\" \/>\n<meta property=\"og:description\" content=\"D\u00e9couvrez des solutions biom\u00e9triques en relation avec l&#039;identification civile \u00e0 l&#039;aide des empreintes digitales et de la reconnaissance faciale..\" \/>\n<meta property=\"og:url\" content=\"https:\/\/www.hsbidentification.com\/fr\/nos-solutions\/piece-didentite\/\" \/>\n<meta property=\"og:site_name\" content=\"HSB Identification\" \/>\n<meta property=\"article:modified_time\" content=\"2020-12-24T15:37:36+00:00\" \/>\n<meta property=\"og:image\" content=\"https:\/\/www.hsbidentification.com\/wp-content\/uploads\/2017\/04\/HouseHold.jpg\" \/>\n<meta name=\"twitter:label1\" content=\"Dur\u00e9e de lecture estim\u00e9e\" \/>\n\t<meta name=\"twitter:data1\" content=\"2 minutes\" \/>\n<script type=\"application\/ld+json\" class=\"yoast-schema-graph\">{\"@context\":\"https:\/\/schema.org\",\"@graph\":[{\"@type\":\"WebPage\",\"@id\":\"https:\/\/www.hsbidentification.com\/fr\/nos-solutions\/piece-didentite\/\",\"url\":\"https:\/\/www.hsbidentification.com\/fr\/nos-solutions\/piece-didentite\/\",\"name\":\"Carte nationale d'identit\u00e9 - HSB Identification\",\"isPartOf\":{\"@id\":\"https:\/\/www.hsbidentification.com\/#website\"},\"primaryImageOfPage\":{\"@id\":\"https:\/\/www.hsbidentification.com\/fr\/nos-solutions\/piece-didentite\/#primaryimage\"},\"image\":{\"@id\":\"https:\/\/www.hsbidentification.com\/fr\/nos-solutions\/piece-didentite\/#primaryimage\"},\"thumbnailUrl\":\"https:\/\/www.hsbidentification.com\/wp-content\/uploads\/2017\/04\/HouseHold.jpg\",\"datePublished\":\"2012-11-07T19:45:27+00:00\",\"dateModified\":\"2020-12-24T15:37:36+00:00\",\"description\":\"D\u00e9couvrez des solutions biom\u00e9triques en relation avec l'identification civile \u00e0 l'aide des empreintes digitales et de la reconnaissance faciale..\",\"breadcrumb\":{\"@id\":\"https:\/\/www.hsbidentification.com\/fr\/nos-solutions\/piece-didentite\/#breadcrumb\"},\"inLanguage\":\"fr-FR\",\"potentialAction\":[{\"@type\":\"ReadAction\",\"target\":[\"https:\/\/www.hsbidentification.com\/fr\/nos-solutions\/piece-didentite\/\"]}]},{\"@type\":\"ImageObject\",\"inLanguage\":\"fr-FR\",\"@id\":\"https:\/\/www.hsbidentification.com\/fr\/nos-solutions\/piece-didentite\/#primaryimage\",\"url\":\"https:\/\/www.hsbidentification.com\/wp-content\/uploads\/2017\/04\/HouseHold.jpg\",\"contentUrl\":\"https:\/\/www.hsbidentification.com\/wp-content\/uploads\/2017\/04\/HouseHold.jpg\"},{\"@type\":\"BreadcrumbList\",\"@id\":\"https:\/\/www.hsbidentification.com\/fr\/nos-solutions\/piece-didentite\/#breadcrumb\",\"itemListElement\":[{\"@type\":\"ListItem\",\"position\":1,\"name\":\"Home\",\"item\":\"https:\/\/www.hsbidentification.com\/fr\/\"},{\"@type\":\"ListItem\",\"position\":2,\"name\":\"NOS SOLUTIONS\",\"item\":\"https:\/\/www.hsbidentification.com\/fr\/nos-solutions\/\"},{\"@type\":\"ListItem\",\"position\":3,\"name\":\"Carte nationale d&rsquo;identit\u00e9\"}]},{\"@type\":\"WebSite\",\"@id\":\"https:\/\/www.hsbidentification.com\/#website\",\"url\":\"https:\/\/www.hsbidentification.com\/\",\"name\":\"HSB Identification\",\"description\":\"Digital Identity Solutions\",\"publisher\":{\"@id\":\"https:\/\/www.hsbidentification.com\/#organization\"},\"potentialAction\":[{\"@type\":\"SearchAction\",\"target\":{\"@type\":\"EntryPoint\",\"urlTemplate\":\"https:\/\/www.hsbidentification.com\/?s={search_term_string}\"},\"query-input\":{\"@type\":\"PropertyValueSpecification\",\"valueRequired\":true,\"valueName\":\"search_term_string\"}}],\"inLanguage\":\"fr-FR\"},{\"@type\":\"Organization\",\"@id\":\"https:\/\/www.hsbidentification.com\/#organization\",\"name\":\"HSB Identification\",\"url\":\"https:\/\/www.hsbidentification.com\/\",\"logo\":{\"@type\":\"ImageObject\",\"inLanguage\":\"fr-FR\",\"@id\":\"https:\/\/www.hsbidentification.com\/#\/schema\/logo\/image\/\",\"url\":\"https:\/\/www.hsbidentification.com\/wp-content\/uploads\/2024\/05\/logo-HSB-2000x1000-1.png\",\"contentUrl\":\"https:\/\/www.hsbidentification.com\/wp-content\/uploads\/2024\/05\/logo-HSB-2000x1000-1.png\",\"width\":3926,\"height\":2135,\"caption\":\"HSB Identification\"},\"image\":{\"@id\":\"https:\/\/www.hsbidentification.com\/#\/schema\/logo\/image\/\"},\"sameAs\":[\"https:\/\/www.linkedin.com\/company\/hsb-identification\"]}]}<\/script>\n<!-- \/ Yoast SEO plugin. -->","yoast_head_json":{"title":"Carte nationale d'identit\u00e9 - HSB Identification","description":"D\u00e9couvrez des solutions biom\u00e9triques en relation avec l'identification civile \u00e0 l'aide des empreintes digitales et de la reconnaissance faciale..","robots":{"index":"index","follow":"follow","max-snippet":"max-snippet:-1","max-image-preview":"max-image-preview:large","max-video-preview":"max-video-preview:-1"},"canonical":"https:\/\/www.hsbidentification.com\/fr\/nos-solutions\/piece-didentite\/","og_locale":"fr_FR","og_type":"article","og_title":"Carte nationale d'identit\u00e9 - HSB Identification","og_description":"D\u00e9couvrez des solutions biom\u00e9triques en relation avec l'identification civile \u00e0 l'aide des empreintes digitales et de la reconnaissance faciale..","og_url":"https:\/\/www.hsbidentification.com\/fr\/nos-solutions\/piece-didentite\/","og_site_name":"HSB Identification","article_modified_time":"2020-12-24T15:37:36+00:00","og_image":[{"url":"https:\/\/www.hsbidentification.com\/wp-content\/uploads\/2017\/04\/HouseHold.jpg","type":"","width":"","height":""}],"twitter_misc":{"Dur\u00e9e de lecture estim\u00e9e":"2 minutes"},"schema":{"@context":"https:\/\/schema.org","@graph":[{"@type":"WebPage","@id":"https:\/\/www.hsbidentification.com\/fr\/nos-solutions\/piece-didentite\/","url":"https:\/\/www.hsbidentification.com\/fr\/nos-solutions\/piece-didentite\/","name":"Carte nationale d'identit\u00e9 - HSB Identification","isPartOf":{"@id":"https:\/\/www.hsbidentification.com\/#website"},"primaryImageOfPage":{"@id":"https:\/\/www.hsbidentification.com\/fr\/nos-solutions\/piece-didentite\/#primaryimage"},"image":{"@id":"https:\/\/www.hsbidentification.com\/fr\/nos-solutions\/piece-didentite\/#primaryimage"},"thumbnailUrl":"https:\/\/www.hsbidentification.com\/wp-content\/uploads\/2017\/04\/HouseHold.jpg","datePublished":"2012-11-07T19:45:27+00:00","dateModified":"2020-12-24T15:37:36+00:00","description":"D\u00e9couvrez des solutions biom\u00e9triques en relation avec l'identification civile \u00e0 l'aide des empreintes digitales et de la reconnaissance faciale..","breadcrumb":{"@id":"https:\/\/www.hsbidentification.com\/fr\/nos-solutions\/piece-didentite\/#breadcrumb"},"inLanguage":"fr-FR","potentialAction":[{"@type":"ReadAction","target":["https:\/\/www.hsbidentification.com\/fr\/nos-solutions\/piece-didentite\/"]}]},{"@type":"ImageObject","inLanguage":"fr-FR","@id":"https:\/\/www.hsbidentification.com\/fr\/nos-solutions\/piece-didentite\/#primaryimage","url":"https:\/\/www.hsbidentification.com\/wp-content\/uploads\/2017\/04\/HouseHold.jpg","contentUrl":"https:\/\/www.hsbidentification.com\/wp-content\/uploads\/2017\/04\/HouseHold.jpg"},{"@type":"BreadcrumbList","@id":"https:\/\/www.hsbidentification.com\/fr\/nos-solutions\/piece-didentite\/#breadcrumb","itemListElement":[{"@type":"ListItem","position":1,"name":"Home","item":"https:\/\/www.hsbidentification.com\/fr\/"},{"@type":"ListItem","position":2,"name":"NOS SOLUTIONS","item":"https:\/\/www.hsbidentification.com\/fr\/nos-solutions\/"},{"@type":"ListItem","position":3,"name":"Carte nationale d&rsquo;identit\u00e9"}]},{"@type":"WebSite","@id":"https:\/\/www.hsbidentification.com\/#website","url":"https:\/\/www.hsbidentification.com\/","name":"HSB Identification","description":"Digital Identity Solutions","publisher":{"@id":"https:\/\/www.hsbidentification.com\/#organization"},"potentialAction":[{"@type":"SearchAction","target":{"@type":"EntryPoint","urlTemplate":"https:\/\/www.hsbidentification.com\/?s={search_term_string}"},"query-input":{"@type":"PropertyValueSpecification","valueRequired":true,"valueName":"search_term_string"}}],"inLanguage":"fr-FR"},{"@type":"Organization","@id":"https:\/\/www.hsbidentification.com\/#organization","name":"HSB Identification","url":"https:\/\/www.hsbidentification.com\/","logo":{"@type":"ImageObject","inLanguage":"fr-FR","@id":"https:\/\/www.hsbidentification.com\/#\/schema\/logo\/image\/","url":"https:\/\/www.hsbidentification.com\/wp-content\/uploads\/2024\/05\/logo-HSB-2000x1000-1.png","contentUrl":"https:\/\/www.hsbidentification.com\/wp-content\/uploads\/2024\/05\/logo-HSB-2000x1000-1.png","width":3926,"height":2135,"caption":"HSB Identification"},"image":{"@id":"https:\/\/www.hsbidentification.com\/#\/schema\/logo\/image\/"},"sameAs":["https:\/\/www.linkedin.com\/company\/hsb-identification"]}]}},"_links":{"self":[{"href":"https:\/\/www.hsbidentification.com\/fr\/wp-json\/wp\/v2\/pages\/2132","targetHints":{"allow":["GET"]}}],"collection":[{"href":"https:\/\/www.hsbidentification.com\/fr\/wp-json\/wp\/v2\/pages"}],"about":[{"href":"https:\/\/www.hsbidentification.com\/fr\/wp-json\/wp\/v2\/types\/page"}],"author":[{"embeddable":true,"href":"https:\/\/www.hsbidentification.com\/fr\/wp-json\/wp\/v2\/users\/4"}],"replies":[{"embeddable":true,"href":"https:\/\/www.hsbidentification.com\/fr\/wp-json\/wp\/v2\/comments?post=2132"}],"version-history":[{"count":9,"href":"https:\/\/www.hsbidentification.com\/fr\/wp-json\/wp\/v2\/pages\/2132\/revisions"}],"predecessor-version":[{"id":2297,"href":"https:\/\/www.hsbidentification.com\/fr\/wp-json\/wp\/v2\/pages\/2132\/revisions\/2297"}],"up":[{"embeddable":true,"href":"https:\/\/www.hsbidentification.com\/fr\/wp-json\/wp\/v2\/pages\/2127"}],"wp:attachment":[{"href":"https:\/\/www.hsbidentification.com\/fr\/wp-json\/wp\/v2\/media?parent=2132"}],"curies":[{"name":"wp","href":"https:\/\/api.w.org\/{rel}","templated":true}]}}