{"id":2127,"date":"2012-11-02T07:29:22","date_gmt":"2012-11-02T07:29:22","guid":{"rendered":"https:\/\/www.hsbidentification.com\/our-solutions\/"},"modified":"2020-12-24T16:09:13","modified_gmt":"2020-12-24T16:09:13","slug":"nos-solutions","status":"publish","type":"page","link":"https:\/\/www.hsbidentification.com\/fr\/nos-solutions\/","title":{"rendered":"NOS SOLUTIONS"},"content":{"rendered":"<hr \/>\n<p>HSB a prouv\u00e9 son efficacit\u00e9 dans la fourniture de solutions d&rsquo;identit\u00e9 \u00e0 grande \u00e9chelle. Des millions de personnes ont \u00e9t\u00e9 enregistr\u00e9es, identifi\u00e9es et v\u00e9rifi\u00e9es avec notre technologie pour plusieurs clients. Explorez nos r\u00e9f\u00e9rences sur diff\u00e9rents march\u00e9s et d\u00e9couvrez comment nous pouvons vous aider.<\/p>\n<hr \/>\n<div class=\"uk-grid\">\n<div class=\"uk-width-medium-1-2\">\n<div class=\"uk-alert\">\n<p><img loading=\"lazy\" decoding=\"async\" class=\"alignleft size-full wp-image-2142\" src=\"https:\/\/www.hsbidentification.com\/wp-content\/uploads\/2014\/10\/fullscreen_image_3.jpg\" alt=\"HSB solutions\" width=\"549\" height=\"50\" \/><\/p>\n<h3 class=\"uk-alert-heading\">\u00c9lections<\/h3>\n<p>&nbsp;<\/p>\n<p>Les \u00e9lections sont un atout pr\u00e9cieux pour renforcer les d\u00e9mocraties. Le droit de vote pour choisir les dirigeants d&rsquo;un pays est la pierre angulaire de toute d\u00e9mocratie. Afin d&rsquo;organiser des \u00e9lections fiables et transparentes&#8230;<\/p>\n<p><a title=\"Elections\" href=\"elections\">Savoir plus&#8230;<\/a><\/p>\n<hr \/>\n<p><img loading=\"lazy\" decoding=\"async\" class=\"alignleft\" src=\"https:\/\/www.hsbidentification.com\/wp-content\/uploads\/2014\/12\/teaser-ghana-2012.jpg\" alt=\"Online Voter Registration\" width=\"50\" height=\"50\" \/><br \/>\n<a title=\"Online Voter Registration\" href=\"online-voter-registration\"><strong>Inscription en ligne des \u00c9lecteurs<\/strong><\/a><\/p>\n<hr \/>\n<p><img loading=\"lazy\" decoding=\"async\" class=\"alignleft\" src=\"https:\/\/www.hsbidentification.com\/wp-content\/uploads\/2014\/12\/teaser-ghana-2014.jpg\" alt=\"Ghana Voter Registration\" width=\"50\" height=\"50\" \/><br \/>\n<a title=\"Ghana Voter Registration\" href=\"ghana-voter-registration\"><strong>Inscription des \u00c9lecteurs du Ghana\u00a0<\/strong><\/a><\/p>\n<hr \/>\n<\/div>\n<\/div>\n<div class=\"uk-width-medium-1-2\">\n<div class=\"uk-alert\">\n<p><img loading=\"lazy\" decoding=\"async\" class=\"alignleft size-full wp-image-2142\" src=\"https:\/\/www.hsbidentification.com\/wp-content\/uploads\/2014\/10\/fullscreen_image_11.jpg\" alt=\"HSB solutions\" width=\"549\" height=\"50\" \/><\/p>\n<h3 class=\"uk-alert-heading\">Soins de sant\u00e9<\/h3>\n<p>&nbsp;<\/p>\n<p>Les budgets de la sant\u00e9 \u00e9tant sous pression, les soins de sant\u00e9 restent disponibles pour de nombreuses personnes mais avec des augmentamtations rapides. Les r\u00e9clamations frauduleuses sont donc au rendez-vous dans les pays du monde entier!<\/p>\n<p><a title=\"Healthcare\" href=\"https:\/\/www.hsbidentification.com\/health-care\/\">Savoir plus&#8230;<\/a><\/p>\n<hr \/>\n<p><img loading=\"lazy\" decoding=\"async\" class=\"alignleft\" src=\"https:\/\/www.hsbidentification.com\/wp-content\/uploads\/2014\/12\/teaser-NHIA-ghana.jpg\" alt=\"National Health ID\" width=\"50\" height=\"50\" \/><br \/>\n<a title=\"National Health ID\" href=\"national-health-ID\"><strong>ID National de Sant\u00e9\u00a0<\/strong><\/a><\/p>\n<hr \/>\n<\/div>\n<\/div>\n<\/div>\n<div class=\"uk-grid\">\n<div class=\"uk-width-medium-1-2\">\n<div class=\"uk-alert\">\n<p><img loading=\"lazy\" decoding=\"async\" class=\"alignleft size-full wp-image-2142\" src=\"https:\/\/www.hsbidentification.com\/wp-content\/uploads\/2014\/10\/fullscreen_image_2.jpg\" alt=\"HSB solutions\" width=\"549\" height=\"50\" \/><\/p>\n<h3 class=\"uk-alert-heading\">Pi\u00e8ce d&rsquo;identit\u00e9 nationale<\/h3>\n<p>&nbsp;<\/p>\n<p>Des programmes nationaux d&rsquo;identification ou des e-ID sont mis en \u0153uvre dans de nombreux pays par l&rsquo;\u00e9mission de cartes d&rsquo;identit\u00e9 (\u00e0 puce) aux citoyens. Des technologies biom\u00e9triques sont souvent ajout\u00e9es pour \u00e9viter les doublons sur la m\u00eame personne. Pendant le&#8230;<\/p>\n<p><a title=\"Civil &amp; National ID\" href=\"https:\/\/www.hsbidentification.com\/civil-id\/\">Savoir plus&#8230;<\/a><\/p>\n<hr \/>\n<p><img loading=\"lazy\" decoding=\"async\" class=\"alignleft\" src=\"https:\/\/www.hsbidentification.com\/wp-content\/uploads\/2017\/04\/HouseHold.jpg\" alt=\"Identify Households in Need\" width=\"50\" height=\"50\" \/><br \/>\n<a title=\"Identify Households in Need\" href=\"\/?page_id=1829\"><strong>Identifier les menages dans le besoin<\/strong><\/a><\/p>\n<hr \/>\n<p><img loading=\"lazy\" decoding=\"async\" class=\"alignleft\" src=\"https:\/\/www.hsbidentification.com\/wp-content\/uploads\/2014\/12\/teaser-civil-servants.jpg\" alt=\"Registration of Civil Servants\" width=\"50\" height=\"50\" \/><br \/>\n<a title=\"Registration of Civil Servants\" href=\"registration-of-civil-servants\"><strong>Enregistrement des agents civils<\/strong><\/a><\/p>\n<hr \/>\n<\/div>\n<\/div>\n<div class=\"uk-width-medium-1-2\">\n<div class=\"uk-alert\">\n<p><img loading=\"lazy\" decoding=\"async\" class=\"alignleft size-full wp-image-2142\" src=\"https:\/\/www.hsbidentification.com\/wp-content\/uploads\/2014\/10\/fullscreen_image_6.jpg\" alt=\"HSB solutions\" width=\"549\" height=\"50\" \/><\/p>\n<h3 class=\"uk-alert-heading\">Contr\u00f4le des fronti\u00e8res<\/h3>\n<p>&nbsp;<\/p>\n<p>Tous les candidats \u00e0 un visa d&rsquo;entr\u00e9e \u00e0\u00a0l&rsquo;Union europ\u00e9enne doivent fournir des empreintes digitales, des photos qualifi\u00e9es (OACI) et des documents dans des repr\u00e9sentations \u00e9trang\u00e8res. Aux fronti\u00e8res europ\u00e9ennes de Schengen, le num\u00e9ro de visa et les informations d&#8217;empreintes digitales&#8230;<\/p>\n<p><a title=\"Border Control\" href=\"https:\/\/www.hsbidentification.com\/border-control\/\">Savoir plus&#8230;<\/a><\/p>\n<hr \/>\n<p><img loading=\"lazy\" decoding=\"async\" class=\"alignleft\" src=\"https:\/\/www.hsbidentification.com\/wp-content\/uploads\/2014\/12\/teaser-BCS-EU-VIS.jpg\" alt=\"Border Control System EU-VIS\" width=\"50\" height=\"50\" \/><br \/>\n<a title=\"Border Control System EU-VIS\" href=\"border-control-system-eu-vis\"><strong>Syst\u00e8me de contr\u00f4le des fronti\u00e8res EU-VIS<\/strong><\/a><\/p>\n<hr \/>\n<p><img loading=\"lazy\" decoding=\"async\" class=\"alignleft\" src=\"https:\/\/www.hsbidentification.com\/wp-content\/uploads\/2014\/12\/teaser-asylum-seekers.jpg\" alt=\"Biometric Verification for Asylum Seekers\" width=\"50\" height=\"50\" \/><br \/>\n<a title=\"Biometric Verification for Asylum Seekers\" href=\"biometric-verification-for-asylum-seekers\"><strong>V\u00e9rification biom\u00e9trique pour les demandeurs d&rsquo;asile<\/strong><\/a><\/p>\n<hr \/>\n<\/div>\n<\/div>\n<\/div>\n<div class=\"uk-grid\">\n<div class=\"uk-width-medium-1-2\">\n<div class=\"uk-alert\">\n<p><img loading=\"lazy\" decoding=\"async\" class=\"alignleft size-full wp-image-2142\" src=\"https:\/\/www.hsbidentification.com\/wp-content\/uploads\/2014\/10\/fullscreen_image_4.jpg\" alt=\"HSB solutions\" width=\"549\" height=\"50\" \/><\/p>\n<h3 class=\"uk-alert-heading\">La s\u00e9curit\u00e9 publique<\/h3>\n<p>&nbsp;<\/p>\n<p>La gestion des identit\u00e9s est un \u00e9l\u00e9ment cl\u00e9 de l&rsquo;application de la loi. Une fois qu&rsquo;un d\u00e9linquant est plac\u00e9 en d\u00e9tention, il ne devrait pas y avoir de doute sur la vraie identit\u00e9 de la personne: au poste de police, au tribunal&#8230;<\/p>\n<p><a title=\"Justice &amp; Defense\" href=\"https:\/\/www.hsbidentification.com\/justice-and-defense\/\">Savoir plus&#8230;<\/a><\/p>\n<hr \/>\n<p><img loading=\"lazy\" decoding=\"async\" class=\"alignleft\" src=\"https:\/\/www.hsbidentification.com\/wp-content\/uploads\/2014\/12\/prison-services.jpg\" alt=\"Biometrics in Prison Services\" width=\"50\" height=\"50\" \/><br \/>\n<a title=\"Biometrics in Prison Services\" href=\"biometrics-in-prison-services\"><strong>La biom\u00e9trie dans les services prisonniers<\/strong><\/a><\/p>\n<hr \/>\n<p><img loading=\"lazy\" decoding=\"async\" class=\"alignleft\" src=\"https:\/\/www.hsbidentification.com\/wp-content\/uploads\/2014\/12\/teaser-NG-ABIS.jpg\" alt=\"Multimodal ABIS for special operations\" width=\"50\" height=\"50\" \/><br \/>\n<a title=\"Multimodal ABIS for special operations\" href=\"multimodal-abis-for-special-operations\"><strong>ABIS multimodal pour op\u00e9rations sp\u00e9ciales<\/strong><\/a><\/p>\n<hr \/>\n<p><img loading=\"lazy\" decoding=\"async\" class=\"alignleft\" src=\"https:\/\/www.hsbidentification.com\/wp-content\/uploads\/2014\/12\/teaser-NSS.jpg\" alt=\"Nuclear Security Summit (NSS)\" width=\"50\" height=\"50\" \/><br \/>\n<a title=\"Nuclear Security Summit (NSS) \" href=\"nuclear-security-summit-2014\"><strong>Sommet sur la s\u00e9curit\u00e9 nucl\u00e9aire (NSS)<\/strong><\/a><\/p>\n<hr \/>\n<\/div>\n<\/div>\n<\/div>\n","protected":false},"excerpt":{"rendered":"<p>HSB a prouv\u00e9 son efficacit\u00e9 dans la fourniture de solutions d&rsquo;identit\u00e9 \u00e0 grande \u00e9chelle. Des millions de personnes ont \u00e9t\u00e9 enregistr\u00e9es, identifi\u00e9es et v\u00e9rifi\u00e9es avec notre technologie pour plusieurs clients. Explorez nos r\u00e9f\u00e9rences sur diff\u00e9rents march\u00e9s et d\u00e9couvrez comment nous pouvons vous aider. \u00c9lections &nbsp; Les \u00e9lections sont un atout pr\u00e9cieux pour renforcer les d\u00e9mocraties. [&hellip;]<\/p>\n","protected":false},"author":4,"featured_media":0,"parent":0,"menu_order":0,"comment_status":"closed","ping_status":"closed","template":"","meta":{"_monsterinsights_skip_tracking":false,"_monsterinsights_sitenote_active":false,"_monsterinsights_sitenote_note":"","_monsterinsights_sitenote_category":0,"footnotes":""},"class_list":["post-2127","page","type-page","status-publish","hentry"],"yoast_head":"<!-- This site is optimized with the Yoast SEO plugin v26.7 - https:\/\/yoast.com\/wordpress\/plugins\/seo\/ -->\n<title>Solutions biom\u00e9triques - HSB identification<\/title>\n<meta name=\"description\" content=\"D\u00e9couvrez les solutions biom\u00e9triques de HSB sur les diff\u00e9rents march\u00e9s.\" \/>\n<meta name=\"robots\" content=\"index, follow, max-snippet:-1, max-image-preview:large, max-video-preview:-1\" \/>\n<link rel=\"canonical\" href=\"https:\/\/www.hsbidentification.com\/fr\/nos-solutions\/\" \/>\n<meta property=\"og:locale\" content=\"fr_FR\" \/>\n<meta property=\"og:type\" content=\"article\" \/>\n<meta property=\"og:title\" content=\"Solutions biom\u00e9triques - HSB identification\" \/>\n<meta property=\"og:description\" content=\"D\u00e9couvrez les solutions biom\u00e9triques de HSB sur les diff\u00e9rents march\u00e9s.\" \/>\n<meta property=\"og:url\" content=\"https:\/\/www.hsbidentification.com\/fr\/nos-solutions\/\" \/>\n<meta property=\"og:site_name\" content=\"HSB Identification\" \/>\n<meta property=\"article:modified_time\" content=\"2020-12-24T16:09:13+00:00\" \/>\n<meta property=\"og:image\" content=\"https:\/\/www.hsbidentification.com\/wp-content\/uploads\/2014\/10\/fullscreen_image_3.jpg\" \/>\n<meta name=\"twitter:label1\" content=\"Dur\u00e9e de lecture estim\u00e9e\" \/>\n\t<meta name=\"twitter:data1\" content=\"2 minutes\" \/>\n<script type=\"application\/ld+json\" class=\"yoast-schema-graph\">{\"@context\":\"https:\/\/schema.org\",\"@graph\":[{\"@type\":\"WebPage\",\"@id\":\"https:\/\/www.hsbidentification.com\/fr\/nos-solutions\/\",\"url\":\"https:\/\/www.hsbidentification.com\/fr\/nos-solutions\/\",\"name\":\"Solutions biom\u00e9triques - HSB identification\",\"isPartOf\":{\"@id\":\"https:\/\/www.hsbidentification.com\/#website\"},\"primaryImageOfPage\":{\"@id\":\"https:\/\/www.hsbidentification.com\/fr\/nos-solutions\/#primaryimage\"},\"image\":{\"@id\":\"https:\/\/www.hsbidentification.com\/fr\/nos-solutions\/#primaryimage\"},\"thumbnailUrl\":\"https:\/\/www.hsbidentification.com\/wp-content\/uploads\/2014\/10\/fullscreen_image_3.jpg\",\"datePublished\":\"2012-11-02T07:29:22+00:00\",\"dateModified\":\"2020-12-24T16:09:13+00:00\",\"description\":\"D\u00e9couvrez les solutions biom\u00e9triques de HSB sur les diff\u00e9rents march\u00e9s.\",\"breadcrumb\":{\"@id\":\"https:\/\/www.hsbidentification.com\/fr\/nos-solutions\/#breadcrumb\"},\"inLanguage\":\"fr-FR\",\"potentialAction\":[{\"@type\":\"ReadAction\",\"target\":[\"https:\/\/www.hsbidentification.com\/fr\/nos-solutions\/\"]}]},{\"@type\":\"ImageObject\",\"inLanguage\":\"fr-FR\",\"@id\":\"https:\/\/www.hsbidentification.com\/fr\/nos-solutions\/#primaryimage\",\"url\":\"https:\/\/www.hsbidentification.com\/wp-content\/uploads\/2014\/10\/fullscreen_image_3.jpg\",\"contentUrl\":\"https:\/\/www.hsbidentification.com\/wp-content\/uploads\/2014\/10\/fullscreen_image_3.jpg\"},{\"@type\":\"BreadcrumbList\",\"@id\":\"https:\/\/www.hsbidentification.com\/fr\/nos-solutions\/#breadcrumb\",\"itemListElement\":[{\"@type\":\"ListItem\",\"position\":1,\"name\":\"Home\",\"item\":\"https:\/\/www.hsbidentification.com\/fr\/\"},{\"@type\":\"ListItem\",\"position\":2,\"name\":\"NOS SOLUTIONS\"}]},{\"@type\":\"WebSite\",\"@id\":\"https:\/\/www.hsbidentification.com\/#website\",\"url\":\"https:\/\/www.hsbidentification.com\/\",\"name\":\"HSB Identification\",\"description\":\"Digital Identity Solutions\",\"publisher\":{\"@id\":\"https:\/\/www.hsbidentification.com\/#organization\"},\"potentialAction\":[{\"@type\":\"SearchAction\",\"target\":{\"@type\":\"EntryPoint\",\"urlTemplate\":\"https:\/\/www.hsbidentification.com\/?s={search_term_string}\"},\"query-input\":{\"@type\":\"PropertyValueSpecification\",\"valueRequired\":true,\"valueName\":\"search_term_string\"}}],\"inLanguage\":\"fr-FR\"},{\"@type\":\"Organization\",\"@id\":\"https:\/\/www.hsbidentification.com\/#organization\",\"name\":\"HSB Identification\",\"url\":\"https:\/\/www.hsbidentification.com\/\",\"logo\":{\"@type\":\"ImageObject\",\"inLanguage\":\"fr-FR\",\"@id\":\"https:\/\/www.hsbidentification.com\/#\/schema\/logo\/image\/\",\"url\":\"https:\/\/www.hsbidentification.com\/wp-content\/uploads\/2024\/05\/logo-HSB-2000x1000-1.png\",\"contentUrl\":\"https:\/\/www.hsbidentification.com\/wp-content\/uploads\/2024\/05\/logo-HSB-2000x1000-1.png\",\"width\":3926,\"height\":2135,\"caption\":\"HSB Identification\"},\"image\":{\"@id\":\"https:\/\/www.hsbidentification.com\/#\/schema\/logo\/image\/\"},\"sameAs\":[\"https:\/\/www.linkedin.com\/company\/hsb-identification\"]}]}<\/script>\n<!-- \/ Yoast SEO plugin. -->","yoast_head_json":{"title":"Solutions biom\u00e9triques - HSB identification","description":"D\u00e9couvrez les solutions biom\u00e9triques de HSB sur les diff\u00e9rents march\u00e9s.","robots":{"index":"index","follow":"follow","max-snippet":"max-snippet:-1","max-image-preview":"max-image-preview:large","max-video-preview":"max-video-preview:-1"},"canonical":"https:\/\/www.hsbidentification.com\/fr\/nos-solutions\/","og_locale":"fr_FR","og_type":"article","og_title":"Solutions biom\u00e9triques - HSB identification","og_description":"D\u00e9couvrez les solutions biom\u00e9triques de HSB sur les diff\u00e9rents march\u00e9s.","og_url":"https:\/\/www.hsbidentification.com\/fr\/nos-solutions\/","og_site_name":"HSB Identification","article_modified_time":"2020-12-24T16:09:13+00:00","og_image":[{"url":"https:\/\/www.hsbidentification.com\/wp-content\/uploads\/2014\/10\/fullscreen_image_3.jpg","type":"","width":"","height":""}],"twitter_misc":{"Dur\u00e9e de lecture estim\u00e9e":"2 minutes"},"schema":{"@context":"https:\/\/schema.org","@graph":[{"@type":"WebPage","@id":"https:\/\/www.hsbidentification.com\/fr\/nos-solutions\/","url":"https:\/\/www.hsbidentification.com\/fr\/nos-solutions\/","name":"Solutions biom\u00e9triques - HSB identification","isPartOf":{"@id":"https:\/\/www.hsbidentification.com\/#website"},"primaryImageOfPage":{"@id":"https:\/\/www.hsbidentification.com\/fr\/nos-solutions\/#primaryimage"},"image":{"@id":"https:\/\/www.hsbidentification.com\/fr\/nos-solutions\/#primaryimage"},"thumbnailUrl":"https:\/\/www.hsbidentification.com\/wp-content\/uploads\/2014\/10\/fullscreen_image_3.jpg","datePublished":"2012-11-02T07:29:22+00:00","dateModified":"2020-12-24T16:09:13+00:00","description":"D\u00e9couvrez les solutions biom\u00e9triques de HSB sur les diff\u00e9rents march\u00e9s.","breadcrumb":{"@id":"https:\/\/www.hsbidentification.com\/fr\/nos-solutions\/#breadcrumb"},"inLanguage":"fr-FR","potentialAction":[{"@type":"ReadAction","target":["https:\/\/www.hsbidentification.com\/fr\/nos-solutions\/"]}]},{"@type":"ImageObject","inLanguage":"fr-FR","@id":"https:\/\/www.hsbidentification.com\/fr\/nos-solutions\/#primaryimage","url":"https:\/\/www.hsbidentification.com\/wp-content\/uploads\/2014\/10\/fullscreen_image_3.jpg","contentUrl":"https:\/\/www.hsbidentification.com\/wp-content\/uploads\/2014\/10\/fullscreen_image_3.jpg"},{"@type":"BreadcrumbList","@id":"https:\/\/www.hsbidentification.com\/fr\/nos-solutions\/#breadcrumb","itemListElement":[{"@type":"ListItem","position":1,"name":"Home","item":"https:\/\/www.hsbidentification.com\/fr\/"},{"@type":"ListItem","position":2,"name":"NOS SOLUTIONS"}]},{"@type":"WebSite","@id":"https:\/\/www.hsbidentification.com\/#website","url":"https:\/\/www.hsbidentification.com\/","name":"HSB Identification","description":"Digital Identity Solutions","publisher":{"@id":"https:\/\/www.hsbidentification.com\/#organization"},"potentialAction":[{"@type":"SearchAction","target":{"@type":"EntryPoint","urlTemplate":"https:\/\/www.hsbidentification.com\/?s={search_term_string}"},"query-input":{"@type":"PropertyValueSpecification","valueRequired":true,"valueName":"search_term_string"}}],"inLanguage":"fr-FR"},{"@type":"Organization","@id":"https:\/\/www.hsbidentification.com\/#organization","name":"HSB Identification","url":"https:\/\/www.hsbidentification.com\/","logo":{"@type":"ImageObject","inLanguage":"fr-FR","@id":"https:\/\/www.hsbidentification.com\/#\/schema\/logo\/image\/","url":"https:\/\/www.hsbidentification.com\/wp-content\/uploads\/2024\/05\/logo-HSB-2000x1000-1.png","contentUrl":"https:\/\/www.hsbidentification.com\/wp-content\/uploads\/2024\/05\/logo-HSB-2000x1000-1.png","width":3926,"height":2135,"caption":"HSB Identification"},"image":{"@id":"https:\/\/www.hsbidentification.com\/#\/schema\/logo\/image\/"},"sameAs":["https:\/\/www.linkedin.com\/company\/hsb-identification"]}]}},"_links":{"self":[{"href":"https:\/\/www.hsbidentification.com\/fr\/wp-json\/wp\/v2\/pages\/2127","targetHints":{"allow":["GET"]}}],"collection":[{"href":"https:\/\/www.hsbidentification.com\/fr\/wp-json\/wp\/v2\/pages"}],"about":[{"href":"https:\/\/www.hsbidentification.com\/fr\/wp-json\/wp\/v2\/types\/page"}],"author":[{"embeddable":true,"href":"https:\/\/www.hsbidentification.com\/fr\/wp-json\/wp\/v2\/users\/4"}],"replies":[{"embeddable":true,"href":"https:\/\/www.hsbidentification.com\/fr\/wp-json\/wp\/v2\/comments?post=2127"}],"version-history":[{"count":11,"href":"https:\/\/www.hsbidentification.com\/fr\/wp-json\/wp\/v2\/pages\/2127\/revisions"}],"predecessor-version":[{"id":2919,"href":"https:\/\/www.hsbidentification.com\/fr\/wp-json\/wp\/v2\/pages\/2127\/revisions\/2919"}],"wp:attachment":[{"href":"https:\/\/www.hsbidentification.com\/fr\/wp-json\/wp\/v2\/media?parent=2127"}],"curies":[{"name":"wp","href":"https:\/\/api.w.org\/{rel}","templated":true}]}}